{"id":32737,"date":"2023-02-24T08:42:53","date_gmt":"2023-02-24T07:42:53","guid":{"rendered":"https:\/\/www.raschvin.com\/produkt\/le-pere-jules-cidre-de-normandie-brut-75-cl-5\/"},"modified":"2023-02-24T08:42:53","modified_gmt":"2023-02-24T07:42:53","slug":"le-pere-jules-cidre-de-normandie-brut-75-cl-5","status":"publish","type":"product","link":"https:\/\/www.raschvin.com\/sv\/produkt\/le-pere-jules-cidre-de-normandie-brut-75-cl-5\/","title":{"rendered":"Le Pere Jules &#8211; Cidre de Normandie Brut 75 cl. 5%"},"content":{"rendered":"<p>Le Pere Jules \u00e4r mest k\u00e4nd f\u00f6r sina vackra Calvados, men odlingarna i Pays d&#8217;Auge \u00e4r ocks\u00e5 ursprunget till den torra \u00e4ppelcidern, Cidre de Normandie. 20 olika \u00e4ppelsorter ing\u00e5r i blandningen f\u00f6r att hitta den optimala balansen mellan s\u00f6tma, syra och torrsubstans. Den fina moussen utvecklas genom en sekund\u00e4r j\u00e4sning p\u00e5 flaska \u2013 n\u00e4stan som Champagne.<\/p>\n<p>F\u00e4rg: Vackert gyllene.<br \/>\nDoft: Livlig doft av apelsiner, mogna \u00e4pplen, j\u00e4st och rostade n\u00f6tter.<br \/>\nSmaknoter: Medel fyllig, perfekt balans mellan s\u00f6tma och syra och vackra toner av \u00e4pplen och citrus.<\/p>\n<p>Serveringsf\u00f6rslag: Njut av kyld, t ex som ett alternativ till champagne.<\/p>\n<p>\u00c5ret \u00e4r 1919 och Jules Desfrieches, precis hemkommen fr\u00e5n f\u00f6rsta v\u00e4rldskriget, b\u00f6rjar producera och s\u00e4lja cider f\u00f6r f\u00f6rsta g\u00e5ngen. 1923 destillerade han sin f\u00f6rsta Calvados. 1949 tog sonen, L\u00e9on Desfrieches, \u00f6ver verksamheten och d\u00f6pte den till Le P\u00e8re Jules. L\u00e9ons son, Thierry, deltog i familjef\u00f6retaget 1976. Guillaume, Thierrys son, 2002. \u00c4n idag sk\u00f6ter Guillaume produktionen och Le P\u00e9re Jules arbetar bara med \u00e4pplen och p\u00e4ron fr\u00e5n sin egen frukttr\u00e4dg\u00e5rd. Tomten t\u00e4cker en yta p\u00e5 100 hektar och knappt h\u00e4lften av ytan \u00e4r planterad med \u00e4ppeltr\u00e4d, medan en tiondel \u00e4r planterad med p\u00e4rontr\u00e4d. De f\u00f6ljer ekologiska principer och l\u00e5ter till exempel sina 100 kor g\u00e5 fritt p\u00e5 marken och naturligt g\u00f6dsla plantagen ist\u00e4llet f\u00f6r att anv\u00e4nda konstg\u00f6dsel<\/p>\n","protected":false},"excerpt":{"rendered":"<p>Le Pere Jules &#8211; France<\/p>\n","protected":false},"featured_media":32788,"template":"","meta":{"_acf_changed":false,"rs_blank_template":"","rs_page_bg_color":"","slide_template_v7":""},"product_brand":[],"product_cat":[4782],"product_tag":[],"class_list":{"0":"post-32737","1":"product","2":"type-product","3":"status-publish","4":"has-post-thumbnail","6":"product_cat-cider-sv","7":"pa_land-frankrike","8":"pa_procent-5-sv","9":"pa_producent-le-pere-jules-sv","10":"pa_region-normandie-sv","11":"pa_volume-75-sv","13":"first","14":"instock","15":"taxable","16":"shipping-taxable","17":"purchasable","18":"product-type-simple"},"bundled_by":[],"bundle_stock_status":"instock","bundle_stock_quantity":null,"bundle_virtual":false,"bundle_layout":"","bundle_add_to_cart_form_location":"","bundle_editable_in_cart":false,"bundle_sold_individually_context":"","bundle_item_grouping":"","bundle_min_size":"","bundle_max_size":"","bundle_price":[],"bundled_items":[],"bundle_sell_ids":[],"acf":[],"_links":{"self":[{"href":"https:\/\/www.raschvin.com\/sv\/wp-json\/wp\/v2\/product\/32737","targetHints":{"allow":["GET"]}}],"collection":[{"href":"https:\/\/www.raschvin.com\/sv\/wp-json\/wp\/v2\/product"}],"about":[{"href":"https:\/\/www.raschvin.com\/sv\/wp-json\/wp\/v2\/types\/product"}],"wp:featuredmedia":[{"embeddable":true,"href":"https:\/\/www.raschvin.com\/sv\/wp-json\/wp\/v2\/media\/32788"}],"wp:attachment":[{"href":"https:\/\/www.raschvin.com\/sv\/wp-json\/wp\/v2\/media?parent=32737"}],"wp:term":[{"taxonomy":"product_brand","embeddable":true,"href":"https:\/\/www.raschvin.com\/sv\/wp-json\/wp\/v2\/product_brand?post=32737"},{"taxonomy":"product_cat","embeddable":true,"href":"https:\/\/www.raschvin.com\/sv\/wp-json\/wp\/v2\/product_cat?post=32737"},{"taxonomy":"product_tag","embeddable":true,"href":"https:\/\/www.raschvin.com\/sv\/wp-json\/wp\/v2\/product_tag?post=32737"}],"curies":[{"name":"wp","href":"https:\/\/api.w.org\/{rel}","templated":true}]}}