{"id":32681,"date":"2023-02-21T10:01:20","date_gmt":"2023-02-21T09:01:20","guid":{"rendered":"https:\/\/www.raschvin.com\/produkt\/tabu-classic-absinth-70-cl-55\/"},"modified":"2023-02-21T10:01:20","modified_gmt":"2023-02-21T09:01:20","slug":"tabu-classic-absinth-70-cl-55","status":"publish","type":"product","link":"https:\/\/www.raschvin.com\/sv\/produkt\/tabu-classic-absinth-70-cl-55\/","title":{"rendered":"Tabu Classic Absinth 70 cl. 55%"},"content":{"rendered":"<p>Den vackra neongr\u00f6na f\u00e4rgen p\u00e5 absint kommer att f\u00e5nga uppm\u00e4rksamheten hos var och en av oss. Doften str\u00e4cker ut tonerna av n\u00e4stan alla galna kryddor, men med ett ord kan den bara beskrivas som svarta gel\u00e9b\u00f6nor. Smaken \u00e4r ganska ovanlig, men fans av absint kommer definitivt att komma till sina sinnen &#8211; det dominerande \u00e4r ett fint sugr\u00f6r med lite vitpeppar.<\/p>\n<p>Visuellt: Vacker peridotgr\u00f6n.<br \/>\nN\u00e4sa: Delikat och fr\u00e4sch anis och naturlig lakritsdoft.<br \/>\nSmak: Stark och s\u00f6t med intensiv lakrits och bittra \u00f6rttoner.<br \/>\nFinish: L\u00e5ng och kvardr\u00f6jande med en halvs\u00f6t men n\u00e5got torr finish.<br \/>\n\u00d6verlag: En ganska stark absint som har m\u00e5nga traditionella egenskaper. Rekommenderas definitivt f\u00f6r anv\u00e4ndning i cocktails.<\/p>\n","protected":false},"excerpt":{"rendered":"<p>German Absinthe<\/p>\n","protected":false},"featured_media":32752,"template":"","meta":{"_acf_changed":false,"rs_blank_template":"","rs_page_bg_color":"","slide_template_v7":""},"product_brand":[],"product_cat":[2402,2403],"product_tag":[],"class_list":{"0":"post-32681","1":"product","2":"type-product","3":"status-publish","4":"has-post-thumbnail","6":"product_cat-sprit-sv","7":"product_cat-absinthe-sv","8":"pa_land-tyskland-sv","9":"pa_procent-55-sv","10":"pa_volume-70-sv-2","12":"first","13":"instock","14":"sale","15":"taxable","16":"shipping-taxable","17":"purchasable","18":"product-type-simple"},"bundled_by":[],"bundle_stock_status":"instock","bundle_stock_quantity":null,"bundle_virtual":false,"bundle_layout":"","bundle_add_to_cart_form_location":"","bundle_editable_in_cart":false,"bundle_sold_individually_context":"","bundle_item_grouping":"","bundle_min_size":"","bundle_max_size":"","bundle_price":[],"bundled_items":[],"bundle_sell_ids":[],"acf":[],"_links":{"self":[{"href":"https:\/\/www.raschvin.com\/sv\/wp-json\/wp\/v2\/product\/32681","targetHints":{"allow":["GET"]}}],"collection":[{"href":"https:\/\/www.raschvin.com\/sv\/wp-json\/wp\/v2\/product"}],"about":[{"href":"https:\/\/www.raschvin.com\/sv\/wp-json\/wp\/v2\/types\/product"}],"wp:featuredmedia":[{"embeddable":true,"href":"https:\/\/www.raschvin.com\/sv\/wp-json\/wp\/v2\/media\/32752"}],"wp:attachment":[{"href":"https:\/\/www.raschvin.com\/sv\/wp-json\/wp\/v2\/media?parent=32681"}],"wp:term":[{"taxonomy":"product_brand","embeddable":true,"href":"https:\/\/www.raschvin.com\/sv\/wp-json\/wp\/v2\/product_brand?post=32681"},{"taxonomy":"product_cat","embeddable":true,"href":"https:\/\/www.raschvin.com\/sv\/wp-json\/wp\/v2\/product_cat?post=32681"},{"taxonomy":"product_tag","embeddable":true,"href":"https:\/\/www.raschvin.com\/sv\/wp-json\/wp\/v2\/product_tag?post=32681"}],"curies":[{"name":"wp","href":"https:\/\/api.w.org\/{rel}","templated":true}]}}