{"id":32546,"date":"2023-02-21T00:58:01","date_gmt":"2023-02-20T23:58:01","guid":{"rendered":"https:\/\/www.raschvin.com\/produkt\/volbeat-seal-the-deal-rum-70-cl-40\/"},"modified":"2023-02-21T00:58:01","modified_gmt":"2023-02-20T23:58:01","slug":"volbeat-seal-the-deal-rum-70-cl-40","status":"publish","type":"product","link":"https:\/\/www.raschvin.com\/sv\/produkt\/volbeat-seal-the-deal-rum-70-cl-40\/","title":{"rendered":"Volbeat Seal The Deal Rum 70 cl. 40%"},"content":{"rendered":"<p>Underbar gyllene rom med en superlen och fantastiskt l\u00e4cker eftersmak med toner av vanilj, apelsin, lakrits och kola.<\/p>\n<p>Danska Volbeats rom Seal The Deal har en l\u00e4ttare profil \u00e4n bandets tidigare rom (Rum, Rum II, III och Special Edition). En rom som kan avnjutas precis som den \u00e4r i sig, men som samtidigt ocks\u00e5 kan f\u00e5 din favoritcocktail att sjunga riktigt.<\/p>\n<p>Blandad fr\u00e5n noggrant utvald karibisk rom, fr\u00e4mst med ursprung fr\u00e5n de klassiska romregionerna i Dominikanska republiken, Trinidad och Tobago. Romen \u00e4r en blandning av olagrad kolonndestillerad rom och rom lagrad i 3-5 \u00e5rs rom. Sedan lagrat p\u00e5 uts\u00f6kta fat som tidigare anv\u00e4nts till bourbon.<\/p>\n<p>Om Volbeat Rome<br \/>\nDet \u00e4r inte m\u00e5nga danskar som inte k\u00e4nner till Volbeats h\u00e5rtsl\u00e5ende \u00f6ronh\u00e4ngare. M\u00e5nga danskar har ocks\u00e5 f\u00e5tt upp \u00f6gonen f\u00f6r bandets olika rom. Kvalitetsrum till ett riktigt rimligt pris. S\u00e5ngaren Michael Poulsen s\u00e4ger det sj\u00e4lv: &#8221;Det som \u00e4r bra med rom \u00e4r att det inte alltid handlar om priset. Du kan enkelt g\u00f6ra en kvalitetsprodukt till ett rimligt pris. Allt handlar om processen och hur du blandar den.\u201d<\/p>\n","protected":false},"excerpt":{"rendered":"<p>Caribbean Blended Golden Rum<\/p>\n","protected":false},"featured_media":32661,"template":"","meta":{"_acf_changed":false,"rs_blank_template":"","rs_page_bg_color":"","slide_template_v7":""},"product_brand":[],"product_cat":[2387,6188,2391],"product_tag":[],"class_list":{"0":"post-32546","1":"product","2":"type-product","3":"status-publish","4":"has-post-thumbnail","6":"product_cat-avec-sv","7":"product_cat-gold-sv","8":"product_cat-rom-sv","9":"pa_procent-40-sv-2","10":"pa_producent-volbeat-sv","11":"pa_volume-70-sv-2","13":"first","14":"outofstock","15":"taxable","16":"shipping-taxable","17":"purchasable","18":"product-type-simple"},"bundled_by":[],"bundle_stock_status":"outofstock","bundle_stock_quantity":null,"bundle_virtual":false,"bundle_layout":"","bundle_add_to_cart_form_location":"","bundle_editable_in_cart":false,"bundle_sold_individually_context":"","bundle_item_grouping":"","bundle_min_size":"","bundle_max_size":"","bundle_price":[],"bundled_items":[],"bundle_sell_ids":[],"acf":[],"_links":{"self":[{"href":"https:\/\/www.raschvin.com\/sv\/wp-json\/wp\/v2\/product\/32546","targetHints":{"allow":["GET"]}}],"collection":[{"href":"https:\/\/www.raschvin.com\/sv\/wp-json\/wp\/v2\/product"}],"about":[{"href":"https:\/\/www.raschvin.com\/sv\/wp-json\/wp\/v2\/types\/product"}],"wp:featuredmedia":[{"embeddable":true,"href":"https:\/\/www.raschvin.com\/sv\/wp-json\/wp\/v2\/media\/32661"}],"wp:attachment":[{"href":"https:\/\/www.raschvin.com\/sv\/wp-json\/wp\/v2\/media?parent=32546"}],"wp:term":[{"taxonomy":"product_brand","embeddable":true,"href":"https:\/\/www.raschvin.com\/sv\/wp-json\/wp\/v2\/product_brand?post=32546"},{"taxonomy":"product_cat","embeddable":true,"href":"https:\/\/www.raschvin.com\/sv\/wp-json\/wp\/v2\/product_cat?post=32546"},{"taxonomy":"product_tag","embeddable":true,"href":"https:\/\/www.raschvin.com\/sv\/wp-json\/wp\/v2\/product_tag?post=32546"}],"curies":[{"name":"wp","href":"https:\/\/api.w.org\/{rel}","templated":true}]}}