{"id":32529,"date":"2024-05-01T09:38:05","date_gmt":"2024-05-01T07:38:05","guid":{"rendered":"https:\/\/www.raschvin.com\/produkt\/flowstone-snuffbox-gin-70-cl-43\/"},"modified":"2023-02-21T00:14:05","modified_gmt":"2023-02-20T23:14:05","slug":"flowstone-snuffbox-gin-70-cl-43","status":"publish","type":"product","link":"https:\/\/www.raschvin.com\/sv\/produkt\/flowstone-snuffbox-gin-70-cl-43\/","title":{"rendered":"Flowstone Snuffbox Gin 70 cl. 43%"},"content":{"rendered":"<p>Snuffbox har en komplex och n\u00e4stan f\u00f6rf\u00f6risk doft som tr\u00e4ffar toner som kakao, dessertvin och br\u00e4nd kola, sammanfl\u00e4tad med v\u00e4rmande, fruktiga inslag av torkad apelsin.<\/p>\n<p>Ett helt unikt tr\u00e4d, som f\u00e5tt sitt namn fr\u00e5n en liten m\u00f6rk frukt, som f\u00f6rr i tiden urholkades och anv\u00e4ndes f\u00f6r att g\u00f6mma snus i. D\u00e4rav namnet Snuffbox. Tr\u00e4det v\u00e4xer precis utanf\u00f6r destilleriet \u2013 bara fyra meter bort. Frukten j\u00e4ser inuti det lilla skalet och s\u00e4kerst\u00e4ller en mycket speciell smak. Det \u00e4r gin som knappast liknar n\u00e5gon gin du smakat f\u00f6rut.<\/p>\n<p>GULD<br \/>\nMichelangelo International Wine and Spirits<br \/>\nSydafrikas st\u00f6rsta och mest prestigefyllda vin- och spritpriser<br \/>\nBRONS<br \/>\nInternationellt vin och sprit<br \/>\nInternationell vin- och spritt\u00e4vling 2020<br \/>\n\u201dSmakerna stiger med maltig v\u00e4rme, gr\u00e4dde och ett riv av muskotn\u00f6t. Den h\u00e4r ginen \u00e4r en sl\u00e4tpratare.\u201d<\/p>\n<p>Om Flowstone Distillery<br \/>\nSouth African Flowstone Distillery \u00e4r hemma i m\u00e4nsklighetens vagga. Ganska bokstavligt. H\u00e4r p\u00e5 toppen av Afrika tror man att m\u00e4nniskosl\u00e4ktet har sitt ursprung och h\u00e4rifr\u00e5n spridit sig till resten av v\u00e4rlden. M\u00e5nga, m\u00e5nga, m\u00e5nga \u00e5r senare f\u00f6ddes Flowstone Gin. Id\u00e9n uppstod \u00f6ver en gin med vildgurka. Namnet Flowstone kommer fr\u00e5n klippformationerna som hj\u00e4lper till att definiera omr\u00e5det, medan smakerna \u00e4r det breda utbudet av lokala, inhemska v\u00e4xter fr\u00e5n bushen. De \u00e4r smaken av den sydafrikanska vildmarken.<\/p>\n","protected":false},"excerpt":{"rendered":"<p>Flowstone Distillery South Africa \u2013 Wild African Botanicals<\/p>\n","protected":false},"featured_media":32580,"template":"","meta":{"_acf_changed":false,"rs_blank_template":"","rs_page_bg_color":"","slide_template_v7":""},"product_brand":[],"product_cat":[4711,2402,2404],"product_tag":[],"class_list":{"0":"post-32529","1":"product","2":"type-product","3":"status-publish","4":"has-post-thumbnail","6":"product_cat-andra-gins","7":"product_cat-sprit-sv","8":"product_cat-gin-sv","9":"pa_land-sydafrika-sv","10":"pa_procent-43-sv","11":"pa_producent-flowstone-distillery-sv","12":"pa_volume-70-sv-2","14":"first","15":"instock","16":"sale","17":"taxable","18":"shipping-taxable","19":"purchasable","20":"product-type-simple"},"bundled_by":[],"bundle_stock_status":"instock","bundle_stock_quantity":null,"bundle_virtual":false,"bundle_layout":"","bundle_add_to_cart_form_location":"","bundle_editable_in_cart":false,"bundle_sold_individually_context":"","bundle_item_grouping":"","bundle_min_size":"","bundle_max_size":"","bundle_price":[],"bundled_items":[],"bundle_sell_ids":[],"acf":[],"_links":{"self":[{"href":"https:\/\/www.raschvin.com\/sv\/wp-json\/wp\/v2\/product\/32529","targetHints":{"allow":["GET"]}}],"collection":[{"href":"https:\/\/www.raschvin.com\/sv\/wp-json\/wp\/v2\/product"}],"about":[{"href":"https:\/\/www.raschvin.com\/sv\/wp-json\/wp\/v2\/types\/product"}],"wp:featuredmedia":[{"embeddable":true,"href":"https:\/\/www.raschvin.com\/sv\/wp-json\/wp\/v2\/media\/32580"}],"wp:attachment":[{"href":"https:\/\/www.raschvin.com\/sv\/wp-json\/wp\/v2\/media?parent=32529"}],"wp:term":[{"taxonomy":"product_brand","embeddable":true,"href":"https:\/\/www.raschvin.com\/sv\/wp-json\/wp\/v2\/product_brand?post=32529"},{"taxonomy":"product_cat","embeddable":true,"href":"https:\/\/www.raschvin.com\/sv\/wp-json\/wp\/v2\/product_cat?post=32529"},{"taxonomy":"product_tag","embeddable":true,"href":"https:\/\/www.raschvin.com\/sv\/wp-json\/wp\/v2\/product_tag?post=32529"}],"curies":[{"name":"wp","href":"https:\/\/api.w.org\/{rel}","templated":true}]}}