{"id":32518,"date":"2023-02-20T23:28:43","date_gmt":"2023-02-20T22:28:43","guid":{"rendered":"https:\/\/www.raschvin.com\/produkt\/spearhead-70-cl-43\/"},"modified":"2023-02-20T23:28:43","modified_gmt":"2023-02-20T22:28:43","slug":"spearhead-70-cl-43","status":"publish","type":"product","link":"https:\/\/www.raschvin.com\/sv\/produkt\/spearhead-70-cl-43\/","title":{"rendered":"Spearhead 70 cl. 43%"},"content":{"rendered":"<p>Spearhead Single Grain Whisky \u00e4r tillverkad av 100% maltet byg. Den destilleres p\u00e5 en Coffey-still, och m\u00e5 av samma orsak inte kallas en maltwhisky. Whiskyen \u00e4r lagrad p\u00e5 ex-bourbonfade, och avslutas 6 m\u00e5nader p\u00e5 fade som \u00e4r ristet med infrar\u00f6d v\u00e4rme. Tillsammans ger det en helt unik upplevelse.<\/p>\n<p>Farve: Gylden.<br \/>\nDuft: Blomstret, med solb\u00e6r og bromb\u00e6r, vanilje, karamel och m\u00f6rk chokolade.<br \/>\nSmagsnoter: Fl\u00f8jlsbl\u00f8d med noter af r\u00f8de \u00e6bler och lime, vaniljekaramel och lyst r\u00f8rsukker. Finishen \u00e4r l\u00e5ng, mjuk och s\u00f6t med smeltet brun socker.<\/p>\n<p>Serveringsforslag: B\u00f6r njuta av hyra eller i din favorit whiskycocktail.<\/p>\n","protected":false},"excerpt":{"rendered":"<p>Single Grain Scotch Whisky<\/p>\n","protected":false},"featured_media":32673,"template":"","meta":{"_acf_changed":false,"rs_blank_template":"","rs_page_bg_color":"","slide_template_v7":""},"product_brand":[],"product_cat":[2387,4660,2392],"product_tag":[],"class_list":{"0":"post-32518","1":"product","2":"type-product","3":"status-publish","4":"has-post-thumbnail","6":"product_cat-avec-sv","7":"product_cat-grain-sv","8":"product_cat-whisky-sv","9":"pa_land-skottland","10":"pa_procent-43-sv","11":"pa_producent-loch-lomond-distillery-co-ltd-sv","12":"pa_region-highland-sv","13":"pa_volume-70-sv-2","15":"first","16":"instock","17":"sale","18":"taxable","19":"shipping-taxable","20":"purchasable","21":"product-type-simple"},"bundled_by":[],"bundle_stock_status":"instock","bundle_stock_quantity":null,"bundle_virtual":false,"bundle_layout":"","bundle_add_to_cart_form_location":"","bundle_editable_in_cart":false,"bundle_sold_individually_context":"","bundle_item_grouping":"","bundle_min_size":"","bundle_max_size":"","bundle_price":[],"bundled_items":[],"bundle_sell_ids":[],"acf":[],"_links":{"self":[{"href":"https:\/\/www.raschvin.com\/sv\/wp-json\/wp\/v2\/product\/32518","targetHints":{"allow":["GET"]}}],"collection":[{"href":"https:\/\/www.raschvin.com\/sv\/wp-json\/wp\/v2\/product"}],"about":[{"href":"https:\/\/www.raschvin.com\/sv\/wp-json\/wp\/v2\/types\/product"}],"wp:featuredmedia":[{"embeddable":true,"href":"https:\/\/www.raschvin.com\/sv\/wp-json\/wp\/v2\/media\/32673"}],"wp:attachment":[{"href":"https:\/\/www.raschvin.com\/sv\/wp-json\/wp\/v2\/media?parent=32518"}],"wp:term":[{"taxonomy":"product_brand","embeddable":true,"href":"https:\/\/www.raschvin.com\/sv\/wp-json\/wp\/v2\/product_brand?post=32518"},{"taxonomy":"product_cat","embeddable":true,"href":"https:\/\/www.raschvin.com\/sv\/wp-json\/wp\/v2\/product_cat?post=32518"},{"taxonomy":"product_tag","embeddable":true,"href":"https:\/\/www.raschvin.com\/sv\/wp-json\/wp\/v2\/product_tag?post=32518"}],"curies":[{"name":"wp","href":"https:\/\/api.w.org\/{rel}","templated":true}]}}