{"id":32501,"date":"2023-02-20T21:57:25","date_gmt":"2023-02-20T20:57:25","guid":{"rendered":"https:\/\/www.raschvin.com\/produkt\/borges-porto-10-years-soalheira-old-tawny-decanter-75-cl-195\/"},"modified":"2023-02-20T21:57:25","modified_gmt":"2023-02-20T20:57:25","slug":"borges-porto-10-years-soalheira-old-tawny-decanter-75-cl-195","status":"publish","type":"product","link":"https:\/\/www.raschvin.com\/sv\/produkt\/borges-porto-10-years-soalheira-old-tawny-decanter-75-cl-195\/","title":{"rendered":"Borges Porto &#8211; 10 Years Soalheira Old Tawny Decanter 75 cl. 19,5%"},"content":{"rendered":"<p>Filosofi Fr\u00e4sch och rik profil, med toner av komplexitet som h\u00e4rr\u00f6r fr\u00e5n dess \u00e5lder. Blandningen inneh\u00e5ller i genomsnitt 10 \u00e5r gamla viner<\/p>\n<p>Druvorna, som m\u00e5ste anl\u00e4nda till k\u00e4llaren under perfekta f\u00f6rh\u00e5llanden, krossas omedelbart och avskalas sedan. De j\u00e4ser i 3 till 4 dagar, med skalet, och neds\u00e4nks regelbundet genom att montera om f\u00f6r att f\u00e5 mer f\u00e4rg och aromer. Skalen separeras sedan fr\u00e5n musten och en druvbrandy med 77% v\/v tills\u00e4tts f\u00f6r att f\u00e5 ett vin med 20% alkohol och 90 till 110 g\/l av druvans eget reducerande socker. Vinet \u00e5ldras i sm\u00e5 tunnor och tr\u00e4fat (fat och fat).<\/p>\n<p>Utseende p\u00e5 smakanteckningar:<\/p>\n<p>Ljus blond. Arom: Intensiva aromer av stuvad frukt, sylt och de typiska aromerna av \u00e5ldring i tr\u00e4 (som honung) framh\u00e4vs. Smak: Mjuk, med honungs- och sylttoner och en s\u00f6t ih\u00e5llande finish. Sorter Borges Soalheira Old Tawny 10 Years \u00e4r gjord av Touriga-Franca, Touriga-Nacional, Tinta-Barroca, Tinto-C\u00e3o och Tinta-Roriz.<\/p>\n<p>Servering:<\/p>\n<p>Rekommenderad serveringstemperatur: 14 till 16 \u00b0C.<br \/>\nServeringsf\u00f6rslag: Utm\u00e4rkt som aperitif. Perfekt med traditionella portugisiska s\u00f6tsaker gjorda av \u00e4gg eller torra frukter, torkade ostar och foie gras. Till m\u00e5ltider, v\u00e4l ihop med fet fisk.<\/p>\n","protected":false},"excerpt":{"rendered":"<p>Douro Valley Portwine &#8211; Portugal<\/p>\n","protected":false},"featured_media":32592,"template":"","meta":{"_acf_changed":false,"rs_blank_template":"","rs_page_bg_color":"","slide_template_v7":""},"product_brand":[],"product_cat":[2765,2772,4734],"product_tag":[],"class_list":{"0":"post-32501","1":"product","2":"type-product","3":"status-publish","4":"has-post-thumbnail","6":"product_cat-hedvin-sv","7":"product_cat-hamn","8":"product_cat-aged-tawny-sv","9":"pa_land-portugal-sv","10":"pa_procent-19-5-sv","11":"pa_producent-borges-port-sv","12":"pa_region-douro-sv","13":"pa_serveringstemperatur-14-16-sv","14":"pa_volume-75-sv","16":"first","17":"instock","18":"sale","19":"taxable","20":"shipping-taxable","21":"purchasable","22":"product-type-simple"},"bundled_by":[],"bundle_stock_status":"instock","bundle_stock_quantity":null,"bundle_virtual":false,"bundle_layout":"","bundle_add_to_cart_form_location":"","bundle_editable_in_cart":false,"bundle_sold_individually_context":"","bundle_item_grouping":"","bundle_min_size":"","bundle_max_size":"","bundle_price":[],"bundled_items":[],"bundle_sell_ids":[],"acf":[],"_links":{"self":[{"href":"https:\/\/www.raschvin.com\/sv\/wp-json\/wp\/v2\/product\/32501","targetHints":{"allow":["GET"]}}],"collection":[{"href":"https:\/\/www.raschvin.com\/sv\/wp-json\/wp\/v2\/product"}],"about":[{"href":"https:\/\/www.raschvin.com\/sv\/wp-json\/wp\/v2\/types\/product"}],"wp:featuredmedia":[{"embeddable":true,"href":"https:\/\/www.raschvin.com\/sv\/wp-json\/wp\/v2\/media\/32592"}],"wp:attachment":[{"href":"https:\/\/www.raschvin.com\/sv\/wp-json\/wp\/v2\/media?parent=32501"}],"wp:term":[{"taxonomy":"product_brand","embeddable":true,"href":"https:\/\/www.raschvin.com\/sv\/wp-json\/wp\/v2\/product_brand?post=32501"},{"taxonomy":"product_cat","embeddable":true,"href":"https:\/\/www.raschvin.com\/sv\/wp-json\/wp\/v2\/product_cat?post=32501"},{"taxonomy":"product_tag","embeddable":true,"href":"https:\/\/www.raschvin.com\/sv\/wp-json\/wp\/v2\/product_tag?post=32501"}],"curies":[{"name":"wp","href":"https:\/\/api.w.org\/{rel}","templated":true}]}}