{"id":32496,"date":"2023-02-20T21:43:19","date_gmt":"2023-02-20T20:43:19","guid":{"rendered":"https:\/\/www.raschvin.com\/produkt\/glasgow-1770-limited-edition-release-tokaij-cask-finish-50-cl-553\/"},"modified":"2026-01-30T17:58:57","modified_gmt":"2026-01-30T16:58:57","slug":"glasgow-1770-limited-edition-release-tokaij-cask-finish-50-cl-553","status":"publish","type":"product","link":"https:\/\/www.raschvin.com\/sv\/produkt\/glasgow-1770-limited-edition-release-tokaij-cask-finish-50-cl-553\/","title":{"rendered":"Glasgow 1770 Limited Edition Release &#8211; Tokaij Cask Finish 50 cl. 52%"},"content":{"rendered":"<p>Glasgow 1770 Tokaji Cask Finish \u2013 Mac Y Release \u00e4r ytterst begr\u00e4nsad utgivning p\u00e5 303 flaskor.<\/p>\n<p>Smagsnoter<\/p>\n<p>Rig honning, cremede sm\u00e5kager, abrikoser och krydret egetr\u00e6.<\/p>\n<p>Om Produktet<br \/>\nGlasgow 1770 Tokaji Cask Finish \u2013 Mac Y Release blev destilleret 3. februari 2018, och tappet p\u00e5 flaskan 25. oktober 2022. Denna whisky \u00e4r den finaste symfoni av maltet byg med fantastiskt ren vand fr\u00e5n Loch Katrine, och har fermenterat i over 72 timer inden den destilleries p\u00e5 m\u00f8jsommeligste vis p\u00e5 destilleriets traditionella kopparpotstills hela tre g\u00e5nger.<\/p>\n<p>Whisky med Tokaji-finish \u00e4r ett s\u00e4llsynt syn, och kombinationen av triple-destillered whisky med denna finish p\u00e5 s\u00f6t efterr\u00e4tt resulterar i en helt unik whiskyupplevelse.<\/p>\n<p>Den tredje destillering fjerner de tunge olier fra spiritussen, s\u00e5ledes att kun den fineste och reneste spiritus blir anvendt i skapalsen af denne utroligt lette og bl\u00f8de whisky. Den resulterande nya g\u00f6r spiritus \u00e4r ganska fruktig och lys.<\/p>\n<p>Dern\u00e6st spiritussen p\u00e5 et first fill ex-bourbon fad, inden den til sidst gives en afsluttende finish hvor den \u00f6verf\u00f6rs til en lille barrique t\u00f8nde, der tidigare har indeholdt Tokaji vin.<\/p>\n<p>Tokaji \u00e4r namnet p\u00e5 de vintyper som kommer fr\u00e5n Tokaj-regionen, som \u00e4r delt mellan Ungarn og Slovakiet. Tokaji vine \u00e4r typisk s\u00f8dmefulde, hvilket beror p\u00e5 man i regionen l\u00e6nge har anvendt \u00e6delr\u00e5d i dyrkelsen af vindruer. \u00c6delr\u00e5d \u00e4r en form f\u00f6r gavnlig svampev\u00e6kst, som man bevidst inficerer druerne med. Om detta utf\u00f6rs korrekt \u2013 resulterar det i en vinst som \u00e4r s\u00f6ta men otroligt v\u00e4lbalanserad.<\/p>\n<p>Glasgow 1770 Tokaji Cask Finish \u2013 Mac Y Release \u00e4r icke-chillfiltrerad, med naturlig f\u00e4rg och lagt p\u00e5 flaske med 52 % ABV.<\/p>\n<p>Smagsnoter<br \/>\nEn ytterst let og l\u00e6kker whisky, rig p\u00e5 honning, med noter af cremede shortbread sm\u00e5kager, abrikoser, citrus and krydret eg.<\/p>\n<p>Om Glasgow Distillery<br \/>\nThe Glasgow Distillery Company \u00e4r ganska ungt destilleri der \u2013 som namnet antyder \u2013 har bas i Glasgow. Destilleriet blev grundlagt i 2014, och tog namn efter et af Glasgows ursprungliga destillerier. Det gamle Glasgow Distillery Company blev grundlagt helt tillbaka i 1770, men man m\u00e5ste s\u00e4tta nyckeln om i starten af 1900-tallet. Det nya destilleriet \u00f6ppnades 2014 var det f\u00f6rsta Single Malt Whisky-destilleriet i Glasgow i \u00f6ver ett hundra \u00e5r.<\/p>\n<p>Destilleriet laver en rad olika spritprodukter, b\u00e5de Single Malt Whisky, Blended Whisky, Gin, Rom och Vodka, av dessa bringer Mac Y deras \u201d1770 Single Malt Whisky\u201d-serie, samt deras \u201dMakar Gin\u201d-serie.<\/p>\n<p>Om 1770 Single Malt Whisky<br \/>\n1770 Single Malt Whiskey \u00e4r namngiven efter grundl\u00e6ggelses\u00e5ret f\u00f6r det ursprungliga Glasgow Distillery, och gav den skotske whiskybranche et friskt, nyt, urbant uttryck.<\/p>\n<p>Whiskyen \u00e4r handlavet i destilleriets specialdesignede kobberkedler, och lavas p\u00e5 lokal skotsk bygmalt och vand fr\u00e5n Loch Katrine.<\/p>\n<p>Brandets signaturutgivning \u00e4r:<\/p>\n<p>\u2019The Original\u2019 \u2013 frisk og fruktig<\/p>\n<p>\u2019Peated\u2019 \u2013 dyb och r\u00f8get<\/p>\n<p>\u2019Triple Destillered\u2019 \u2013 Afrundet och sprudlende.<\/p>\n","protected":false},"excerpt":{"rendered":"<p>Single Malt Scotch Whisky<\/p>\n","protected":false},"featured_media":32664,"template":"","meta":{"_acf_changed":false,"rs_blank_template":"","rs_page_bg_color":"","slide_template_v7":""},"product_brand":[],"product_cat":[2387,2392,4651],"product_tag":[],"class_list":{"0":"post-32496","1":"product","2":"type-product","3":"status-publish","4":"has-post-thumbnail","6":"product_cat-avec-sv","7":"product_cat-whisky-sv","8":"product_cat-single-malt-sv","9":"pa_champagne-type-single-cask-sv","10":"pa_land-skottland","11":"pa_procent-52-sv","12":"pa_producent-1770-glasgow-distillery-sv","13":"pa_traefad-tokaij-sv","14":"pa_volume-50-sv","16":"first","17":"instock","18":"taxable","19":"shipping-taxable","20":"purchasable","21":"product-type-simple"},"bundled_by":[],"bundle_stock_status":"instock","bundle_stock_quantity":4,"bundle_virtual":false,"bundle_layout":"","bundle_add_to_cart_form_location":"","bundle_editable_in_cart":false,"bundle_sold_individually_context":"","bundle_item_grouping":"","bundle_min_size":"","bundle_max_size":"","bundle_price":[],"bundled_items":[],"bundle_sell_ids":[],"acf":[],"_links":{"self":[{"href":"https:\/\/www.raschvin.com\/sv\/wp-json\/wp\/v2\/product\/32496","targetHints":{"allow":["GET"]}}],"collection":[{"href":"https:\/\/www.raschvin.com\/sv\/wp-json\/wp\/v2\/product"}],"about":[{"href":"https:\/\/www.raschvin.com\/sv\/wp-json\/wp\/v2\/types\/product"}],"wp:featuredmedia":[{"embeddable":true,"href":"https:\/\/www.raschvin.com\/sv\/wp-json\/wp\/v2\/media\/32664"}],"wp:attachment":[{"href":"https:\/\/www.raschvin.com\/sv\/wp-json\/wp\/v2\/media?parent=32496"}],"wp:term":[{"taxonomy":"product_brand","embeddable":true,"href":"https:\/\/www.raschvin.com\/sv\/wp-json\/wp\/v2\/product_brand?post=32496"},{"taxonomy":"product_cat","embeddable":true,"href":"https:\/\/www.raschvin.com\/sv\/wp-json\/wp\/v2\/product_cat?post=32496"},{"taxonomy":"product_tag","embeddable":true,"href":"https:\/\/www.raschvin.com\/sv\/wp-json\/wp\/v2\/product_tag?post=32496"}],"curies":[{"name":"wp","href":"https:\/\/api.w.org\/{rel}","templated":true}]}}