{"id":32319,"date":"2023-10-28T08:45:43","date_gmt":"2023-10-28T06:45:43","guid":{"rendered":"https:\/\/www.raschvin.com\/produkt\/mortlach-15-years-distillery-labels-gm-70-cl-46\/"},"modified":"2023-10-28T08:53:06","modified_gmt":"2023-10-28T06:53:06","slug":"mortlach-15-years-distillery-labels-gm-70-cl-46","status":"publish","type":"product","link":"https:\/\/www.raschvin.com\/sv\/produkt\/mortlach-15-years-distillery-labels-gm-70-cl-46\/","title":{"rendered":"Mortlach 15 Years G&#038;M Distillery Labels 70 cl. 46%"},"content":{"rendered":"<p>Gordon &#038; MacPhail Distillery Labels Mortlach 15 Years Old \u00e4r en skotsk single malt whisky fr\u00e5n ett av Speysides mest popul\u00e4ra destillerier. Stilen p\u00e5 Mortlach \u00e4r fyllig och fruktig, och denna buteljering fr\u00e5n Gordon &#038; MacPhail d\u00f6ljer inte de stora fruktnoterna. Serien &#8221;Distillery Labels&#8221; hyllar buteljerarens l\u00e5nga samarbete med destilleriet och speciellt i det h\u00e4r fallet f\u00f6rst\u00e5r vi att relationerna \u00e4r goda! G&#038;M har levererat n\u00e5gra av de mest legendariska Mortlach-tappningarna genom \u00e5ren.<\/p>\n<p>F\u00e4rg: Gyllene<br \/>\nDoft: Frisk och maltig doft med en elegant sherrytouch; kola, s\u00f6t lakrits och apelsinmarmelad.<br \/>\nSmaknoter: Mjuk men rik smak av choklad, k\u00f6rsb\u00e4r och svartvinb\u00e4rssylt. Kr\u00e4miga vaniljtoner flyttar in i den maltiga och citrusiga finishen.<\/p>\n<p>Serveringsf\u00f6rslag: B\u00f6r avnjutas snyggt.<\/p>\n<p>Gordon &#038; MacPhail \u00e4r f\u00f6r den \u00e4dla singelmalten vad Lennon &#038; McCartney \u00e4r f\u00f6r popmusik. I mer \u00e4n 100 \u00e5r har de insisterat p\u00e5 att hoppa \u00f6ver det h\u00f6gsta staketet. Den ned\u00e4rvda k\u00e4nslan av att v\u00e4lja ut de absolut b\u00e4sta faten fr\u00e5n ett brett utbud av destillerier ut\u00f6vas idag som f\u00f6r 100 \u00e5r sedan. N\u00e4r r\u00e4tten \u00e4r utvald transporteras den till G&#038;M:s lager i Elgin. H\u00e4r sk\u00f6ts och v\u00e5rdas fatet tillsammans med tusentals andra utvalda fat fram till den dagen i framtiden, vare sig det \u00e4r fem, tio eller femtio \u00e5r fram\u00e5t, n\u00e4r whiskyn har n\u00e5tt sin zenit. Bara h\u00e4r \u00e4r de dyrbara dropparna p\u00e5 flaska.<\/p>\n","protected":false},"excerpt":{"rendered":"<p>Single Malt Scotch Whisky<\/p>\n","protected":false},"featured_media":32345,"template":"","meta":{"_acf_changed":false,"rs_blank_template":"","rs_page_bg_color":"","slide_template_v7":""},"product_brand":[],"product_cat":[2387,4651,2392],"product_tag":[],"class_list":{"0":"post-32319","1":"product","2":"type-product","3":"status-publish","4":"has-post-thumbnail","6":"product_cat-avec-sv","7":"product_cat-single-malt-sv","8":"product_cat-whisky-sv","9":"pa_aargang-2023-sv","10":"pa_land-skottland","11":"pa_procent-46-sv","12":"pa_producent-mortlach-sv","13":"pa_region-speyside-sv","14":"pa_volume-70-sv-2","16":"first","17":"instock","18":"taxable","19":"shipping-taxable","20":"purchasable","21":"product-type-simple"},"bundled_by":[],"bundle_stock_status":"instock","bundle_stock_quantity":null,"bundle_virtual":false,"bundle_layout":"","bundle_add_to_cart_form_location":"","bundle_editable_in_cart":false,"bundle_sold_individually_context":"","bundle_item_grouping":"","bundle_min_size":"","bundle_max_size":"","bundle_price":[],"bundled_items":[],"bundle_sell_ids":[],"acf":[],"_links":{"self":[{"href":"https:\/\/www.raschvin.com\/sv\/wp-json\/wp\/v2\/product\/32319","targetHints":{"allow":["GET"]}}],"collection":[{"href":"https:\/\/www.raschvin.com\/sv\/wp-json\/wp\/v2\/product"}],"about":[{"href":"https:\/\/www.raschvin.com\/sv\/wp-json\/wp\/v2\/types\/product"}],"wp:featuredmedia":[{"embeddable":true,"href":"https:\/\/www.raschvin.com\/sv\/wp-json\/wp\/v2\/media\/32345"}],"wp:attachment":[{"href":"https:\/\/www.raschvin.com\/sv\/wp-json\/wp\/v2\/media?parent=32319"}],"wp:term":[{"taxonomy":"product_brand","embeddable":true,"href":"https:\/\/www.raschvin.com\/sv\/wp-json\/wp\/v2\/product_brand?post=32319"},{"taxonomy":"product_cat","embeddable":true,"href":"https:\/\/www.raschvin.com\/sv\/wp-json\/wp\/v2\/product_cat?post=32319"},{"taxonomy":"product_tag","embeddable":true,"href":"https:\/\/www.raschvin.com\/sv\/wp-json\/wp\/v2\/product_tag?post=32319"}],"curies":[{"name":"wp","href":"https:\/\/api.w.org\/{rel}","templated":true}]}}