{"id":32306,"date":"2023-02-20T15:25:42","date_gmt":"2023-02-20T14:25:42","guid":{"rendered":"https:\/\/www.raschvin.com\/produkt\/kirsebaervin-frugtvin-75-cl-14\/"},"modified":"2023-02-20T15:25:42","modified_gmt":"2023-02-20T14:25:42","slug":"kirsebaervin-frugtvin-75-cl-14","status":"publish","type":"product","link":"https:\/\/www.raschvin.com\/sv\/produkt\/kirsebaervin-frugtvin-75-cl-14\/","title":{"rendered":"Kirseb\u00e6rvin &#8211; Frugtvin 75 cl. 14%"},"content":{"rendered":"<p>Traditionellt danskt k\u00f6rsb\u00e4rsvin gjort p\u00e5 uts\u00f6kta ingredienser.<\/p>\n<p>Bra p\u00e5:<br \/>\nAperitif, efterr\u00e4tt<\/p>\n<p>Danskt k\u00f6rsb\u00e4rsvin \u00e4r tillverkat av de b\u00e4sta r\u00e5varorna. J\u00e4sningsprocessen ger fruktvinet dess fina vinkarakt\u00e4r och d\u00e4rmed k\u00f6rsb\u00e4rsvinets h\u00f6ga kvalitet. Njut av k\u00f6rsb\u00e4rsvinet f\u00f6r sig eller servera det till efterr\u00e4tt. K\u00f6rsb\u00e4rsvinet kan \u00e4ven anv\u00e4ndas som drinkmix blandat med till exempel vitt vin eller mousserande vin. M\u00f6jligheterna \u00e4r olika. B\u00f6r serveras kyld<\/p>\n<p>Serveringstemperatur: 8-10\u00b0C<\/p>\n","protected":false},"excerpt":{"rendered":"<p>Danish Traditional Cherry Wine<\/p>\n","protected":false},"featured_media":32381,"template":"","meta":{"_acf_changed":false,"rs_blank_template":"","rs_page_bg_color":"","slide_template_v7":""},"product_brand":[],"product_cat":[4758,2788],"product_tag":[],"class_list":{"0":"post-32306","1":"product","2":"type-product","3":"status-publish","4":"has-post-thumbnail","6":"product_cat-aeromat-fruktvin","7":"product_cat-vin-sv","8":"pa_land-danmark-sv","9":"pa_procent-14-sv","10":"pa_producent-taster-wine-sv","11":"pa_serveringstemperatur-8-10-sv","12":"pa_volume-75-sv","14":"first","15":"instock","16":"taxable","17":"shipping-taxable","18":"purchasable","19":"product-type-simple"},"bundled_by":[],"bundle_stock_status":"instock","bundle_stock_quantity":null,"bundle_virtual":false,"bundle_layout":"","bundle_add_to_cart_form_location":"","bundle_editable_in_cart":false,"bundle_sold_individually_context":"","bundle_item_grouping":"","bundle_min_size":"","bundle_max_size":"","bundle_price":[],"bundled_items":[],"bundle_sell_ids":[],"acf":[],"_links":{"self":[{"href":"https:\/\/www.raschvin.com\/sv\/wp-json\/wp\/v2\/product\/32306","targetHints":{"allow":["GET"]}}],"collection":[{"href":"https:\/\/www.raschvin.com\/sv\/wp-json\/wp\/v2\/product"}],"about":[{"href":"https:\/\/www.raschvin.com\/sv\/wp-json\/wp\/v2\/types\/product"}],"wp:featuredmedia":[{"embeddable":true,"href":"https:\/\/www.raschvin.com\/sv\/wp-json\/wp\/v2\/media\/32381"}],"wp:attachment":[{"href":"https:\/\/www.raschvin.com\/sv\/wp-json\/wp\/v2\/media?parent=32306"}],"wp:term":[{"taxonomy":"product_brand","embeddable":true,"href":"https:\/\/www.raschvin.com\/sv\/wp-json\/wp\/v2\/product_brand?post=32306"},{"taxonomy":"product_cat","embeddable":true,"href":"https:\/\/www.raschvin.com\/sv\/wp-json\/wp\/v2\/product_cat?post=32306"},{"taxonomy":"product_tag","embeddable":true,"href":"https:\/\/www.raschvin.com\/sv\/wp-json\/wp\/v2\/product_tag?post=32306"}],"curies":[{"name":"wp","href":"https:\/\/api.w.org\/{rel}","templated":true}]}}