{"id":32300,"date":"2023-02-20T15:06:21","date_gmt":"2023-02-20T14:06:21","guid":{"rendered":"https:\/\/www.raschvin.com\/produkt\/sixth-sense-syrah-75-cl\/"},"modified":"2024-09-30T15:37:44","modified_gmt":"2024-09-30T13:37:44","slug":"sixth-sense-syrah-75-cl","status":"publish","type":"product","link":"https:\/\/www.raschvin.com\/sv\/produkt\/sixth-sense-syrah-75-cl\/","title":{"rendered":"Sixth Sense Syrah 75 cl."},"content":{"rendered":"<p>FULLT OCH SAFTIGT<\/p>\n<p>\u00c5RETS AMERIKANSKA WINERY 2020 &#8211; VINENTUSIAST! Vinet l\u00e4mnar ett eftertryckligt intryck &#8211; supersaftigt, magnifikt och fruktigt.<\/p>\n<p>Bra p\u00e5:<br \/>\nlamm<\/p>\n<p>Sixth Sence Syrah \u00e4r ett bombardement av frukt, d\u00e4r framf\u00f6r allt plommon och svarta vinb\u00e4r \u00e4r dominerande, men ocks\u00e5 med en fin touch av mullb\u00e4r och l\u00e4tt kryddiga undertoner fr\u00e5n 12 m\u00e5naders lagring p\u00e5 franska ekfat. Ett fylligt och superkoncentrerat, saftigt vin som avslutas med sammetslena tanniner.<\/p>\n<p>Sixth Sence Syrah stimulerar alla kroppens sinnen: &#8221;Jag luktar med n\u00e4san p\u00e5 en klassisk svart ros, ett kvardr\u00f6jande minne som flyktigt avsl\u00f6jas. Genom skuggor och l\u00f6gner ser jag med mina \u00f6gon en hemlighet h\u00f6ljd i f\u00f6rkl\u00e4dnad avsl\u00f6jad. Min \u00e5ngest eskalerar n\u00e4r jag med \u00f6ronen h\u00f6r tre t\u00e5rar som faller och ekar mjukt. Jag smakar med tungan min panik b\u00f6rjade n\u00e4r fyra sidor sm\u00e4lte samman till en. Jag k\u00e4nner med h\u00e4nderna ett dunkelt plan, fem fingrar k\u00e4nner sig fram till mitt g\u00f6mst\u00e4lle. Min hj\u00e4rna f\u00e5ngar en obehaglig tanke, &#8211; jag \u00e4r inst\u00e4ngd i en flaska vin.&#8221;<\/p>\n<p>Njut av vinet till t.ex. r\u00e4tter med l\u00e4tt k\u00f6tt eller med ett urval av ostar.<\/p>\n<p>Serveringstemperatur: 16-18\u00b0C<\/p>\n<p>Tillverkning<\/p>\n<p>Lodi ligger i Kaliforniens vinregion Central Valley, ett omr\u00e5de som k\u00e4nnetecknas av v\u00e4ldr\u00e4nerade jordar och ett n\u00e4stan medelhavsklimat. Sval morgondimma och varma dagtid med mycket sol \u00e4r optimala f\u00f6ruts\u00e4ttningar f\u00f6r druvorna. De klimatiska f\u00f6rh\u00e5llandena i omr\u00e5det g\u00f6r att druvorna mognar l\u00e5ngsamt och p\u00e5 s\u00e5 s\u00e4tt uppn\u00e5r h\u00f6g intensitet och en h\u00e4rlig fruktig karakt\u00e4r. De tv\u00e5 br\u00f6derna planterade sin f\u00f6rsta Syrah-f\u00e4lt i Kalifornien 1982. N\u00e4r Michael Phillips son Kevin, som 6:e generationen, gick i sin pappas fotsp\u00e5r var det just detta f\u00e4lt som han f\u00f6rst fick ansvaret f\u00f6r. 6th Sense Syrah \u00e4r gjord av druvan Syrah blandad med lite Petite Sirah. P\u00e5 etiketten p\u00e5 baksidan hittar du Kevins \u00f6ga som tittar ut inifr\u00e5n flaskan f\u00f6r att se till att vinet avnjuts.<\/p>\n<p>Om tillverkaren<\/p>\n<p>\u00c5RETS AMERIKANSKA WINERY 2020 &#8211; VINENTUSIAST<\/p>\n<p>De tv\u00e5 br\u00f6derna Michael och David Phillips h\u00e4rstammar fr\u00e5n en familj av b\u00f6nder som har odlat druvor i Lodi-omr\u00e5det i Kalifornien i n\u00e4stan ett sekel. Idag har familjef\u00f6retaget ut\u00f6kats med 6:e generationen Kevin Phillips och Melissa Phillips Stroud. Familjen forts\u00e4tter traditionen att producera h\u00f6gkvalitativa viner med i\u00f6gonfallande och unika etiketter.<\/p>\n<p>Michael David Winery odlar med respekt f\u00f6r framtida generationer och har implementerat n\u00e5gra av de mest progressiva och h\u00e5llbara jordbruksmetoderna i Kalifornien. Familjen odlar vin p\u00e5 300 ha och fr\u00e5n och med \u00e5rg\u00e5ngen 2011 \u00e4r alla Lodi-druvor fr\u00e5n Michael David Winery certifierade h\u00e5llbara.<\/p>\n<p>Recensioner fr\u00e5n andra \u00e5r<\/p>\n<p>\u00c5r 2018<\/p>\n<p>  \u2014 Syrah du Monde 2020 (2021-01-14)<br \/>\n  \u2014 Vinentusiast (2021-11-30)<\/p>\n","protected":false},"excerpt":{"rendered":"<p>Michael David Winery &#8211; USA<\/p>\n","protected":false},"featured_media":32372,"template":"","meta":{"_acf_changed":false,"rs_blank_template":"","rs_page_bg_color":"","slide_template_v7":""},"product_brand":[],"product_cat":[8012,2788,2798],"product_tag":[],"class_list":{"0":"post-32300","1":"product","2":"type-product","3":"status-publish","4":"has-post-thumbnail","6":"product_cat-utvalda-michael-david-viner","7":"product_cat-vin-sv","8":"product_cat-roedvin-sv","9":"pa_drue-syrah-sv","10":"pa_land-usa-sv","11":"pa_procent-15-sv","12":"pa_producent-michael-david-winery-sv","13":"pa_region-lodi-sv","14":"pa_serveringstemperatur-16-18-sv","15":"pa_volume-75-sv","17":"first","18":"instock","19":"taxable","20":"shipping-taxable","21":"purchasable","22":"product-type-simple"},"bundled_by":["119760","120048"],"bundle_stock_status":"instock","bundle_stock_quantity":null,"bundle_virtual":false,"bundle_layout":"","bundle_add_to_cart_form_location":"","bundle_editable_in_cart":false,"bundle_sold_individually_context":"","bundle_item_grouping":"","bundle_min_size":"","bundle_max_size":"","bundle_price":[],"bundled_items":[],"bundle_sell_ids":[],"acf":[],"_links":{"self":[{"href":"https:\/\/www.raschvin.com\/sv\/wp-json\/wp\/v2\/product\/32300","targetHints":{"allow":["GET"]}}],"collection":[{"href":"https:\/\/www.raschvin.com\/sv\/wp-json\/wp\/v2\/product"}],"about":[{"href":"https:\/\/www.raschvin.com\/sv\/wp-json\/wp\/v2\/types\/product"}],"wp:featuredmedia":[{"embeddable":true,"href":"https:\/\/www.raschvin.com\/sv\/wp-json\/wp\/v2\/media\/32372"}],"wp:attachment":[{"href":"https:\/\/www.raschvin.com\/sv\/wp-json\/wp\/v2\/media?parent=32300"}],"wp:term":[{"taxonomy":"product_brand","embeddable":true,"href":"https:\/\/www.raschvin.com\/sv\/wp-json\/wp\/v2\/product_brand?post=32300"},{"taxonomy":"product_cat","embeddable":true,"href":"https:\/\/www.raschvin.com\/sv\/wp-json\/wp\/v2\/product_cat?post=32300"},{"taxonomy":"product_tag","embeddable":true,"href":"https:\/\/www.raschvin.com\/sv\/wp-json\/wp\/v2\/product_tag?post=32300"}],"curies":[{"name":"wp","href":"https:\/\/api.w.org\/{rel}","templated":true}]}}