{"id":32292,"date":"2023-02-20T14:32:35","date_gmt":"2023-02-20T13:32:35","guid":{"rendered":"https:\/\/www.raschvin.com\/produkt\/macallan-m-decanter-2022-70-cl-45\/"},"modified":"2023-11-14T11:57:42","modified_gmt":"2023-11-14T10:57:42","slug":"macallan-m-decanter-2022-70-cl-45","status":"publish","type":"product","link":"https:\/\/www.raschvin.com\/sv\/produkt\/macallan-m-decanter-2022-70-cl-45\/","title":{"rendered":"Macallan &#8211; M Decanter 2022 70 cl. 45%"},"content":{"rendered":"<p>Macallan M Decanter \u00e4r den absoluta h\u00f6jdpunkten i Macallan &#8217;1824 Series&#8217;. Detta \u00e4r den dyraste whiskyn n\u00e5gonsin \u2013 skapad baserad p\u00e5 destilleriets s\u00e4llsynta whisky. Macallan M Decanter \u00e4r f\u00f6dd ur ett samarbete mellan tre m\u00e4stare inom vart och ett av deras omr\u00e5den: den kreativa marknadsf\u00f6ringsgurun och lyxk\u00e4nnaren Fabien Baron, den exklusiva kristallglastillverkaren Lalique och naturligtvis destilleriet The Macallan, som har ett enda unikt m\u00e5l: Att skapa v\u00e4rldens mest sofistikerade whisky.<br \/>\nMacallan M Decanter \u00e4r ett designm\u00e4sterverk skapat av Fabien Baron, v\u00e4ckt till liv av Lalique, och som med The Macallans noggrant utarbetade single malt whisky har hittat sitt syfte.<br \/>\nBland de m\u00f6rkaste av The Macallan-sl\u00e4ppen lyser Macallan M, 2022-utg\u00e5van, ett s\u00e4llsynt urval av oers\u00e4ttliga fat. L\u00e5ngvarig kontakt med sherry ek har polerat en djup och ruvande single malt. Denna s\u00e4llsynta och exklusiva sprit \u00e4r symbolen f\u00f6r transparens d\u00e5 whiskyns kvalitet lyser i Lalique-kristallkaraffen som omsluter v\u00e5r naturligt m\u00f6rka sprit. En personifiering av det rika inflytande som sherrykryddade ekfat har p\u00e5 andan som vilar inom.<br \/>\nPresenteras i en felfri kristallkaraffel. Individuellt numrerad \u00e4r det Laliques expertarbete, en doyen inom fransk glastillverkning sedan 1888. Karaffens sex facetter reflekterar och bryter ljuset och dansar den m\u00f6rka whiskyn till liv.<br \/>\nDeras inspiration kommer fr\u00e5n The Macallans sex definierande pelare, n\u00e4mligen The Estate, v\u00e5ra Curiously Small Stills, Exceptional Oak Fade, Sherry Wine, Natural Color och Mastery. Tillsammans underbygger de den ber\u00f6mda kvaliteten och rika karakt\u00e4ren hos v\u00e5r whisky.<\/p>\n<p>S\u00f6ta svarta k\u00f6rsb\u00e4r och demerarasocker med en sensorisk blandning av polerad ek och l\u00e4der, mjukad med inslag av \u00f6verseende choklad och vanilj<\/p>\n<p>Smaken erbjuder \u00f6rttoner av lakrits och teblad kombinerat med mjuk cr\u00e8me anglaise och choklad apelsin med en touch av tr\u00e4krydda och avslutas med rik torkad frukt och dekadent m\u00f6rk choklad<\/p>\n<p>Karaffen designades av den kreativa gurun Fabien Baron, vars vision f\u00f6renar estetiskt uttryck med kommersiell konst i dess finaste form. Hans dramatiska koncept utmanade Lalique avsev\u00e4rt. Fartygets skulpturala geometri skjuter in kristallglashantverk till ett nytt territorium, en vision f\u00f6r framtiden, skapad f\u00f6r att respektera det f\u00f6rflutnas h\u00e4rlighet.<br \/>\nEtt m\u00f6rkt l\u00f6ftesrike. Ett ljus att gnistra i solen. Det kan inte finnas ett b\u00e4ttre uttryck av single malt och moderna kristallglas som kompletterar varandra.<br \/>\n70 cl. &#8211; 45 %<\/p>\n<p>Macallan grundades redan 1824 av Alexander Reid, som var bonde och skoll\u00e4rare. Det var ett av de f\u00f6rsta destillerierna i Skottland som var lagligt licensierade. Sedan dess har The Macallan byggt upp ett rykte som en av v\u00e4rldens ledande tillverkare av single malt whisky av h\u00f6gsta kvalitet.<\/p>\n","protected":false},"excerpt":{"rendered":"<p>Highland Single Malt Scotch Whisky<\/p>\n","protected":false},"featured_media":32444,"template":"","meta":{"_acf_changed":false,"rs_blank_template":"","rs_page_bg_color":"","slide_template_v7":""},"product_brand":[],"product_cat":[2387,4651,2392],"product_tag":[],"class_list":{"0":"post-32292","1":"product","2":"type-product","3":"status-publish","4":"has-post-thumbnail","6":"product_cat-avec-sv","7":"product_cat-single-malt-sv","8":"product_cat-whisky-sv","9":"pa_land-skottland","10":"pa_procent-45-sv","11":"pa_producent-the-macallan-sv","12":"pa_region-highland-sv","13":"pa_vintage-2022-sv","14":"pa_volume-70-sv-2","16":"first","17":"instock","18":"taxable","19":"shipping-taxable","20":"purchasable","21":"product-type-simple"},"bundled_by":[],"bundle_stock_status":"instock","bundle_stock_quantity":1,"bundle_virtual":false,"bundle_layout":"","bundle_add_to_cart_form_location":"","bundle_editable_in_cart":false,"bundle_sold_individually_context":"","bundle_item_grouping":"","bundle_min_size":"","bundle_max_size":"","bundle_price":[],"bundled_items":[],"bundle_sell_ids":[],"acf":[],"_links":{"self":[{"href":"https:\/\/www.raschvin.com\/sv\/wp-json\/wp\/v2\/product\/32292","targetHints":{"allow":["GET"]}}],"collection":[{"href":"https:\/\/www.raschvin.com\/sv\/wp-json\/wp\/v2\/product"}],"about":[{"href":"https:\/\/www.raschvin.com\/sv\/wp-json\/wp\/v2\/types\/product"}],"wp:featuredmedia":[{"embeddable":true,"href":"https:\/\/www.raschvin.com\/sv\/wp-json\/wp\/v2\/media\/32444"}],"wp:attachment":[{"href":"https:\/\/www.raschvin.com\/sv\/wp-json\/wp\/v2\/media?parent=32292"}],"wp:term":[{"taxonomy":"product_brand","embeddable":true,"href":"https:\/\/www.raschvin.com\/sv\/wp-json\/wp\/v2\/product_brand?post=32292"},{"taxonomy":"product_cat","embeddable":true,"href":"https:\/\/www.raschvin.com\/sv\/wp-json\/wp\/v2\/product_cat?post=32292"},{"taxonomy":"product_tag","embeddable":true,"href":"https:\/\/www.raschvin.com\/sv\/wp-json\/wp\/v2\/product_tag?post=32292"}],"curies":[{"name":"wp","href":"https:\/\/api.w.org\/{rel}","templated":true}]}}