{"id":32288,"date":"2023-02-20T14:17:32","date_gmt":"2023-02-20T13:17:32","guid":{"rendered":"https:\/\/www.raschvin.com\/produkt\/kirsberry-cherry-speciality-70-cl-148\/"},"modified":"2023-02-20T14:17:32","modified_gmt":"2023-02-20T13:17:32","slug":"kirsberry-cherry-speciality-70-cl-148","status":"publish","type":"product","link":"https:\/\/www.raschvin.com\/sv\/produkt\/kirsberry-cherry-speciality-70-cl-148\/","title":{"rendered":"Kirsberry &#8211; Cherry Speciality 70 cl. 14,8%"},"content":{"rendered":"<p>Detta k\u00f6rsb\u00e4rsvin har en inbjudande doft av honungsk\u00f6rsb\u00e4r. Smaken st\u00e5r s\u00e5klart ocks\u00e5 i k\u00f6rsb\u00e4rets karakt\u00e4r med en s\u00f6t finish d\u00e4r man kan ana toner av plommon. Vinet kan antingen avnjutas rent eller blandas i drinkar.<\/p>\n<p>Ett traditionellt k\u00f6rsb\u00e4rsvin gjort p\u00e5 de finaste danska k\u00f6rsb\u00e4ren. Receptet p\u00e5 Kirsberry \u00e4r ett \u00f6ver hundra \u00e5r gammalt familjerecept. Vinet inneh\u00e5ller 14,8% alkohol.<\/p>\n","protected":false},"excerpt":{"rendered":"<p>Classic Danish Cherry Wine <\/p>\n","protected":false},"featured_media":32390,"template":"","meta":{"_acf_changed":false,"rs_blank_template":"","rs_page_bg_color":"","slide_template_v7":""},"product_brand":[],"product_cat":[2788,4758],"product_tag":[],"class_list":{"0":"post-32288","1":"product","2":"type-product","3":"status-publish","4":"has-post-thumbnail","6":"product_cat-vin-sv","7":"product_cat-aeromat-fruktvin","8":"pa_land-danmark-sv","9":"pa_procent-14-8-sv","10":"pa_producent-pernod-ricard-sv","11":"pa_volume-70-sv-2","13":"first","14":"instock","15":"taxable","16":"shipping-taxable","17":"purchasable","18":"product-type-simple"},"bundled_by":[],"bundle_stock_status":"instock","bundle_stock_quantity":null,"bundle_virtual":false,"bundle_layout":"","bundle_add_to_cart_form_location":"","bundle_editable_in_cart":false,"bundle_sold_individually_context":"","bundle_item_grouping":"","bundle_min_size":"","bundle_max_size":"","bundle_price":[],"bundled_items":[],"bundle_sell_ids":[],"acf":[],"_links":{"self":[{"href":"https:\/\/www.raschvin.com\/sv\/wp-json\/wp\/v2\/product\/32288","targetHints":{"allow":["GET"]}}],"collection":[{"href":"https:\/\/www.raschvin.com\/sv\/wp-json\/wp\/v2\/product"}],"about":[{"href":"https:\/\/www.raschvin.com\/sv\/wp-json\/wp\/v2\/types\/product"}],"wp:featuredmedia":[{"embeddable":true,"href":"https:\/\/www.raschvin.com\/sv\/wp-json\/wp\/v2\/media\/32390"}],"wp:attachment":[{"href":"https:\/\/www.raschvin.com\/sv\/wp-json\/wp\/v2\/media?parent=32288"}],"wp:term":[{"taxonomy":"product_brand","embeddable":true,"href":"https:\/\/www.raschvin.com\/sv\/wp-json\/wp\/v2\/product_brand?post=32288"},{"taxonomy":"product_cat","embeddable":true,"href":"https:\/\/www.raschvin.com\/sv\/wp-json\/wp\/v2\/product_cat?post=32288"},{"taxonomy":"product_tag","embeddable":true,"href":"https:\/\/www.raschvin.com\/sv\/wp-json\/wp\/v2\/product_tag?post=32288"}],"curies":[{"name":"wp","href":"https:\/\/api.w.org\/{rel}","templated":true}]}}