{"id":32285,"date":"2023-02-20T14:03:52","date_gmt":"2023-02-20T13:03:52","guid":{"rendered":"https:\/\/www.raschvin.com\/produkt\/slipknot-iowa-no-9-small-batch-whiskey-70-cl-45\/"},"modified":"2023-02-20T14:03:52","modified_gmt":"2023-02-20T13:03:52","slug":"slipknot-iowa-no-9-small-batch-whiskey-70-cl-45","status":"publish","type":"product","link":"https:\/\/www.raschvin.com\/sv\/produkt\/slipknot-iowa-no-9-small-batch-whiskey-70-cl-45\/","title":{"rendered":"Slipknot Iowa No.9 Small Batch Whiskey 70 cl. 45%"},"content":{"rendered":"<p>Slipknot har samarbetat med det prisbel\u00f6nta Iowa-baserade Cedar Ridge Distillery f\u00f6r att ge v\u00e4rlden en original whisky rik p\u00e5 Iowa-r\u00f6tter, nr. 9 Iowa Whisky. Tillverkad med hemodlad Iowa-majs med en s\u00f6t och kryddig smak och avslutad med en dj\u00e4rv smak med en h\u00f6gre 90% proof, Slipknot No. 9 Iowa Whisky uppn\u00e5r en mer komplex\/robust sippande whisky som smakar som det h\u00e5rda arbete och kvalitet du har v\u00e4xt att f\u00f6rv\u00e4nta dig fr\u00e5n Slipknot och Cedar Ridge.<\/p>\n<p>Forbes Fred Minnick: &#8221;Ganska blommig, med inslag av kaprifol och lilja. Sedan slog majs och kola till. I gommen, majsbr\u00f6d, jalapeno, \u00e4ppelsm\u00f6r och en hint av f\u00f6rkolad marshmallow. En h\u00e4rlig medelfin finish ger en hint av choklad. &#8221;<\/p>\n<p>90 Proof<\/p>\n","protected":false},"excerpt":{"rendered":"<p>American Collaborated Whiskey<\/p>\n","protected":false},"featured_media":32471,"template":"","meta":{"_acf_changed":false,"rs_blank_template":"","rs_page_bg_color":"","slide_template_v7":""},"product_brand":[],"product_cat":[4657,2387,2392],"product_tag":[],"class_list":{"0":"post-32285","1":"product","2":"type-product","3":"status-publish","4":"has-post-thumbnail","6":"product_cat-american-bourbon-sv","7":"product_cat-avec-sv","8":"product_cat-whisky-sv","9":"pa_land-usa-sv","10":"pa_procent-45-sv","11":"pa_producent-cedar-ridge-distillery-sv","12":"pa_volume-70-sv-2","14":"first","15":"instock","16":"sale","17":"taxable","18":"shipping-taxable","19":"purchasable","20":"product-type-simple"},"bundled_by":[],"bundle_stock_status":"instock","bundle_stock_quantity":null,"bundle_virtual":false,"bundle_layout":"","bundle_add_to_cart_form_location":"","bundle_editable_in_cart":false,"bundle_sold_individually_context":"","bundle_item_grouping":"","bundle_min_size":"","bundle_max_size":"","bundle_price":[],"bundled_items":[],"bundle_sell_ids":[],"acf":[],"_links":{"self":[{"href":"https:\/\/www.raschvin.com\/sv\/wp-json\/wp\/v2\/product\/32285","targetHints":{"allow":["GET"]}}],"collection":[{"href":"https:\/\/www.raschvin.com\/sv\/wp-json\/wp\/v2\/product"}],"about":[{"href":"https:\/\/www.raschvin.com\/sv\/wp-json\/wp\/v2\/types\/product"}],"wp:featuredmedia":[{"embeddable":true,"href":"https:\/\/www.raschvin.com\/sv\/wp-json\/wp\/v2\/media\/32471"}],"wp:attachment":[{"href":"https:\/\/www.raschvin.com\/sv\/wp-json\/wp\/v2\/media?parent=32285"}],"wp:term":[{"taxonomy":"product_brand","embeddable":true,"href":"https:\/\/www.raschvin.com\/sv\/wp-json\/wp\/v2\/product_brand?post=32285"},{"taxonomy":"product_cat","embeddable":true,"href":"https:\/\/www.raschvin.com\/sv\/wp-json\/wp\/v2\/product_cat?post=32285"},{"taxonomy":"product_tag","embeddable":true,"href":"https:\/\/www.raschvin.com\/sv\/wp-json\/wp\/v2\/product_tag?post=32285"}],"curies":[{"name":"wp","href":"https:\/\/api.w.org\/{rel}","templated":true}]}}