{"id":32183,"date":"2023-02-20T10:09:29","date_gmt":"2023-02-20T09:09:29","guid":{"rendered":"https:\/\/www.raschvin.com\/produkt\/licor-43-cuarenta-y-tres-5-cl-31\/"},"modified":"2023-02-20T10:09:29","modified_gmt":"2023-02-20T09:09:29","slug":"licor-43-cuarenta-y-tres-5-cl-31","status":"publish","type":"product","link":"https:\/\/www.raschvin.com\/sv\/produkt\/licor-43-cuarenta-y-tres-5-cl-31\/","title":{"rendered":"Licor 43 \u2013 Cuarenta y Tres 5 cl. 31%"},"content":{"rendered":"<p>Smaken \u00e4r hemligheten bakom Licor 43:s stora framg\u00e5ng. Licor 43 har ett lysande, gyllene sken som \u00e5terspeglar dess medelhavsursprung. Doften \u00e4r skarp, varm och komplex med distinkt vanilj. Sedan pikant s\u00f6t frukt, kryddor och en upplevelse av lagrad rom. Smaken \u00e4r som doften med vanilj, komplex mix av kryddor, pikant frukt och inslag av citrus f\u00f6ljt av en smak av lagrad rom \u2013 en perfekt balans mellan socker och alkohol. \u00c4ven om den \u00e4r perfekt n\u00e4r den avnjuts snyggt eller med is, \u00e4r smaken s\u00e5 harmonisk att den helt enkelt inbjuder till att blandas och Licor 43 \u00e4r d\u00e4rf\u00f6r utan motstycke i sin m\u00e5ngsidighet.<br \/>\nLicor 43 \u00e4r en v\u00e4rldsber\u00f6md spansk lik\u00f6r gjord enligt ett hemligt recept p\u00e5 43 olika \u00f6rter, kryddor, citrus och vanilj. Licor 43 har tillverkats i staden Cartagena, Spanien sedan b\u00f6rjan av 1900-talet. Licor 43 \u00e4r en av de mest popul\u00e4ra lik\u00f6rerna i Spanien.<br \/>\nLicor 43:s historia g\u00e5r tillbaka till romartiden. Det s\u00e4gs att efter att Romarriket er\u00f6vrat Quart Hadas i syd\u00f6stra Spanien, hittade de en l\u00e4cker drink gjord p\u00e5 citrus och olika \u00f6rter.<\/p>\n<p>N\u00e4sa: Kr\u00e4mig, fruktig doft. Vanilj i f\u00f6rgrunden.<\/p>\n<p>Smak: Inslag av apelsin, mjuka kryddor, torkade \u00f6rter och gr\u00e4dd\u00e4pplen.<\/p>\n<p>Avslut: L\u00e5ng, fruktig avslutning.<\/p>\n","protected":false},"excerpt":{"rendered":"<p>Classic Spanish Liqueur<\/p>\n","protected":false},"featured_media":32247,"template":"","meta":{"_acf_changed":false,"rs_blank_template":"","rs_page_bg_color":"","slide_template_v7":""},"product_brand":[],"product_cat":[2387,4714,2390],"product_tag":[],"class_list":{"0":"post-32183","1":"product","2":"type-product","3":"status-publish","4":"has-post-thumbnail","6":"product_cat-avec-sv","7":"product_cat-ort","8":"product_cat-sprit","9":"pa_land-spanien-sv","10":"pa_procent-31-sv","11":"pa_producent-zamora-sv","12":"pa_volume-5-sv","14":"first","15":"instock","16":"taxable","17":"shipping-taxable","18":"purchasable","19":"product-type-simple"},"bundled_by":[],"bundle_stock_status":"instock","bundle_stock_quantity":null,"bundle_virtual":false,"bundle_layout":"","bundle_add_to_cart_form_location":"","bundle_editable_in_cart":false,"bundle_sold_individually_context":"","bundle_item_grouping":"","bundle_min_size":"","bundle_max_size":"","bundle_price":[],"bundled_items":[],"bundle_sell_ids":[],"acf":[],"_links":{"self":[{"href":"https:\/\/www.raschvin.com\/sv\/wp-json\/wp\/v2\/product\/32183","targetHints":{"allow":["GET"]}}],"collection":[{"href":"https:\/\/www.raschvin.com\/sv\/wp-json\/wp\/v2\/product"}],"about":[{"href":"https:\/\/www.raschvin.com\/sv\/wp-json\/wp\/v2\/types\/product"}],"wp:featuredmedia":[{"embeddable":true,"href":"https:\/\/www.raschvin.com\/sv\/wp-json\/wp\/v2\/media\/32247"}],"wp:attachment":[{"href":"https:\/\/www.raschvin.com\/sv\/wp-json\/wp\/v2\/media?parent=32183"}],"wp:term":[{"taxonomy":"product_brand","embeddable":true,"href":"https:\/\/www.raschvin.com\/sv\/wp-json\/wp\/v2\/product_brand?post=32183"},{"taxonomy":"product_cat","embeddable":true,"href":"https:\/\/www.raschvin.com\/sv\/wp-json\/wp\/v2\/product_cat?post=32183"},{"taxonomy":"product_tag","embeddable":true,"href":"https:\/\/www.raschvin.com\/sv\/wp-json\/wp\/v2\/product_tag?post=32183"}],"curies":[{"name":"wp","href":"https:\/\/api.w.org\/{rel}","templated":true}]}}