{"id":31847,"date":"2023-02-04T08:48:31","date_gmt":"2023-02-04T07:48:31","guid":{"rendered":"https:\/\/www.raschvin.com\/produkt\/la-fee-parisienne-absinthe-superieure-70-cl-68\/"},"modified":"2023-02-04T08:48:31","modified_gmt":"2023-02-04T07:48:31","slug":"la-fee-parisienne-absinthe-superieure-70-cl-68","status":"publish","type":"product","link":"https:\/\/www.raschvin.com\/sv\/produkt\/la-fee-parisienne-absinthe-superieure-70-cl-68\/","title":{"rendered":"La F\u00e8e Parisienne Absinthe Superieure 70 cl. 68%"},"content":{"rendered":"<p>Destillerad i Paris baserat p\u00e5 ett 1800-talsrecept som inneh\u00e5ller mal\u00f6rt, \u00e4r La F\u00e9e Absinthe Parisienne den enda absint som godk\u00e4nts av Marie-Claude Delahaye, grundare och intendent av Absintmuseet.<\/p>\n<p>La F\u00e9e Parisienne &#8211; Absinthe Sup\u00e9rieure anv\u00e4nder 100% naturliga ingredienser i samarbete med Marie-Claude Delahaye, grundare och intendent av det franska absintmuseet. Nyf\u00f6rfinad och utan konstgjorda smak\u00e4mnen, f\u00e4rg\u00e4mnen eller konserveringsmedel, har La F\u00e9e Parisiennes niv\u00e5 av Grand Wormwood (Artemisia Absinthium) i destillationen h\u00f6jts med 60 %. Gr\u00f6n och stj\u00e4rnanis har mjukats upp lite f\u00f6r att de \u00f6mt\u00e5ligare \u00f6rterna ska kunna komma fram, som f\u00e4nk\u00e5l, koriander och isop.<\/p>\n<p>Dess naturliga f\u00e4rg erh\u00e5lls genom maceration av \u00f6rter i sprit och f\u00f6r att skydda den helt naturliga Parisienne, \u00e4r flaskan belagd med en speciell UV-h\u00e4mmare f\u00f6r att skydda v\u00e4tskan fr\u00e5n solljus och undvika skador p\u00e5 det helt naturliga<\/p>\n","protected":false},"excerpt":{"rendered":"<p>Absinthe Superieure &#8211; France <\/p>\n","protected":false},"featured_media":31853,"template":"","meta":{"_acf_changed":false,"rs_blank_template":"","rs_page_bg_color":"","slide_template_v7":""},"product_brand":[],"product_cat":[2403,2402],"product_tag":[],"class_list":{"0":"post-31847","1":"product","2":"type-product","3":"status-publish","4":"has-post-thumbnail","6":"product_cat-absinthe-sv","7":"product_cat-sprit-sv","8":"pa_land-frankrike","9":"pa_procent-68-sv","10":"pa_region-paris-sv","11":"pa_volume-70-sv-2","13":"first","14":"instock","15":"taxable","16":"shipping-taxable","17":"purchasable","18":"product-type-simple"},"bundled_by":[],"bundle_stock_status":"instock","bundle_stock_quantity":null,"bundle_virtual":false,"bundle_layout":"","bundle_add_to_cart_form_location":"","bundle_editable_in_cart":false,"bundle_sold_individually_context":"","bundle_item_grouping":"","bundle_min_size":"","bundle_max_size":"","bundle_price":[],"bundled_items":[],"bundle_sell_ids":[],"acf":[],"_links":{"self":[{"href":"https:\/\/www.raschvin.com\/sv\/wp-json\/wp\/v2\/product\/31847","targetHints":{"allow":["GET"]}}],"collection":[{"href":"https:\/\/www.raschvin.com\/sv\/wp-json\/wp\/v2\/product"}],"about":[{"href":"https:\/\/www.raschvin.com\/sv\/wp-json\/wp\/v2\/types\/product"}],"wp:featuredmedia":[{"embeddable":true,"href":"https:\/\/www.raschvin.com\/sv\/wp-json\/wp\/v2\/media\/31853"}],"wp:attachment":[{"href":"https:\/\/www.raschvin.com\/sv\/wp-json\/wp\/v2\/media?parent=31847"}],"wp:term":[{"taxonomy":"product_brand","embeddable":true,"href":"https:\/\/www.raschvin.com\/sv\/wp-json\/wp\/v2\/product_brand?post=31847"},{"taxonomy":"product_cat","embeddable":true,"href":"https:\/\/www.raschvin.com\/sv\/wp-json\/wp\/v2\/product_cat?post=31847"},{"taxonomy":"product_tag","embeddable":true,"href":"https:\/\/www.raschvin.com\/sv\/wp-json\/wp\/v2\/product_tag?post=31847"}],"curies":[{"name":"wp","href":"https:\/\/api.w.org\/{rel}","templated":true}]}}