{"id":31844,"date":"2023-02-04T08:32:51","date_gmt":"2023-02-04T07:32:51","guid":{"rendered":"https:\/\/www.raschvin.com\/produkt\/absinthe-absente-55-70-cl-55\/"},"modified":"2023-02-04T08:32:51","modified_gmt":"2023-02-04T07:32:51","slug":"absinthe-absente-55-70-cl-55","status":"publish","type":"product","link":"https:\/\/www.raschvin.com\/sv\/produkt\/absinthe-absente-55-70-cl-55\/","title":{"rendered":"Absinthe Absente 55 70 cl. 55%"},"content":{"rendered":"<p>En h\u00e4rlig, duftende abinthe fra Provence.<\/p>\n<p>Lavet med en blandning av artemisia absinthium (malurt), gr\u00f6n anis, stjerneanis, mynte, citronmelisse och blandade krydderier, \u00e4r detta en mildere absint, ret t\u00e4tt p\u00e5 Pastis i stilen.<\/p>\n<p>Aftappet vid 55% ABV \u00e4r detta inte s\u00e5 starkt som n\u00e5gra Abinthes, men serveras stadigt b\u00e4st med rigeligt afk\u00f8let vand.<\/p>\n<p>Den har en vacker lysegr\u00f6n f\u00e4rg med klar och skinnande gula glimt<\/p>\n<p>Ville vara en god introduktion til denna tider formidabel \u00e5nd.<\/p>\n","protected":false},"excerpt":{"rendered":"<p>Liqueur &#8211; Produit de France<\/p>\n","protected":false},"featured_media":31877,"template":"","meta":{"_acf_changed":false,"rs_blank_template":"","rs_page_bg_color":"","slide_template_v7":""},"product_brand":[],"product_cat":[2403,2402],"product_tag":[],"class_list":{"0":"post-31844","1":"product","2":"type-product","3":"status-publish","4":"has-post-thumbnail","6":"product_cat-absinthe-sv","7":"product_cat-sprit-sv","8":"pa_land-frankrike","9":"pa_procent-55-sv","10":"pa_producent-distilleries-et-domaines-sv","11":"pa_region-provence-sv","12":"pa_volume-70-sv-2","14":"first","15":"instock","16":"taxable","17":"shipping-taxable","18":"purchasable","19":"product-type-simple"},"bundled_by":[],"bundle_stock_status":"instock","bundle_stock_quantity":null,"bundle_virtual":false,"bundle_layout":"","bundle_add_to_cart_form_location":"","bundle_editable_in_cart":false,"bundle_sold_individually_context":"","bundle_item_grouping":"","bundle_min_size":"","bundle_max_size":"","bundle_price":[],"bundled_items":[],"bundle_sell_ids":[],"acf":[],"_links":{"self":[{"href":"https:\/\/www.raschvin.com\/sv\/wp-json\/wp\/v2\/product\/31844","targetHints":{"allow":["GET"]}}],"collection":[{"href":"https:\/\/www.raschvin.com\/sv\/wp-json\/wp\/v2\/product"}],"about":[{"href":"https:\/\/www.raschvin.com\/sv\/wp-json\/wp\/v2\/types\/product"}],"wp:featuredmedia":[{"embeddable":true,"href":"https:\/\/www.raschvin.com\/sv\/wp-json\/wp\/v2\/media\/31877"}],"wp:attachment":[{"href":"https:\/\/www.raschvin.com\/sv\/wp-json\/wp\/v2\/media?parent=31844"}],"wp:term":[{"taxonomy":"product_brand","embeddable":true,"href":"https:\/\/www.raschvin.com\/sv\/wp-json\/wp\/v2\/product_brand?post=31844"},{"taxonomy":"product_cat","embeddable":true,"href":"https:\/\/www.raschvin.com\/sv\/wp-json\/wp\/v2\/product_cat?post=31844"},{"taxonomy":"product_tag","embeddable":true,"href":"https:\/\/www.raschvin.com\/sv\/wp-json\/wp\/v2\/product_tag?post=31844"}],"curies":[{"name":"wp","href":"https:\/\/api.w.org\/{rel}","templated":true}]}}