{"id":31841,"date":"2023-02-04T08:17:07","date_gmt":"2023-02-04T07:17:07","guid":{"rendered":"https:\/\/www.raschvin.com\/produkt\/mr-bitter-gritz-bergamot-grapefruit-70-cl-11\/"},"modified":"2023-02-04T08:17:07","modified_gmt":"2023-02-04T07:17:07","slug":"mr-bitter-gritz-bergamot-grapefruit-70-cl-11","status":"publish","type":"product","link":"https:\/\/www.raschvin.com\/sv\/produkt\/mr-bitter-gritz-bergamot-grapefruit-70-cl-11\/","title":{"rendered":"Mr. Bitter Gritz &#8211; Bergamot &#038; Grapefruit 70 cl. 11%"},"content":{"rendered":"<p>INTRODUCERING AV DEN SENSATIONELLA GR\u00d6N SPRITZ BLANDARE<br \/>\nHerr. Bitter Gritz \u00e4r en ny Spritz- och drinkmixer med en distinkt smak av grapefrukt och bergamott. Den har en alkoholhalt p\u00e5 11% och kombinerar den klassiska Spritz-aperitif med en sensationell ny gr\u00f6n f\u00e4rg och smak.<br \/>\nSmaken \u00e4r perfekt balanserad mellan s\u00f6t och traditionell bitter, med en tydlig citruskarakt\u00e4r som ger en mousserande vindrink eller en traditionell cocktail en p\u00e5taglig, n\u00e4stan explosiv, elegant fr\u00e4sch\u00f6r.<br \/>\nDess fr\u00e4scha smak kommer sannolikt att permanent f\u00f6r\u00e4ndra din uppfattning om en klassisk spritsaperitif. Njut av \u2013 och gl\u00f6m inte \u2013 drick ansvarsfullt.<\/p>\n<p>HUR DU BLANDAR DIN GRITZ:<br \/>\n3-2-1<br \/>\nNJUT AV<br \/>\n3 DELAR PROSECCO<br \/>\n2 DELAR GRITZ<br \/>\n1 DEL KLUBBSODA<\/p>\n","protected":false},"excerpt":{"rendered":"<p>The Green Spritz Mixer <\/p>\n","protected":false},"featured_media":31880,"template":"","meta":{"_acf_changed":false,"rs_blank_template":"","rs_page_bg_color":"","slide_template_v7":""},"product_brand":[],"product_cat":[2387,2394,2743,4670,4714,2390],"product_tag":[],"class_list":{"0":"post-31841","1":"product","2":"type-product","3":"status-publish","4":"has-post-thumbnail","6":"product_cat-avec-sv","7":"product_cat-bitter-sv","8":"product_cat-brannvin-sv","9":"product_cat-frukt","10":"product_cat-ort","11":"product_cat-sprit","12":"pa_land-danmark-sv","13":"pa_procent-11-sv","14":"pa_producent-mr-bad-sv","15":"pa_region-bornholm-sv","16":"pa_volume-70-sv-2","18":"first","19":"outofstock","20":"sale","21":"taxable","22":"shipping-taxable","23":"purchasable","24":"product-type-simple"},"bundled_by":[],"bundle_stock_status":"outofstock","bundle_stock_quantity":null,"bundle_virtual":false,"bundle_layout":"","bundle_add_to_cart_form_location":"","bundle_editable_in_cart":false,"bundle_sold_individually_context":"","bundle_item_grouping":"","bundle_min_size":"","bundle_max_size":"","bundle_price":[],"bundled_items":[],"bundle_sell_ids":[],"acf":[],"_links":{"self":[{"href":"https:\/\/www.raschvin.com\/sv\/wp-json\/wp\/v2\/product\/31841","targetHints":{"allow":["GET"]}}],"collection":[{"href":"https:\/\/www.raschvin.com\/sv\/wp-json\/wp\/v2\/product"}],"about":[{"href":"https:\/\/www.raschvin.com\/sv\/wp-json\/wp\/v2\/types\/product"}],"wp:featuredmedia":[{"embeddable":true,"href":"https:\/\/www.raschvin.com\/sv\/wp-json\/wp\/v2\/media\/31880"}],"wp:attachment":[{"href":"https:\/\/www.raschvin.com\/sv\/wp-json\/wp\/v2\/media?parent=31841"}],"wp:term":[{"taxonomy":"product_brand","embeddable":true,"href":"https:\/\/www.raschvin.com\/sv\/wp-json\/wp\/v2\/product_brand?post=31841"},{"taxonomy":"product_cat","embeddable":true,"href":"https:\/\/www.raschvin.com\/sv\/wp-json\/wp\/v2\/product_cat?post=31841"},{"taxonomy":"product_tag","embeddable":true,"href":"https:\/\/www.raschvin.com\/sv\/wp-json\/wp\/v2\/product_tag?post=31841"}],"curies":[{"name":"wp","href":"https:\/\/api.w.org\/{rel}","templated":true}]}}