{"id":31756,"date":"2023-02-02T08:53:33","date_gmt":"2023-02-02T07:53:33","guid":{"rendered":"https:\/\/www.raschvin.com\/produkt\/knut-hansen-dry-gin-50-cl-42\/"},"modified":"2023-02-02T08:53:33","modified_gmt":"2023-02-02T07:53:33","slug":"knut-hansen-dry-gin-50-cl-42","status":"publish","type":"product","link":"https:\/\/www.raschvin.com\/sv\/produkt\/knut-hansen-dry-gin-50-cl-42\/","title":{"rendered":"Knut Hansen Dry Gin 50 cl. 42%"},"content":{"rendered":"<p>Fina, noggrant balanserade nyanser av gurka, basilika och citrusfrukter, ackompanjerad av enb\u00e4r och f\u00e4rska \u00e4pplen.<\/p>\n<p>Knut Hansen Dry Gin skapas med 14 v\u00e4xter och destilleras fyra g\u00e5nger innan den buteljeras i de omissk\u00e4nnliga keramiska flaskorna. \u00c4ven om Knut Hansen inte har en l\u00e5ng historia bakom sig har Knut Hansen Dry Gin redan vunnit guld p\u00e5 World Gin Awards i London 2020 och dubbelt guld vid SA Gin Awards 2019 i Sydafrika.<\/p>\n<p>GULD<br \/>\nWorld Gin Awards London 2020<br \/>\nGULD<br \/>\nDubbelt guld vid SA Gin Awards i Sydafrika 2019<\/p>\n<p>Om Knut Hansen<br \/>\nDen f\u00f6rsta Knut Hansen ginen gjordes egentligen redan 2016 i vardagsrummet i privathuset, men redan 2017 kunde de tv\u00e5 unga m\u00e4nnen b\u00f6rja buteljera och 2019 kunde tyskarna \u00f6ppna ett eget destilleri i Hamburg. Knut Hansen Dry Gin s\u00e4ljs nu i \u00f6ver 30 l\u00e4nder.<\/p>\n<p>I en komplex process destilleras Knut Hansen gin fyra g\u00e5nger i sm\u00e5 portioner med en extremt l\u00e5ngsam infusion av energi och buteljeras sedan i de omissk\u00e4nnliga keramiska flaskorna.<\/p>\n<p>Hos Knut Hansen satsas mycket p\u00e5 att sp\u00e5ra exakt fr\u00e5n vilken odling de enskilda ingredienserna kommer och stor vikt l\u00e4ggs vid att anv\u00e4nda lokala v\u00e4xter fr\u00e5n regionen. Till exempel kommer \u00e4pplena fr\u00e5n Altes Land s\u00f6der om Elbe, rosenblommorna fr\u00e5n Ostseedeich och gurkan och basilikan fr\u00e5n Hamburgs veckomarknad.<\/p>\n","protected":false},"excerpt":{"rendered":"<p>Premium German Dry Gin<\/p>\n","protected":false},"featured_media":31765,"template":"","meta":{"_acf_changed":false,"rs_blank_template":"","rs_page_bg_color":"","slide_template_v7":""},"product_brand":[],"product_cat":[2404,4688],"product_tag":[],"class_list":{"0":"post-31756","1":"product","2":"type-product","3":"status-publish","4":"has-post-thumbnail","6":"product_cat-gin-sv","7":"product_cat-london-dry-sv","8":"pa_land-tyskland-sv","9":"pa_procent-42-sv","10":"pa_producent-knut-hansen-sv","11":"pa_volume-50-sv","13":"first","14":"instock","15":"sale","16":"taxable","17":"shipping-taxable","18":"purchasable","19":"product-type-simple"},"bundled_by":[],"bundle_stock_status":"instock","bundle_stock_quantity":null,"bundle_virtual":false,"bundle_layout":"","bundle_add_to_cart_form_location":"","bundle_editable_in_cart":false,"bundle_sold_individually_context":"","bundle_item_grouping":"","bundle_min_size":"","bundle_max_size":"","bundle_price":[],"bundled_items":[],"bundle_sell_ids":[],"acf":[],"_links":{"self":[{"href":"https:\/\/www.raschvin.com\/sv\/wp-json\/wp\/v2\/product\/31756","targetHints":{"allow":["GET"]}}],"collection":[{"href":"https:\/\/www.raschvin.com\/sv\/wp-json\/wp\/v2\/product"}],"about":[{"href":"https:\/\/www.raschvin.com\/sv\/wp-json\/wp\/v2\/types\/product"}],"wp:featuredmedia":[{"embeddable":true,"href":"https:\/\/www.raschvin.com\/sv\/wp-json\/wp\/v2\/media\/31765"}],"wp:attachment":[{"href":"https:\/\/www.raschvin.com\/sv\/wp-json\/wp\/v2\/media?parent=31756"}],"wp:term":[{"taxonomy":"product_brand","embeddable":true,"href":"https:\/\/www.raschvin.com\/sv\/wp-json\/wp\/v2\/product_brand?post=31756"},{"taxonomy":"product_cat","embeddable":true,"href":"https:\/\/www.raschvin.com\/sv\/wp-json\/wp\/v2\/product_cat?post=31756"},{"taxonomy":"product_tag","embeddable":true,"href":"https:\/\/www.raschvin.com\/sv\/wp-json\/wp\/v2\/product_tag?post=31756"}],"curies":[{"name":"wp","href":"https:\/\/api.w.org\/{rel}","templated":true}]}}