{"id":31753,"date":"2023-02-02T08:40:47","date_gmt":"2023-02-02T07:40:47","guid":{"rendered":"https:\/\/www.raschvin.com\/produkt\/ron-piet-aged-20-years-70-cl-40\/"},"modified":"2023-02-02T08:40:47","modified_gmt":"2023-02-02T07:40:47","slug":"ron-piet-aged-20-years-70-cl-40","status":"publish","type":"product","link":"https:\/\/www.raschvin.com\/sv\/produkt\/ron-piet-aged-20-years-70-cl-40\/","title":{"rendered":"Ron Piet Aged 20 Years 70 cl. 40%"},"content":{"rendered":"<p>\u201dDer Oldie\u201d visar sin flotte fadlagring och alder med en fin karamelnoter, en herlig och karakteristisk vaniljearoma och en let skarphed i eftersmagen.<\/p>\n<p>Lagret i 20 \u00e5r p\u00e5 bourbonfade i Panama.<\/p>\n<p>Om Ron Piet<br \/>\nRon Piet var, hvis historien \u00e4r sand, en trofast papeg\u00f8je og f\u00f8lgesvend til berygtet pirat. Sammen blev de to, piraten och papeg\u00f8jen, betraktat som &#8217;Havets Skr\u00e6k&#8217;. Efter et tragisk skibbrud var den enda, der overlevede, Ron Piet. Fuglen klamrede sig till en enkelt t\u00f8nde rom indgraveret &#8217;Ron 10 Anos Panama&#8217;, som skyllede op i Hamborg, d\u00e4r Ron Piet har hemma i dag.<\/p>\n<p>Ron Piet \u00e4r baserad p\u00e5 sockerr\u00f6r fr\u00e5n San Miguelito i det sydliga Panama. De knuses f\u00f6rst og pressar til saft. Saftens koges s\u00e5 ned til sirup, indtil der er en m\u00f8rk sirupsagtig masse tilbage, kaldet melasse. Melassen g\u00e6res och kemiska reaktioner omdanner sukkeret til alkohol. Det tager omkring to dage. F\u00f6rst sedan kan den s\u00e5kaldte m\u00e6sk destilleres. M\u00e6sken opvarmes i en kedel, och kondensatet opsamles. U\u00f8nskede fuselstoffer opsnappes af forl\u00f8bene och smaksstoffer och alkohol danner kernen, den midterste del af destillationen, som forarbejdes vidare. Destillatet fyldes p\u00e5 bourbonegetr\u00e6sfade i flera \u00e5r i det karibiske klimatet i Panama, d\u00e4r rommen blir mer komplex, harmonisk, rig p\u00e5 nuancer och f\u00e5r sine karakteristiske aromaer \u2013 inte mindst bl\u00f8de s\u00f8dme fra vanilje. Efter den l\u00e5nga utvecklingsprocessen tappes Ron Piet till slut i Hamborg i den karakteristiske 0,7l sexkantede flasken.<\/p>\n","protected":false},"excerpt":{"rendered":"<p>Premium Rum &#8211; Panama<\/p>\n","protected":false},"featured_media":31801,"template":"","meta":{"_acf_changed":false,"rs_blank_template":"","rs_page_bg_color":"","slide_template_v7":""},"product_brand":[],"product_cat":[2387,2391,4634],"product_tag":[],"class_list":{"0":"post-31753","1":"product","2":"type-product","3":"status-publish","4":"has-post-thumbnail","6":"product_cat-avec-sv","7":"product_cat-rom-sv","8":"product_cat-premium-aged-sv","9":"pa_land-tyskland-sv","10":"pa_procent-70-sv","11":"pa_producent-ron-piet-sv","12":"pa_volume-70-sv-2","14":"first","15":"instock","16":"sale","17":"taxable","18":"shipping-taxable","19":"purchasable","20":"product-type-simple"},"bundled_by":[],"bundle_stock_status":"instock","bundle_stock_quantity":null,"bundle_virtual":false,"bundle_layout":"","bundle_add_to_cart_form_location":"","bundle_editable_in_cart":false,"bundle_sold_individually_context":"","bundle_item_grouping":"","bundle_min_size":"","bundle_max_size":"","bundle_price":[],"bundled_items":[],"bundle_sell_ids":[],"acf":[],"_links":{"self":[{"href":"https:\/\/www.raschvin.com\/sv\/wp-json\/wp\/v2\/product\/31753","targetHints":{"allow":["GET"]}}],"collection":[{"href":"https:\/\/www.raschvin.com\/sv\/wp-json\/wp\/v2\/product"}],"about":[{"href":"https:\/\/www.raschvin.com\/sv\/wp-json\/wp\/v2\/types\/product"}],"wp:featuredmedia":[{"embeddable":true,"href":"https:\/\/www.raschvin.com\/sv\/wp-json\/wp\/v2\/media\/31801"}],"wp:attachment":[{"href":"https:\/\/www.raschvin.com\/sv\/wp-json\/wp\/v2\/media?parent=31753"}],"wp:term":[{"taxonomy":"product_brand","embeddable":true,"href":"https:\/\/www.raschvin.com\/sv\/wp-json\/wp\/v2\/product_brand?post=31753"},{"taxonomy":"product_cat","embeddable":true,"href":"https:\/\/www.raschvin.com\/sv\/wp-json\/wp\/v2\/product_cat?post=31753"},{"taxonomy":"product_tag","embeddable":true,"href":"https:\/\/www.raschvin.com\/sv\/wp-json\/wp\/v2\/product_tag?post=31753"}],"curies":[{"name":"wp","href":"https:\/\/api.w.org\/{rel}","templated":true}]}}