{"id":31750,"date":"2023-02-02T08:37:41","date_gmt":"2023-02-02T07:37:41","guid":{"rendered":"https:\/\/www.raschvin.com\/produkt\/ron-piet-aged-3-years-70-cl-375\/"},"modified":"2023-02-02T08:37:41","modified_gmt":"2023-02-02T07:37:41","slug":"ron-piet-aged-3-years-70-cl-375","status":"publish","type":"product","link":"https:\/\/www.raschvin.com\/sv\/produkt\/ron-piet-aged-3-years-70-cl-375\/","title":{"rendered":"Ron Piet Aged 3 Years 70 cl. 37,5%"},"content":{"rendered":"<p>&#8221;Der Junior&#8221; \u00e4r l\u00e4tt, fin och med en fr\u00e4sch karakt\u00e4r. Smak och arom av lite ek, vanilj, citrusfrukter och kanderad kvitten.<\/p>\n<p>Lagrat i tre \u00e5r p\u00e5 bourbonfat i Panama.<\/p>\n<p>Om Ron Piet<br \/>\nRon Piet var, om historien \u00e4r sann, en trogen papegoja och f\u00f6ljeslagare till en \u00f6k\u00e4nd pirat. Tillsammans ans\u00e5gs de tv\u00e5, piraten och papegojan, som &#8221;havets terror&#8221;. Efter ett tragiskt skeppsbrott var den enda \u00f6verlevande Ron Piet. F\u00e5geln klamrade sig fast vid en enda tunna rom graverad &#8217;Ron 10 Anos Panama&#8217;, som spolades upp i Hamburg, d\u00e4r Ron Piet bor idag.<\/p>\n<p>Ron Piet \u00e4r baserad p\u00e5 sockerr\u00f6r fr\u00e5n San Miguelito i s\u00f6dra Panama. De krossas f\u00f6rst och pressas till juice. Saften kokas sedan ner till sirap tills en m\u00f6rk sirapsliknande massa \u00e5terst\u00e5r, kallad melass. Melassen j\u00e4ser och kemiska reaktioner omvandlar sockret till alkohol. Det tar ungef\u00e4r tv\u00e5 dagar. F\u00f6rst d\u00e5 kan den s\u00e5 kallade m\u00e4sken destilleras. M\u00e4sken v\u00e4rms upp i en panna och kondensatet samlas upp. O\u00f6nskade fusila \u00e4mnen f\u00e5ngas upp av processerna och smak\u00e4mnen och alkohol utg\u00f6r k\u00e4rnan, mittdelen av destillationen, som bearbetas vidare. Destillatet \u00e4r fyllt p\u00e5 bourbon ekfat under flera \u00e5r i det karibiska klimatet i Panama, d\u00e4r rommen blir mer komplex, harmonisk, rik p\u00e5 nyanser och f\u00e5r sina karakteristiska aromer \u2013 inte minst vaniljs mjuka s\u00f6tma. Efter den l\u00e5nga utvecklingsprocessen buteljeras Ron Piet rom slutligen i Hamburg i den karakteristiska 0,7 l sexkantiga flaskan.<\/p>\n","protected":false},"excerpt":{"rendered":"<p>Premium Rum &#8211; Panama<\/p>\n","protected":false},"featured_media":31798,"template":"","meta":{"_acf_changed":false,"rs_blank_template":"","rs_page_bg_color":"","slide_template_v7":""},"product_brand":[],"product_cat":[2387,4634,2391],"product_tag":[],"class_list":{"0":"post-31750","1":"product","2":"type-product","3":"status-publish","4":"has-post-thumbnail","6":"product_cat-avec-sv","7":"product_cat-premium-aged-sv","8":"product_cat-rom-sv","9":"pa_land-tyskland-sv","10":"pa_procent-37-5-sv","11":"pa_producent-ron-piet-sv","12":"pa_traefad-bourbon-sv","13":"pa_volume-70-sv-2","15":"first","16":"instock","17":"sale","18":"taxable","19":"shipping-taxable","20":"purchasable","21":"product-type-simple"},"bundled_by":[],"bundle_stock_status":"instock","bundle_stock_quantity":null,"bundle_virtual":false,"bundle_layout":"","bundle_add_to_cart_form_location":"","bundle_editable_in_cart":false,"bundle_sold_individually_context":"","bundle_item_grouping":"","bundle_min_size":"","bundle_max_size":"","bundle_price":[],"bundled_items":[],"bundle_sell_ids":[],"acf":[],"_links":{"self":[{"href":"https:\/\/www.raschvin.com\/sv\/wp-json\/wp\/v2\/product\/31750","targetHints":{"allow":["GET"]}}],"collection":[{"href":"https:\/\/www.raschvin.com\/sv\/wp-json\/wp\/v2\/product"}],"about":[{"href":"https:\/\/www.raschvin.com\/sv\/wp-json\/wp\/v2\/types\/product"}],"wp:featuredmedia":[{"embeddable":true,"href":"https:\/\/www.raschvin.com\/sv\/wp-json\/wp\/v2\/media\/31798"}],"wp:attachment":[{"href":"https:\/\/www.raschvin.com\/sv\/wp-json\/wp\/v2\/media?parent=31750"}],"wp:term":[{"taxonomy":"product_brand","embeddable":true,"href":"https:\/\/www.raschvin.com\/sv\/wp-json\/wp\/v2\/product_brand?post=31750"},{"taxonomy":"product_cat","embeddable":true,"href":"https:\/\/www.raschvin.com\/sv\/wp-json\/wp\/v2\/product_cat?post=31750"},{"taxonomy":"product_tag","embeddable":true,"href":"https:\/\/www.raschvin.com\/sv\/wp-json\/wp\/v2\/product_tag?post=31750"}],"curies":[{"name":"wp","href":"https:\/\/api.w.org\/{rel}","templated":true}]}}