{"id":31679,"date":"2023-02-26T08:15:49","date_gmt":"2023-02-26T07:15:49","guid":{"rendered":"https:\/\/www.raschvin.com\/produkt\/foursquare-sovereignty-14y-exceptional-cask-selection-70-cl-62\/"},"modified":"2023-11-26T18:15:40","modified_gmt":"2023-11-26T17:15:40","slug":"foursquare-sovereignty-14y-exceptional-cask-selection-70-cl-62","status":"publish","type":"product","link":"https:\/\/www.raschvin.com\/sv\/produkt\/foursquare-sovereignty-14y-exceptional-cask-selection-70-cl-62\/","title":{"rendered":"Foursquare Sovereignty 14Y Exceptional Cask Selection 70 cl. 62%"},"content":{"rendered":"<p>Sovereignty 14 years \u00e4r det senaste skottet fr\u00e5n Foursquares &#8221;Exceptional Cask Selection&#8221; och du m\u00e5ste vara snabb!<\/p>\n<p>Som alltid ligger Foursquares tappningar \u00f6verst i hierarkin, och denna flaska \u00e4r inget undantag. Destillerad i b\u00e5de Column och Pot stills och sedan lagrad 3 \u00e5r p\u00e5 ex-bourbonfat och sedan hela 11 \u00e5r p\u00e5 sherryfat. Smaken och komplexiteten \u00e4r o\u00f6vertr\u00e4ffad och du kan enkelt tills\u00e4tta en droppe vatten till den h\u00e4r typen av rom, varefter aromerna och smakerna \u00f6ppnar sig \u00e4nnu mer.<\/p>\n<p>Namnet Suver\u00e4nitet syftar p\u00e5 dagen i november 2021 d\u00e5 Barbados officiellt blev en republik och valde landets f\u00f6rsta president.<\/p>\n<p>Doften av torkade och s\u00f6ta frukter tillsammans med en otroligt intensiv choklad tr\u00e4ffar dina n\u00e4sborrar direkt, varefter den kryddiga eken rundar av n\u00e4san riktigt fint. Smaken \u00e4r djup och h\u00e5ller l\u00e4nge. Mild espresso, m\u00f6rk choklad och tropiska frukter fyller munnen, och alkoholen \u00e4r balanserad och sk\u00e4r igenom fint, vilket lyfter hela upplevelsen.<\/p>\n<p>V\u00e4ldigt f\u00e5 flaskor kvar.<\/p>\n","protected":false},"excerpt":{"rendered":"<p>Single Blended Rum &#8211; Barbados<\/p>\n","protected":false},"featured_media":31688,"template":"","meta":{"_acf_changed":false,"rs_blank_template":"","rs_page_bg_color":"","slide_template_v7":""},"product_brand":[],"product_cat":[2387,4634,2391],"product_tag":[],"class_list":{"0":"post-31679","1":"product","2":"type-product","3":"status-publish","4":"has-post-thumbnail","6":"product_cat-avec-sv","7":"product_cat-premium-aged-sv","8":"product_cat-rom-sv","9":"pa_champagne-type-single-cask-sv","10":"pa_land-barbados-sv","11":"pa_procent-62-sv","12":"pa_producent-foursquare-sv","13":"pa_volume-70-sv-2","15":"first","16":"instock","17":"taxable","18":"shipping-taxable","19":"purchasable","20":"product-type-simple"},"bundled_by":[],"bundle_stock_status":"instock","bundle_stock_quantity":1,"bundle_virtual":false,"bundle_layout":"","bundle_add_to_cart_form_location":"","bundle_editable_in_cart":false,"bundle_sold_individually_context":"","bundle_item_grouping":"","bundle_min_size":"","bundle_max_size":"","bundle_price":[],"bundled_items":[],"bundle_sell_ids":[],"acf":[],"_links":{"self":[{"href":"https:\/\/www.raschvin.com\/sv\/wp-json\/wp\/v2\/product\/31679","targetHints":{"allow":["GET"]}}],"collection":[{"href":"https:\/\/www.raschvin.com\/sv\/wp-json\/wp\/v2\/product"}],"about":[{"href":"https:\/\/www.raschvin.com\/sv\/wp-json\/wp\/v2\/types\/product"}],"wp:featuredmedia":[{"embeddable":true,"href":"https:\/\/www.raschvin.com\/sv\/wp-json\/wp\/v2\/media\/31688"}],"wp:attachment":[{"href":"https:\/\/www.raschvin.com\/sv\/wp-json\/wp\/v2\/media?parent=31679"}],"wp:term":[{"taxonomy":"product_brand","embeddable":true,"href":"https:\/\/www.raschvin.com\/sv\/wp-json\/wp\/v2\/product_brand?post=31679"},{"taxonomy":"product_cat","embeddable":true,"href":"https:\/\/www.raschvin.com\/sv\/wp-json\/wp\/v2\/product_cat?post=31679"},{"taxonomy":"product_tag","embeddable":true,"href":"https:\/\/www.raschvin.com\/sv\/wp-json\/wp\/v2\/product_tag?post=31679"}],"curies":[{"name":"wp","href":"https:\/\/api.w.org\/{rel}","templated":true}]}}