{"id":31676,"date":"2023-02-01T16:03:31","date_gmt":"2023-02-01T15:03:31","guid":{"rendered":"https:\/\/www.raschvin.com\/produkt\/malibu-black-100-cl-35\/"},"modified":"2023-02-01T16:03:31","modified_gmt":"2023-02-01T15:03:31","slug":"malibu-black-100-cl-35","status":"publish","type":"product","link":"https:\/\/www.raschvin.com\/sv\/produkt\/malibu-black-100-cl-35\/","title":{"rendered":"Malibu BLACK 100 cl. 35%"},"content":{"rendered":"<p>Malibu Black &#8211; ytterligare en medlem av Malibu-familjen<\/p>\n<p>Malibu Black \u00e4r baserad p\u00e5 en m\u00f6rk rombas och \u00e4r f\u00f6rfinad med en l\u00e4cker kokosarom. Tillverkad p\u00e5 Barbados, d\u00e4r endast naturliga smaker och rena sockerbetor anv\u00e4nds, \u00e4r resultatet en f\u00f6rstklassig sprit som passar perfekt in i varum\u00e4rkets redan framg\u00e5ngsrika sortiment. Extremt m\u00e5ngsidig och l\u00e4tt att blanda, Malibu Black \u00e4r en absolut berikning f\u00f6r varje husbar.<\/p>\n<p>F\u00e4rsk kn\u00e4ckt kokosn\u00f6t m\u00f6ter karibisk rom<\/p>\n<p>Malibu Black kommer med aromer av nykn\u00e4ckta kokosn\u00f6tter och fina karibiska romnyanser. Vanilj fr\u00e5n Madagaskar och varm kola i kombination med de fruktiga n\u00f6tiga egenskaperna hos kokosn\u00f6t tar dig till den karibiska kusten i rekordfart. I n\u00e4san kan du m\u00e4rka inslag av s\u00f6tma och torkade kokosn\u00f6tter. Vanilj- och kanelnyanserna sm\u00e4lter p\u00e5 tungan som nybakade macarons. Malibu Black \u00e4r ett riktigt fyrverkeri av smaker och inte f\u00f6r s\u00f6tt som andra i sitt slag.<\/p>\n<p>Perfekt njutning &#8211; ren, p\u00e5 klipporna eller i olika cocktails<\/p>\n<p>Men varf\u00f6r \u00e4r den h\u00e4r drycken en s\u00e5dan berikning? Det \u00e4r klart att det \u00e4r en absolut mixtalang som du kan anv\u00e4nda i en m\u00e4ngd olika longdrinks och cocktails. Oavsett vilken cocktail som skriker efter en portion kokos \u2013 med Malibu Black \u00e4r du p\u00e5 r\u00e4tt plats. Om du f\u00f6redrar att njuta av den ren, drick den p\u00e5 klipporna och tills\u00e4tt en skv\u00e4tt lime.<\/p>\n","protected":false},"excerpt":{"rendered":"<p>Made With Bold Caribbean Rum &#038; Coconut Flavour<\/p>\n","protected":false},"featured_media":31706,"template":"","meta":{"_acf_changed":false,"rs_blank_template":"","rs_page_bg_color":"","slide_template_v7":""},"product_brand":[],"product_cat":[2387,4670,2391,4678,4639,2390],"product_tag":[],"class_list":{"0":"post-31676","1":"product","2":"type-product","3":"status-publish","4":"has-post-thumbnail","6":"product_cat-avec-sv","7":"product_cat-frukt","8":"product_cat-rom-sv","9":"product_cat-romlikor","10":"product_cat-romliqueur-sv","11":"product_cat-sprit","12":"pa_land-barbados-sv","13":"pa_procent-35-sv","14":"pa_producent-pernod-ricard-sv","15":"pa_volume-100-sv","17":"first","18":"outofstock","19":"sale","20":"taxable","21":"shipping-taxable","22":"purchasable","23":"product-type-simple"},"bundled_by":[],"bundle_stock_status":"outofstock","bundle_stock_quantity":null,"bundle_virtual":false,"bundle_layout":"","bundle_add_to_cart_form_location":"","bundle_editable_in_cart":false,"bundle_sold_individually_context":"","bundle_item_grouping":"","bundle_min_size":"","bundle_max_size":"","bundle_price":[],"bundled_items":[],"bundle_sell_ids":[],"acf":[],"_links":{"self":[{"href":"https:\/\/www.raschvin.com\/sv\/wp-json\/wp\/v2\/product\/31676","targetHints":{"allow":["GET"]}}],"collection":[{"href":"https:\/\/www.raschvin.com\/sv\/wp-json\/wp\/v2\/product"}],"about":[{"href":"https:\/\/www.raschvin.com\/sv\/wp-json\/wp\/v2\/types\/product"}],"wp:featuredmedia":[{"embeddable":true,"href":"https:\/\/www.raschvin.com\/sv\/wp-json\/wp\/v2\/media\/31706"}],"wp:attachment":[{"href":"https:\/\/www.raschvin.com\/sv\/wp-json\/wp\/v2\/media?parent=31676"}],"wp:term":[{"taxonomy":"product_brand","embeddable":true,"href":"https:\/\/www.raschvin.com\/sv\/wp-json\/wp\/v2\/product_brand?post=31676"},{"taxonomy":"product_cat","embeddable":true,"href":"https:\/\/www.raschvin.com\/sv\/wp-json\/wp\/v2\/product_cat?post=31676"},{"taxonomy":"product_tag","embeddable":true,"href":"https:\/\/www.raschvin.com\/sv\/wp-json\/wp\/v2\/product_tag?post=31676"}],"curies":[{"name":"wp","href":"https:\/\/api.w.org\/{rel}","templated":true}]}}