{"id":31673,"date":"2023-02-01T15:53:59","date_gmt":"2023-02-01T14:53:59","guid":{"rendered":"https:\/\/www.raschvin.com\/produkt\/plantation-rum-extreme-no-4-jamaica-itp-25y-long-pond-70-cl-626\/"},"modified":"2023-02-01T15:53:59","modified_gmt":"2023-02-01T14:53:59","slug":"plantation-rum-extreme-no-4-jamaica-itp-25y-long-pond-70-cl-626","status":"publish","type":"product","link":"https:\/\/www.raschvin.com\/sv\/produkt\/plantation-rum-extreme-no-4-jamaica-itp-25y-long-pond-70-cl-626\/","title":{"rendered":"Plantation Rum &#8211; Extreme No.4 Jamaica ITP 25Y Long Pond 70 cl. 62,6%"},"content":{"rendered":"<p>Long Pond \u00e4r destilleriet p\u00e5 Jamaica som fr\u00e4mst representerar den klassiska \u00f6sterrikiska rom som har gjort Jamaica till v\u00e4rldens kanske mest hyllade romnation. Plantation Extr\u00eame n \u030a4 Long Pond ITP 1995 destilleras 1995 i en klassisk John Dore pot still. Efter 23 \u00e5r skickades det amerikanska bourbonfatet \u00f6ver Atlanten f\u00f6r att slutligen lagras i tv\u00e5 \u00e5r i fransk ek p\u00e5 konjakhuset Maison Ferrand i s\u00f6dra Frankrike. Sj\u00e4lva \u00f6verfarten tog mer \u00e4n en m\u00e5nad och utsatte fatet f\u00f6r havets p\u00e5frestningar, vilket starkt bidrog till rommens smak- och aromutveckling. Plantation \u00e4r k\u00e4nt f\u00f6r sin dubbellagring d\u00e4r tv\u00e5 kontinenter och helt olika klimat skapar en unik romstil. Alla releaser i Extr\u00eame-serien tappas p\u00e5 fatstyrka, alltid som enstaka fat utan blandning, f\u00e4rgning eller tillsatt socker.<\/p>\n<p>Doft: Mycket fruktig d\u00e4r mogna och gr\u00f6na exotiska frukter m\u00f6ts i en stilla kryddighet med eleganta toner av kanel, spiskummin, choklad, mandel och valn\u00f6tter.<\/p>\n<p>Smak: Blommig, l\u00e5ng och kraftfull. Karamelliserad ananas och m\u00f6rk choklad med inslag av r\u00f6da k\u00f6rsb\u00e4r, torkade aprikoser och mogna p\u00e4ron.<\/p>\n<p>Om Plantation Rum<br \/>\nPlantation Rum \u00e4r en fransk-karibisk romproducent som, genom att utforska b\u00e5de historiska och nya metoder, vill lyfta fram rommens m\u00e5ngsidighet, tradition och ursprung. Fokus ligger alltid p\u00e5 f\u00f6rvaring, arv och nyfikenhet. Plantation Rums romsorter \u00e4r alltid dubbellagrade enligt gammal tradition. Den franske grundaren och m\u00e4starblandaren Alexandre Gabriel \u00e4r en passionerad innovat\u00f6r som st\u00e4ndigt tar med nya smaker och komplexa kombinationer till romv\u00e4rlden. Idag finns Plantation Rums rom \u00f6ver hela v\u00e4rlden.<\/p>\n","protected":false},"excerpt":{"rendered":"<p>Rum Crafted By Maison Ferrand \u2013 France<\/p>\n","protected":false},"featured_media":31737,"template":"","meta":{"_acf_changed":false,"rs_blank_template":"","rs_page_bg_color":"","slide_template_v7":""},"product_brand":[],"product_cat":[2387,8359,4634,2391],"product_tag":[],"class_list":{"0":"post-31673","1":"product","2":"type-product","3":"status-publish","4":"has-post-thumbnail","6":"product_cat-avec-sv","7":"product_cat-planteray-sv","8":"product_cat-premium-aged-sv","9":"product_cat-rom-sv","10":"pa_champagne-type-single-cask-sv","11":"pa_land-jamaica-sv","12":"pa_procent-62-6-sv","13":"pa_producent-maison-ferrand-sv","14":"pa_vintage-1995-sv","15":"pa_volume-70-sv-2","17":"first","18":"instock","19":"taxable","20":"shipping-taxable","21":"purchasable","22":"product-type-simple"},"bundled_by":[],"bundle_stock_status":"instock","bundle_stock_quantity":6,"bundle_virtual":false,"bundle_layout":"","bundle_add_to_cart_form_location":"","bundle_editable_in_cart":false,"bundle_sold_individually_context":"","bundle_item_grouping":"","bundle_min_size":"","bundle_max_size":"","bundle_price":[],"bundled_items":[],"bundle_sell_ids":[],"acf":[],"_links":{"self":[{"href":"https:\/\/www.raschvin.com\/sv\/wp-json\/wp\/v2\/product\/31673","targetHints":{"allow":["GET"]}}],"collection":[{"href":"https:\/\/www.raschvin.com\/sv\/wp-json\/wp\/v2\/product"}],"about":[{"href":"https:\/\/www.raschvin.com\/sv\/wp-json\/wp\/v2\/types\/product"}],"wp:featuredmedia":[{"embeddable":true,"href":"https:\/\/www.raschvin.com\/sv\/wp-json\/wp\/v2\/media\/31737"}],"wp:attachment":[{"href":"https:\/\/www.raschvin.com\/sv\/wp-json\/wp\/v2\/media?parent=31673"}],"wp:term":[{"taxonomy":"product_brand","embeddable":true,"href":"https:\/\/www.raschvin.com\/sv\/wp-json\/wp\/v2\/product_brand?post=31673"},{"taxonomy":"product_cat","embeddable":true,"href":"https:\/\/www.raschvin.com\/sv\/wp-json\/wp\/v2\/product_cat?post=31673"},{"taxonomy":"product_tag","embeddable":true,"href":"https:\/\/www.raschvin.com\/sv\/wp-json\/wp\/v2\/product_tag?post=31673"}],"curies":[{"name":"wp","href":"https:\/\/api.w.org\/{rel}","templated":true}]}}