{"id":31668,"date":"2023-02-01T14:49:44","date_gmt":"2023-02-01T13:49:44","guid":{"rendered":"https:\/\/www.raschvin.com\/produkt\/malibu-150-cl-21\/"},"modified":"2023-02-01T14:49:44","modified_gmt":"2023-02-01T13:49:44","slug":"malibu-150-cl-21","status":"publish","type":"product","link":"https:\/\/www.raschvin.com\/sv\/produkt\/malibu-150-cl-21\/","title":{"rendered":"Malibu 150 cl. 21%"},"content":{"rendered":"<p>Malibu Original Rom \u00e4r den b\u00e4sta s\u00e4ljande Caribiska rom i v\u00e4rlden med smak av kokos. Denna vita forfriskende rom har en h\u00e4rlig, mjuk smak af kokos, vilket g\u00f6r den perfekt till drinkar och cocktails.<br \/>\nMed en perfekt blandning av uts\u00f6kt vit rom fr\u00e5n Barbados och naturliga kokos inkapsler Malibu k\u00e4nner en sommar! Barbados \u00e4r k\u00e4nt f\u00f6r sin hvide rom, som har en l\u00e4ttare och mer delikat smak \u00e4n p\u00e5 andra caribiske \u00f8er. Hennes uttr\u00e6kkes siruppen av lokala sockerr\u00f6r, g\u00e6res och destilleres tre g\u00e5nger i specialfremstillede destillationsapparater p\u00e5 Barbados\u2019 namnkundige Black Rock-destilleri. Resultatet \u00e4r en kvalitetsrom med diskrete noter af sockerr\u00f6r och sm\u00f6r. Blandet med socker och naturliga kokos utg\u00f6r det v\u00e4rldens mest popul\u00e4ra exotiska romdrik.<\/p>\n","protected":false},"excerpt":{"rendered":"<p>Original Coconut Flavoured Rum Liqueur<\/p>\n","protected":false},"featured_media":31703,"template":"","meta":{"_acf_changed":false,"rs_blank_template":"","rs_page_bg_color":"","slide_template_v7":""},"product_brand":[],"product_cat":[2387,4670,4678,2390],"product_tag":[],"class_list":{"0":"post-31668","1":"product","2":"type-product","3":"status-publish","4":"has-post-thumbnail","6":"product_cat-avec-sv","7":"product_cat-frukt","8":"product_cat-romlikor","9":"product_cat-sprit","10":"pa_land-barbados-sv","11":"pa_procent-21-sv","12":"pa_producent-altia-pernod-ricard-sv","13":"pa_volume-150-sv","15":"first","16":"outofstock","17":"sale","18":"taxable","19":"shipping-taxable","20":"purchasable","21":"product-type-simple"},"bundled_by":[],"bundle_stock_status":"outofstock","bundle_stock_quantity":null,"bundle_virtual":false,"bundle_layout":"","bundle_add_to_cart_form_location":"","bundle_editable_in_cart":false,"bundle_sold_individually_context":"","bundle_item_grouping":"","bundle_min_size":"","bundle_max_size":"","bundle_price":[],"bundled_items":[],"bundle_sell_ids":[],"acf":[],"_links":{"self":[{"href":"https:\/\/www.raschvin.com\/sv\/wp-json\/wp\/v2\/product\/31668","targetHints":{"allow":["GET"]}}],"collection":[{"href":"https:\/\/www.raschvin.com\/sv\/wp-json\/wp\/v2\/product"}],"about":[{"href":"https:\/\/www.raschvin.com\/sv\/wp-json\/wp\/v2\/types\/product"}],"wp:featuredmedia":[{"embeddable":true,"href":"https:\/\/www.raschvin.com\/sv\/wp-json\/wp\/v2\/media\/31703"}],"wp:attachment":[{"href":"https:\/\/www.raschvin.com\/sv\/wp-json\/wp\/v2\/media?parent=31668"}],"wp:term":[{"taxonomy":"product_brand","embeddable":true,"href":"https:\/\/www.raschvin.com\/sv\/wp-json\/wp\/v2\/product_brand?post=31668"},{"taxonomy":"product_cat","embeddable":true,"href":"https:\/\/www.raschvin.com\/sv\/wp-json\/wp\/v2\/product_cat?post=31668"},{"taxonomy":"product_tag","embeddable":true,"href":"https:\/\/www.raschvin.com\/sv\/wp-json\/wp\/v2\/product_tag?post=31668"}],"curies":[{"name":"wp","href":"https:\/\/api.w.org\/{rel}","templated":true}]}}