{"id":31660,"date":"2023-02-01T14:01:48","date_gmt":"2023-02-01T13:01:48","guid":{"rendered":"https:\/\/www.raschvin.com\/produkt\/skyy-vodka-100-cl-40\/"},"modified":"2023-02-01T14:02:48","modified_gmt":"2023-02-01T13:02:48","slug":"skyy-vodka-100-cl-40","status":"publish","type":"product","link":"https:\/\/www.raschvin.com\/sv\/produkt\/skyy-vodka-100-cl-40\/","title":{"rendered":"Skyy Vodka 100 cl. 40%"},"content":{"rendered":"<p>Kultvodka fr\u00e5n San Francisco! Skyy \u00e4r annorlunda. I den sl\u00e5ende koboltbl\u00e5 flaskan \u00e4r den inte bara en blickfangare utan \u00f6vertygar den ocks\u00e5 med sin exceptionella renhet och smakskvalitet. Skyy Vodka vagga finns i San Francisco. F\u00f6retagaren Maurice Kanbar &#8211; \u00e4lskare av spritdrycker &#8211; ville ha en vodka s\u00e5 ren och ren att man kunde njuta av den utan \u00e5nger. Efter \u00e5ratal med intensiv forskning lanserade Kanbar en revolutionerande ny vodka 1992. F\u00f6r tillverkningen utvecklade han en temperaturkontrollerad fyrfaldig destillationsprocess som kontinuerligt eliminerar f\u00f6roreningar. I en trippelfiltreringsprocess avl\u00e4gsnas sedan ytterligare o\u00f6nskade partiklar. Resultatet \u00e4r en mycket ren, vodka med full kropp &#8211; &#8221;vodka utan huvudv\u00e4rk&#8221;. Horisonten \u00f6ver San Francisco, den bl\u00e5 himmelens enorma omfattning och dess obegr\u00e4nsade m\u00f6jligheter inspirerade Maurice Kanbar till att namnge Skyy. Skyy Vodkas mildhet g\u00f6r det till ren njutning och en bas i en l\u00e5ng drink eller cocktail. S\u00e4rskilt i en vodka-martini, vodka-gimlet eller en kosmopolitisk cocktail vecklar den ut sin renhet.<\/p>\n","protected":false},"excerpt":{"rendered":"<p>Est. 1992 San Francisco USA &#8211; American Premium Vodka<\/p>\n","protected":false},"featured_media":31719,"template":"","meta":{"_acf_changed":false,"rs_blank_template":"","rs_page_bg_color":"","slide_template_v7":""},"product_brand":[],"product_cat":[4609,2402,2409],"product_tag":[],"class_list":{"0":"post-31660","1":"product","2":"type-product","3":"status-publish","4":"has-post-thumbnail","6":"product_cat-plain-sv","7":"product_cat-sprit-sv","8":"product_cat-vodka-sv","9":"pa_land-usa-sv","10":"pa_procent-40-sv-2","11":"pa_producent-maurice-kanbar-sv","12":"pa_volume-100-sv","14":"first","15":"outofstock","16":"taxable","17":"shipping-taxable","18":"purchasable","19":"product-type-simple"},"bundled_by":[],"bundle_stock_status":"outofstock","bundle_stock_quantity":null,"bundle_virtual":false,"bundle_layout":"","bundle_add_to_cart_form_location":"","bundle_editable_in_cart":false,"bundle_sold_individually_context":"","bundle_item_grouping":"","bundle_min_size":"","bundle_max_size":"","bundle_price":[],"bundled_items":[],"bundle_sell_ids":[],"acf":[],"_links":{"self":[{"href":"https:\/\/www.raschvin.com\/sv\/wp-json\/wp\/v2\/product\/31660","targetHints":{"allow":["GET"]}}],"collection":[{"href":"https:\/\/www.raschvin.com\/sv\/wp-json\/wp\/v2\/product"}],"about":[{"href":"https:\/\/www.raschvin.com\/sv\/wp-json\/wp\/v2\/types\/product"}],"wp:featuredmedia":[{"embeddable":true,"href":"https:\/\/www.raschvin.com\/sv\/wp-json\/wp\/v2\/media\/31719"}],"wp:attachment":[{"href":"https:\/\/www.raschvin.com\/sv\/wp-json\/wp\/v2\/media?parent=31660"}],"wp:term":[{"taxonomy":"product_brand","embeddable":true,"href":"https:\/\/www.raschvin.com\/sv\/wp-json\/wp\/v2\/product_brand?post=31660"},{"taxonomy":"product_cat","embeddable":true,"href":"https:\/\/www.raschvin.com\/sv\/wp-json\/wp\/v2\/product_cat?post=31660"},{"taxonomy":"product_tag","embeddable":true,"href":"https:\/\/www.raschvin.com\/sv\/wp-json\/wp\/v2\/product_tag?post=31660"}],"curies":[{"name":"wp","href":"https:\/\/api.w.org\/{rel}","templated":true}]}}