{"id":28839,"date":"2023-01-01T11:21:44","date_gmt":"2023-01-01T10:21:44","guid":{"rendered":"https:\/\/www.raschvin.com\/?post_type=product&#038;p=28839"},"modified":"2025-10-23T10:23:11","modified_gmt":"2025-10-23T08:23:11","slug":"presentkort-vaerde-1500-dkk","status":"publish","type":"product","link":"https:\/\/www.raschvin.com\/sv\/produkt\/presentkort-vaerde-1500-dkk\/","title":{"rendered":"Presentkort v\u00e4rde 1500 DKK"},"content":{"rendered":"<p>K\u00f6p ett presentkort till ett v\u00e4rde av 1500 DKK till n\u00e5gon du bryr dig om. V\u00e5ra presentkort kan anv\u00e4ndas online och i v\u00e5r fysiska butik.<\/p>\n","protected":false},"excerpt":{"rendered":"<p>K\u00f6p ett presentkort till ett v\u00e4rde av 1500 DKK till n\u00e5gon du bryr dig om. V\u00e5ra presentkort kan anv\u00e4ndas online och i v\u00e5r fysiska butik.<\/p>\n","protected":false},"featured_media":31404,"template":"","meta":{"_acf_changed":false,"rs_blank_template":"","rs_page_bg_color":"","slide_template_v7":""},"product_brand":[],"product_cat":[2753,2757],"product_tag":[],"class_list":{"0":"post-28839","1":"product","2":"type-product","3":"status-publish","4":"has-post-thumbnail","6":"product_cat-gaavor","7":"product_cat-present-kort","9":"first","10":"instock","11":"taxable","12":"shipping-taxable","13":"purchasable","14":"product-type-wgm_gift_card"},"bundled_by":[],"bundle_stock_status":"instock","bundle_stock_quantity":null,"bundle_virtual":false,"bundle_layout":"","bundle_add_to_cart_form_location":"","bundle_editable_in_cart":false,"bundle_sold_individually_context":"","bundle_item_grouping":"","bundle_min_size":"","bundle_max_size":"","bundle_price":[],"bundled_items":[],"bundle_sell_ids":[],"acf":[],"_links":{"self":[{"href":"https:\/\/www.raschvin.com\/sv\/wp-json\/wp\/v2\/product\/28839","targetHints":{"allow":["GET"]}}],"collection":[{"href":"https:\/\/www.raschvin.com\/sv\/wp-json\/wp\/v2\/product"}],"about":[{"href":"https:\/\/www.raschvin.com\/sv\/wp-json\/wp\/v2\/types\/product"}],"wp:featuredmedia":[{"embeddable":true,"href":"https:\/\/www.raschvin.com\/sv\/wp-json\/wp\/v2\/media\/31404"}],"wp:attachment":[{"href":"https:\/\/www.raschvin.com\/sv\/wp-json\/wp\/v2\/media?parent=28839"}],"wp:term":[{"taxonomy":"product_brand","embeddable":true,"href":"https:\/\/www.raschvin.com\/sv\/wp-json\/wp\/v2\/product_brand?post=28839"},{"taxonomy":"product_cat","embeddable":true,"href":"https:\/\/www.raschvin.com\/sv\/wp-json\/wp\/v2\/product_cat?post=28839"},{"taxonomy":"product_tag","embeddable":true,"href":"https:\/\/www.raschvin.com\/sv\/wp-json\/wp\/v2\/product_tag?post=28839"}],"curies":[{"name":"wp","href":"https:\/\/api.w.org\/{rel}","templated":true}]}}