{"id":28735,"date":"2023-01-05T15:35:55","date_gmt":"2023-01-05T14:35:55","guid":{"rendered":"https:\/\/www.raschvin.com\/produkt\/comte-de-brismand-nv-75-cl\/"},"modified":"2023-03-17T09:04:52","modified_gmt":"2023-03-17T08:04:52","slug":"comte-de-brismand-nv-75-cl","status":"publish","type":"product","link":"https:\/\/www.raschvin.com\/sv\/produkt\/comte-de-brismand-nv-75-cl\/","title":{"rendered":"Comte de Brismand Brut Reserve 75 cl."},"content":{"rendered":"<p>Den skapades av Pinot Noir, Pinot Meunier och Chardonnay &#8211; bara naturligt i Champagne. Du kan h\u00f6ra de vackert fungerande bubblorna&#8230;<\/p>\n<p>Mycket ljus f\u00e4rg, intressant smak. Frukt, \u00e4pple men ocks\u00e5 lite honung. Allt \u00e4r fr\u00e4scht, ibland finns det till och med en touch av jordgubbar.<\/p>\n<p>Ett vin med bra syra, genomt\u00e4nkt, och f\u00f6rh\u00e5llandet mellan kvalitet och pris.<\/p>\n<p>Perfekt till pasta, grillad kyckling, jag skulle \u00e4ven servera med citront\u00e5rta. Den \u00e4r l\u00e4mplig att dricka vid viktiga tillf\u00e4llen \u2013 den \u00e4r elegant nog, men \u00e4ven som en del av en mysig kv\u00e4ll kommer den s\u00e4kert att komplettera en trevlig stund i s\u00e4llskap.<\/p>\n<p>P\u00e5 grund av den h\u00f6ga syran skulle jag rekommendera dem till folk som uppskattar torra viner och inte \u00e4r ute efter &#8221;s\u00f6ta bubblor&#8221;.<\/p>\n","protected":false},"excerpt":{"rendered":"<p>Champagne &#8211; France<\/p>\n","protected":false},"featured_media":31446,"template":"","meta":{"_acf_changed":false,"rs_blank_template":"","rs_page_bg_color":"","slide_template_v7":""},"product_brand":[],"product_cat":[2745,2747],"product_tag":[],"class_list":{"0":"post-28735","1":"product","2":"type-product","3":"status-publish","4":"has-post-thumbnail","6":"product_cat-champagne-sv","7":"product_cat-non-vintage-sv","8":"pa_champagne-type-brut-sv","9":"pa_drue-pinot-meunier-pinot-noir-chardonnay-sv","10":"pa_land-frankrike","11":"pa_procent-12-5-sv","12":"pa_region-champagne-sv","13":"pa_vintage-none-vintage-nv-sv","14":"pa_volume-75-sv","16":"first","17":"instock","18":"taxable","19":"shipping-taxable","20":"purchasable","21":"product-type-simple"},"bundled_by":[],"bundle_stock_status":"instock","bundle_stock_quantity":null,"bundle_virtual":false,"bundle_layout":"","bundle_add_to_cart_form_location":"","bundle_editable_in_cart":false,"bundle_sold_individually_context":"","bundle_item_grouping":"","bundle_min_size":"","bundle_max_size":"","bundle_price":[],"bundled_items":[],"bundle_sell_ids":[],"acf":[],"_links":{"self":[{"href":"https:\/\/www.raschvin.com\/sv\/wp-json\/wp\/v2\/product\/28735","targetHints":{"allow":["GET"]}}],"collection":[{"href":"https:\/\/www.raschvin.com\/sv\/wp-json\/wp\/v2\/product"}],"about":[{"href":"https:\/\/www.raschvin.com\/sv\/wp-json\/wp\/v2\/types\/product"}],"wp:featuredmedia":[{"embeddable":true,"href":"https:\/\/www.raschvin.com\/sv\/wp-json\/wp\/v2\/media\/31446"}],"wp:attachment":[{"href":"https:\/\/www.raschvin.com\/sv\/wp-json\/wp\/v2\/media?parent=28735"}],"wp:term":[{"taxonomy":"product_brand","embeddable":true,"href":"https:\/\/www.raschvin.com\/sv\/wp-json\/wp\/v2\/product_brand?post=28735"},{"taxonomy":"product_cat","embeddable":true,"href":"https:\/\/www.raschvin.com\/sv\/wp-json\/wp\/v2\/product_cat?post=28735"},{"taxonomy":"product_tag","embeddable":true,"href":"https:\/\/www.raschvin.com\/sv\/wp-json\/wp\/v2\/product_tag?post=28735"}],"curies":[{"name":"wp","href":"https:\/\/api.w.org\/{rel}","templated":true}]}}