{"id":28712,"date":"2023-01-05T13:16:45","date_gmt":"2023-01-05T12:16:45","guid":{"rendered":"https:\/\/www.raschvin.com\/produkt\/vaccari-sambuca-70-cl-38\/"},"modified":"2023-04-08T10:04:41","modified_gmt":"2023-04-08T08:04:41","slug":"vaccari-sambuca-70-cl-38","status":"publish","type":"product","link":"https:\/\/www.raschvin.com\/sv\/produkt\/vaccari-sambuca-70-cl-38\/","title":{"rendered":"Vaccari Sambuca 70 cl. 38%"},"content":{"rendered":"<p>Vaccari Sambuca lanserades 1990 och uppkallad efter skaparen av Galliano, destillat\u00f6ren Arturo Vaccari. Destillerad i Italien har spriten sin mjuka och rena anismak tack vare en unik destilleringsprocess med en mycket s\u00e4llsynt kinesisk stj\u00e4rnanis.<\/p>\n<p>Vaccari Sambuca har distinkta f\u00f6rpackningar som \u00e5terspeglar dess produkt- och varum\u00e4rkeskvalitet. Mexiko, Nederl\u00e4nderna och Irland \u00e4r Vaccaris nyckelmarknader, d\u00e4r det traditionellt konsumeras snyggt med tre kaffeb\u00f6nor f\u00f6r lycka till.<\/p>\n","protected":false},"excerpt":{"rendered":"<p>Italian Licorice Liqueur <\/p>\n","protected":false},"featured_media":31436,"template":"","meta":{"_acf_changed":false,"rs_blank_template":"","rs_page_bg_color":"","slide_template_v7":""},"product_brand":[],"product_cat":[2387,2390,4666],"product_tag":[],"class_list":{"0":"post-28712","1":"product","2":"type-product","3":"status-publish","4":"has-post-thumbnail","6":"product_cat-avec-sv","7":"product_cat-sprit","8":"product_cat-lakrits-sprit","9":"pa_land-italien-sv","10":"pa_procent-38-sv","11":"pa_producent-lucas-bols-b-v-sv","12":"pa_volume-70-sv-2","14":"first","15":"instock","16":"taxable","17":"shipping-taxable","18":"purchasable","19":"product-type-simple"},"bundled_by":[],"bundle_stock_status":"instock","bundle_stock_quantity":null,"bundle_virtual":false,"bundle_layout":"","bundle_add_to_cart_form_location":"","bundle_editable_in_cart":false,"bundle_sold_individually_context":"","bundle_item_grouping":"","bundle_min_size":"","bundle_max_size":"","bundle_price":[],"bundled_items":[],"bundle_sell_ids":[],"acf":[],"_links":{"self":[{"href":"https:\/\/www.raschvin.com\/sv\/wp-json\/wp\/v2\/product\/28712","targetHints":{"allow":["GET"]}}],"collection":[{"href":"https:\/\/www.raschvin.com\/sv\/wp-json\/wp\/v2\/product"}],"about":[{"href":"https:\/\/www.raschvin.com\/sv\/wp-json\/wp\/v2\/types\/product"}],"wp:featuredmedia":[{"embeddable":true,"href":"https:\/\/www.raschvin.com\/sv\/wp-json\/wp\/v2\/media\/31436"}],"wp:attachment":[{"href":"https:\/\/www.raschvin.com\/sv\/wp-json\/wp\/v2\/media?parent=28712"}],"wp:term":[{"taxonomy":"product_brand","embeddable":true,"href":"https:\/\/www.raschvin.com\/sv\/wp-json\/wp\/v2\/product_brand?post=28712"},{"taxonomy":"product_cat","embeddable":true,"href":"https:\/\/www.raschvin.com\/sv\/wp-json\/wp\/v2\/product_cat?post=28712"},{"taxonomy":"product_tag","embeddable":true,"href":"https:\/\/www.raschvin.com\/sv\/wp-json\/wp\/v2\/product_tag?post=28712"}],"curies":[{"name":"wp","href":"https:\/\/api.w.org\/{rel}","templated":true}]}}