{"id":28576,"date":"2022-12-25T14:44:43","date_gmt":"2022-12-25T13:44:43","guid":{"rendered":"https:\/\/www.raschvin.com\/produkt\/ron-centenario-gran-reserva-25-70-cl-40\/"},"modified":"2023-01-26T09:59:27","modified_gmt":"2023-01-26T08:59:27","slug":"ron-centenario-gran-reserva-25-70-cl-40","status":"publish","type":"product","link":"https:\/\/www.raschvin.com\/sv\/produkt\/ron-centenario-gran-reserva-25-70-cl-40\/","title":{"rendered":"Ron Centenario Gran Reserva 25 70 cl. 40%"},"content":{"rendered":"<p>Rom Gran Reserva 25 YO \u00e4r inte bara lagrad rom, utan en uts\u00f6kt blandning av romsorter som lagras under olika perioder. Enligt Solera-processen blandades olika sorter som lagrats p\u00e5 fat i mellan 6 och 25 \u00e5r i Gran Reserva f\u00f6r att skapa en underbart balanserad rom.<\/p>\n<p>Rommen k\u00e4nnetecknas framf\u00f6r allt av sin doft av tr\u00e4 och de fruktiga \u00e4pplentonerna. F\u00e4rgm\u00e4ssigt imponerar den med en stark b\u00e4rnstensf\u00e4rg som blinkar med mahognyreflektioner. Smakm\u00e4ssigt kan rommen beskrivas som n\u00e5got s\u00f6t, med en tr\u00e4ig finish, plus en v\u00e4lbalanserad bukett av gr\u00f6na frukter, vanilj och en klick citron och kola.<\/p>\n<p>Gran Reserva 25 YO kommer i en elegant presentf\u00f6rpackning som optimalt skyddar flaskan och dess inneh\u00e5ll fr\u00e5n sol och skador. Med sina 40% vol. \u00e4r rommen trevlig att dricka snygg, men ger ocks\u00e5 den n\u00f6dv\u00e4ndiga elegansen i en cocktail!<\/p>\n<p>I inget land \u00e4r naturen s\u00e5 vacker och imponerande som i Costa Rica. De vidstr\u00e4ckta regnskogarna och det behagliga klimatet i Karibien frammanar en dr\u00f6mlik atmosf\u00e4r att tillbringa en avkopplande semester i. I Costa Rica imponerar inte bara naturen utan ocks\u00e5 ett destilleri som producerar h\u00f6gkvalitativ rom och s\u00e4ljer den \u00f6ver hela v\u00e4rlden. Utbudet av Centenario Internacional inkluderar \u00e4ven Ron Centenario Gran Reserva 25 \u00e5r. Som namnet antyder lagras rommen p\u00e5 utvalda ekfat i 25 \u00e5r innan den buteljeras i attraktiva 700 ml-flaskor. Under sin l\u00e5nga mognadsperiod utvecklar droppen omissk\u00e4nnliga egenskaper.<\/p>\n<p>Ron Centenario Gran Reserva 25 \u00e5r \u00e4r en droppe som ingen finsmakare b\u00f6r missa. Buketten p\u00e5minner om m\u00f6rk kola och starka n\u00f6tter, som ackompanjeras av en subtil kryddighet. S\u00e5 fort flaskan \u00f6ppnas sprider sig doften ut i atmosf\u00e4ren och l\u00e4mnar ett djupt intryck. Smaken av Ron Centenario 25 Years Rum visar ocks\u00e5 en s\u00f6t sida och \u00e4r intensivt influerad av karamelltonerna i gommen. N\u00f6tterna k\u00e4nns ocks\u00e5 tydligt i munnen och sk\u00e4mmer bort finsmakaren l\u00e4nge. Som med vilken god sprit som helst, b\u00f6r den perfekta finishen inte saknas med denna rom heller.<br \/>\nProduktinformation om Ron Centenario Gran Reserva 25 \u00e5r:<\/p>\n<p>I avslutningen \u00f6vertygar Ron Centenario Gran Reserva 25 \u00e5r med l\u00e5ngvariga toner som p\u00e5minner om kryddig ek och \u00e4r s\u00e4rskilt intensiva i de sista klunkarna. Droppen skapades f\u00f6r kr\u00e4sna finsmakare som vill bli bortsk\u00e4mda med en anda av frid och lugn. Ron Centenario Gran Reserva 25 \u00e5r har en alkoholhalt p\u00e5 runt 40% per 700 ml. Det \u00f6vergripande intrycket av spriten \u00e4r mycket harmoniskt, eftersom rommen inte bara \u00e4r v\u00e4l koordinerad vad g\u00e4ller inneh\u00e5ll, utan \u00e4ven visuellt. Den som f\u00f6rv\u00e4ntar sig mycket mer av en rom \u00e4n bara klassisk njutning \u00e4r v\u00e4l betj\u00e4nt av Ron Centenario.<\/p>\n","protected":false},"excerpt":{"rendered":"<p>Premium Aged Rum \u2013 Product of Costa Rica<\/p>\n","protected":false},"featured_media":31396,"template":"","meta":{"_acf_changed":false,"rs_blank_template":"","rs_page_bg_color":"","slide_template_v7":""},"product_brand":[],"product_cat":[2387,4634,2391],"product_tag":[],"class_list":{"0":"post-28576","1":"product","2":"type-product","3":"status-publish","4":"has-post-thumbnail","6":"product_cat-avec-sv","7":"product_cat-premium-aged-sv","8":"product_cat-rom-sv","9":"pa_land-costa-rica-sv","10":"pa_procent-40-sv-2","11":"pa_producent-centenario-internacional-sv","12":"pa_volume-70-sv-2","14":"first","15":"instock","16":"sale","17":"taxable","18":"shipping-taxable","19":"purchasable","20":"product-type-simple"},"bundled_by":[],"bundle_stock_status":"instock","bundle_stock_quantity":null,"bundle_virtual":false,"bundle_layout":"","bundle_add_to_cart_form_location":"","bundle_editable_in_cart":false,"bundle_sold_individually_context":"","bundle_item_grouping":"","bundle_min_size":"","bundle_max_size":"","bundle_price":[],"bundled_items":[],"bundle_sell_ids":[],"acf":[],"_links":{"self":[{"href":"https:\/\/www.raschvin.com\/sv\/wp-json\/wp\/v2\/product\/28576","targetHints":{"allow":["GET"]}}],"collection":[{"href":"https:\/\/www.raschvin.com\/sv\/wp-json\/wp\/v2\/product"}],"about":[{"href":"https:\/\/www.raschvin.com\/sv\/wp-json\/wp\/v2\/types\/product"}],"wp:featuredmedia":[{"embeddable":true,"href":"https:\/\/www.raschvin.com\/sv\/wp-json\/wp\/v2\/media\/31396"}],"wp:attachment":[{"href":"https:\/\/www.raschvin.com\/sv\/wp-json\/wp\/v2\/media?parent=28576"}],"wp:term":[{"taxonomy":"product_brand","embeddable":true,"href":"https:\/\/www.raschvin.com\/sv\/wp-json\/wp\/v2\/product_brand?post=28576"},{"taxonomy":"product_cat","embeddable":true,"href":"https:\/\/www.raschvin.com\/sv\/wp-json\/wp\/v2\/product_cat?post=28576"},{"taxonomy":"product_tag","embeddable":true,"href":"https:\/\/www.raschvin.com\/sv\/wp-json\/wp\/v2\/product_tag?post=28576"}],"curies":[{"name":"wp","href":"https:\/\/api.w.org\/{rel}","templated":true}]}}