{"id":28463,"date":"2022-12-20T10:28:16","date_gmt":"2022-12-20T09:28:16","guid":{"rendered":"https:\/\/www.raschvin.com\/produkt\/leclerc-briant-millesime-extra-brut-premier-cru-2016-eco-75-cl\/"},"modified":"2026-02-11T16:45:21","modified_gmt":"2026-02-11T15:45:21","slug":"leclerc-briant-millesime-extra-brut-premier-cru-2016-eco-75-cl","status":"publish","type":"product","link":"https:\/\/www.raschvin.com\/sv\/produkt\/leclerc-briant-millesime-extra-brut-premier-cru-2016-eco-75-cl\/","title":{"rendered":"Leclerc Briant Millesime Extra Brut Premier Cru 2016 (ECO) 75 cl."},"content":{"rendered":"<p>\u00c5rg\u00e5ngen 2014 av detta vin uppn\u00e5dde 96 po\u00e4ng och en guldmedalj vid Decanter World Wine Awards, och 2016 f\u00f6ljer efter i kvalitet och stil.<\/p>\n<p>Det \u00e4r en blandning av 60% Pinot Noir och 40% Chardonnay, med endast 3g socker per portion. liter. G\u00f6r den fin och torr och uppfriskande.<\/p>\n<p>Detta vin \u00e4r inte bara ekologiskt, utan hela paketet \u00e4r helt h\u00e5llbart. Flaskan \u00e4r gjord av \u00e5tervunnet glas, etiketten \u00e4r bomull ist\u00e4llet f\u00f6r papper och folien \u00e4r gjord av \u00e5tervunnet tenn och aluminium.<\/p>\n<p>Detta \u00e4r fantastisk kvalitet och h\u00e4rkomst f\u00f6r priset.<\/p>\n<p>Citron och mandel \u00f6verfl\u00f6d av dolda understr\u00f6mmar av krispig salthalt, allt utm\u00e4rkt h\u00e5lls i schack i gommen med stram syra. Exceptionellt gott, detta vin har s\u00e5 mycket att erbjuda med p\u00e5sar av nerv\u00f6s energi. Helst ska den ha n\u00e5gra \u00e5r till i flaskan. Drick 2024 \u2013 2032.<\/p>\n","protected":false},"excerpt":{"rendered":"<p>Champagne Leclerc Briant \u2013 France<\/p>\n","protected":false},"featured_media":31358,"template":"","meta":{"_acf_changed":false,"rs_blank_template":"","rs_page_bg_color":"","slide_template_v7":""},"product_brand":[],"product_cat":[2745,2750],"product_tag":[],"class_list":{"0":"post-28463","1":"product","2":"type-product","3":"status-publish","4":"has-post-thumbnail","6":"product_cat-champagne-sv","7":"product_cat-vintage-sv","8":"pa_champagne-type-extra-brut-sv","9":"pa_drue-chardonnay-sv","10":"pa_drue-pinot-noir-sv","11":"pa_land-frankrike","12":"pa_oekologisk-organisk","13":"pa_procent-12-sv","14":"pa_producent-leclerc-briant-sv","15":"pa_region-champagne-sv","16":"pa_serveringstemperatur-10-12-sv-2","17":"pa_vintage-2016-sv","18":"pa_volume-75-sv","20":"first","21":"instock","22":"taxable","23":"shipping-taxable","24":"purchasable","25":"product-type-simple"},"bundled_by":[],"bundle_stock_status":"instock","bundle_stock_quantity":null,"bundle_virtual":false,"bundle_layout":"","bundle_add_to_cart_form_location":"","bundle_editable_in_cart":false,"bundle_sold_individually_context":"","bundle_item_grouping":"","bundle_min_size":"","bundle_max_size":"","bundle_price":[],"bundled_items":[],"bundle_sell_ids":[],"acf":[],"_links":{"self":[{"href":"https:\/\/www.raschvin.com\/sv\/wp-json\/wp\/v2\/product\/28463","targetHints":{"allow":["GET"]}}],"collection":[{"href":"https:\/\/www.raschvin.com\/sv\/wp-json\/wp\/v2\/product"}],"about":[{"href":"https:\/\/www.raschvin.com\/sv\/wp-json\/wp\/v2\/types\/product"}],"wp:featuredmedia":[{"embeddable":true,"href":"https:\/\/www.raschvin.com\/sv\/wp-json\/wp\/v2\/media\/31358"}],"wp:attachment":[{"href":"https:\/\/www.raschvin.com\/sv\/wp-json\/wp\/v2\/media?parent=28463"}],"wp:term":[{"taxonomy":"product_brand","embeddable":true,"href":"https:\/\/www.raschvin.com\/sv\/wp-json\/wp\/v2\/product_brand?post=28463"},{"taxonomy":"product_cat","embeddable":true,"href":"https:\/\/www.raschvin.com\/sv\/wp-json\/wp\/v2\/product_cat?post=28463"},{"taxonomy":"product_tag","embeddable":true,"href":"https:\/\/www.raschvin.com\/sv\/wp-json\/wp\/v2\/product_tag?post=28463"}],"curies":[{"name":"wp","href":"https:\/\/api.w.org\/{rel}","templated":true}]}}