{"id":28456,"date":"2022-12-20T09:51:31","date_gmt":"2022-12-20T08:51:31","guid":{"rendered":"https:\/\/www.raschvin.com\/produkt\/cuvee-abyss-brut-zero-2017-eco-75-cl\/"},"modified":"2023-03-28T08:36:14","modified_gmt":"2023-03-28T06:36:14","slug":"cuvee-abyss-brut-zero-2017-eco-75-cl","status":"publish","type":"product","link":"https:\/\/www.raschvin.com\/sv\/produkt\/cuvee-abyss-brut-zero-2017-eco-75-cl\/","title":{"rendered":"Leclerc Briant Cuvee Abyss Brut Zero &#8211; 2017 (ECO) 75 cl."},"content":{"rendered":"<p><iframe loading=\"lazy\" title=\"Discover the new Abyss\" width=\"1080\" height=\"608\" src=\"https:\/\/www.youtube.com\/embed\/VA_ScrnRYMM?feature=oembed\" frameborder=\"0\" allow=\"accelerometer; autoplay; clipboard-write; encrypted-media; gyroscope; picture-in-picture\" allowfullscreen><\/iframe><\/p>\n<p>2012, som var en utm\u00e4rkt \u00e5rg\u00e5ng f\u00f6r Champagne,<\/p>\n<p>De allierade sig med f\u00f6retaget Amphoris som disponerar 1 ha. av Atlantens botten, utanf\u00f6r \u00f6n Ouessant, v\u00e4ster om Bretagnes kust. Till \u00e5rg\u00e5ngen 2017 valde Leclerc-Briant att blanda 1\/3 Chardonnay druvor fr\u00e5n Bisseuil, 1\/3 Pinot Noir fr\u00e5n Avenay-Val-dOr och 1\/3 Pinot Meunier fr\u00e5n Vrigny \u2013 alla tre sorter odlade p\u00e5 jordar med h\u00f6g halt av krita , motsvarande havsbotten vid Ouessant Island (Ushant p\u00e5 engelska). Vinet buteljerades i juli 2018 och digorgerades i b\u00f6rjan av augusti 2021. I slutet av augusti samma \u00e5r s\u00e4nktes flaskorna till havsbotten p\u00e5 60 meters djup, d\u00e4r trycket \u00e4r detsamma som i en flaska champagne (6 bar). Abyss h\u00f6jdes p\u00e5 land i b\u00f6rjan av juli 2022, efter att flaskorna varit i kontakt i 10 m\u00e5nader med energin fr\u00e5n havsbotten, vattenr\u00f6relserna i djupet, skaldjur, mikroorganismer mm.<\/p>\n<p>Vinet har m\u00e5nga sm\u00e5 fina och ih\u00e5llande bubblor som omedelbart varnar f\u00f6r ett mycket intensivt och krispigt vin. I doften \u00e4r Abyss otroligt koncentrerad och komplex, med massor av l\u00e4ckra detaljer. Samma stil forts\u00e4tter i smaken med mycket friskhet och kr\u00e4miga, fruktiga och l\u00e4tt exotiska nyanser, vilket ger denna ovanliga champagne en fantastisk harmoni. Den avslutas med fina toner av citrus, vita persikor och vildrosor samt en mineralitet och en l\u00e4tt salt touch som \u00e4r klassisk f\u00f6r Leclerc-Briant och som kommer fram fint h\u00e4r. En unik upplevelse! Perfekt f\u00f6r festliga tillf\u00e4llen eller till mat, speciellt med skaldjur (t.ex. pilgrimsmusslor eller ostron) eller fisk (g\u00e4rna grillad).<\/p>\n","protected":false},"excerpt":{"rendered":"<p>Champagne Leclerc Briant &#8211; France<\/p>\n","protected":false},"featured_media":31380,"template":"","meta":{"_acf_changed":false,"rs_blank_template":"","rs_page_bg_color":"","slide_template_v7":""},"product_brand":[],"product_cat":[2745,2750],"product_tag":[],"class_list":{"0":"post-28456","1":"product","2":"type-product","3":"status-publish","4":"has-post-thumbnail","6":"product_cat-champagne-sv","7":"product_cat-vintage-sv","8":"pa_champagne-type-brut-sv","9":"pa_drue-chardonnay-sv","10":"pa_drue-pinot-meunier-sv","11":"pa_drue-pinot-noir-sv","12":"pa_land-frankrike","13":"pa_oekologisk-organisk","14":"pa_procent-12-sv","15":"pa_producent-leclerc-briant-sv","16":"pa_region-champagne-sv","17":"pa_serveringstemperatur-10-12-sv-2","18":"pa_vintage-2017-sv","19":"pa_volume-75-sv","21":"first","22":"instock","23":"sale","24":"taxable","25":"shipping-taxable","26":"purchasable","27":"product-type-simple"},"bundled_by":[],"bundle_stock_status":"instock","bundle_stock_quantity":null,"bundle_virtual":false,"bundle_layout":"","bundle_add_to_cart_form_location":"","bundle_editable_in_cart":false,"bundle_sold_individually_context":"","bundle_item_grouping":"","bundle_min_size":"","bundle_max_size":"","bundle_price":[],"bundled_items":[],"bundle_sell_ids":[],"acf":[],"_links":{"self":[{"href":"https:\/\/www.raschvin.com\/sv\/wp-json\/wp\/v2\/product\/28456","targetHints":{"allow":["GET"]}}],"collection":[{"href":"https:\/\/www.raschvin.com\/sv\/wp-json\/wp\/v2\/product"}],"about":[{"href":"https:\/\/www.raschvin.com\/sv\/wp-json\/wp\/v2\/types\/product"}],"wp:featuredmedia":[{"embeddable":true,"href":"https:\/\/www.raschvin.com\/sv\/wp-json\/wp\/v2\/media\/31380"}],"wp:attachment":[{"href":"https:\/\/www.raschvin.com\/sv\/wp-json\/wp\/v2\/media?parent=28456"}],"wp:term":[{"taxonomy":"product_brand","embeddable":true,"href":"https:\/\/www.raschvin.com\/sv\/wp-json\/wp\/v2\/product_brand?post=28456"},{"taxonomy":"product_cat","embeddable":true,"href":"https:\/\/www.raschvin.com\/sv\/wp-json\/wp\/v2\/product_cat?post=28456"},{"taxonomy":"product_tag","embeddable":true,"href":"https:\/\/www.raschvin.com\/sv\/wp-json\/wp\/v2\/product_tag?post=28456"}],"curies":[{"name":"wp","href":"https:\/\/api.w.org\/{rel}","templated":true}]}}