{"id":28452,"date":"2022-12-20T09:22:40","date_gmt":"2022-12-20T08:22:40","guid":{"rendered":"https:\/\/www.raschvin.com\/produkt\/bumbu-rum-co-the-original-70-cl-40\/"},"modified":"2023-03-14T14:06:30","modified_gmt":"2023-03-14T13:06:30","slug":"bumbu-rum-co-the-original-70-cl-40","status":"publish","type":"product","link":"https:\/\/www.raschvin.com\/sv\/produkt\/bumbu-rum-co-the-original-70-cl-40\/","title":{"rendered":"Bumbu Rum CO. &#8211; The Original 70 cl. 40%"},"content":{"rendered":"<p>Bumbu Rum destilleras enligt gamla traditioner p\u00e5 Barbados. Destilleriet grundades allts\u00e5 1893 och har producerat rom i mer \u00e4n 120 \u00e5r.<\/p>\n<p>Som en korall\u00f6 har Barbados n\u00e5got av det renaste vattnet i v\u00e4rlden och Bumbu drar nytta av det. D\u00e4rf\u00f6r anv\u00e4nds inga konstgjorda tillsatser i denna rom heller, utan endast naturligt f\u00f6rekommande v\u00e4xter fr\u00e5n Barbados. En j\u00e4ststam anv\u00e4nds som \u00e4r hemlig, men man vet att den har anv\u00e4nts f\u00f6r romproduktion sedan 1840.<br \/>\nDestillering sker p\u00e5 tv\u00e5 ur\u00e5ldriga kolonnstillverk och rommen lagras sedan i upp till 15 \u00e5r p\u00e5 de finaste anv\u00e4nda faten av bourbon ek.<\/p>\n<p>Rommen i sig \u00e4r v\u00e4ldigt komplex och har en smickrande lukt och smak av frukt och en underbar doft av tropiska frukter.<br \/>\nDetta beror p\u00e5 att sockerr\u00f6r fr\u00e5n 8 olika l\u00e4nder, alla med sina egna egenskaper, har anv\u00e4nts:<br \/>\nBarbados: S\u00f6t och sammetslen med vanilj och banan<br \/>\nBelize: Medelfyllig med toner av kaffe och kakao<br \/>\nBrasillien: L\u00e4tt och fruktig med toner av tropiska frukter<br \/>\nCosta Rica: Mycket rik p\u00e5 koriander och ingef\u00e4ra<br \/>\nDominikanska republiken: mycket rik och s\u00f6t med kola och vanilj<br \/>\nEl Salvador: L\u00e4tt och torr med blommiga aromer<br \/>\nGuyana: Dj\u00e4rv och tung med umami, choklad och kola<br \/>\nHonduras: Medelfyllig med toner av apelsin och kanel<\/p>\n<p>Bumbu har vunnit ett hav av utm\u00e4rkelser &#8211; senast trippelguld vid Los Angeles International Spiritist-t\u00e4vlingen 2017.<\/p>\n","protected":false},"excerpt":{"rendered":"<p>Premium Blended Rum<\/p>\n","protected":false},"featured_media":31350,"template":"","meta":{"_acf_changed":false,"rs_blank_template":"","rs_page_bg_color":"","slide_template_v7":""},"product_brand":[],"product_cat":[2387,4634,2391],"product_tag":[],"class_list":{"0":"post-28452","1":"product","2":"type-product","3":"status-publish","4":"has-post-thumbnail","6":"product_cat-avec-sv","7":"product_cat-premium-aged-sv","8":"product_cat-rom-sv","9":"pa_land-karibien","10":"pa_procent-40-sv-2","11":"pa_volume-70-sv-2","13":"first","14":"outofstock","15":"sale","16":"taxable","17":"shipping-taxable","18":"purchasable","19":"product-type-simple"},"bundled_by":[],"bundle_stock_status":"outofstock","bundle_stock_quantity":null,"bundle_virtual":false,"bundle_layout":"","bundle_add_to_cart_form_location":"","bundle_editable_in_cart":false,"bundle_sold_individually_context":"","bundle_item_grouping":"","bundle_min_size":"","bundle_max_size":"","bundle_price":[],"bundled_items":[],"bundle_sell_ids":[],"acf":[],"_links":{"self":[{"href":"https:\/\/www.raschvin.com\/sv\/wp-json\/wp\/v2\/product\/28452","targetHints":{"allow":["GET"]}}],"collection":[{"href":"https:\/\/www.raschvin.com\/sv\/wp-json\/wp\/v2\/product"}],"about":[{"href":"https:\/\/www.raschvin.com\/sv\/wp-json\/wp\/v2\/types\/product"}],"wp:featuredmedia":[{"embeddable":true,"href":"https:\/\/www.raschvin.com\/sv\/wp-json\/wp\/v2\/media\/31350"}],"wp:attachment":[{"href":"https:\/\/www.raschvin.com\/sv\/wp-json\/wp\/v2\/media?parent=28452"}],"wp:term":[{"taxonomy":"product_brand","embeddable":true,"href":"https:\/\/www.raschvin.com\/sv\/wp-json\/wp\/v2\/product_brand?post=28452"},{"taxonomy":"product_cat","embeddable":true,"href":"https:\/\/www.raschvin.com\/sv\/wp-json\/wp\/v2\/product_cat?post=28452"},{"taxonomy":"product_tag","embeddable":true,"href":"https:\/\/www.raschvin.com\/sv\/wp-json\/wp\/v2\/product_tag?post=28452"}],"curies":[{"name":"wp","href":"https:\/\/api.w.org\/{rel}","templated":true}]}}