{"id":28447,"date":"2022-12-20T09:10:42","date_gmt":"2022-12-20T08:10:42","guid":{"rendered":"https:\/\/www.raschvin.com\/produkt\/fanoe-skibsrom-kaptajnen-70-cl-43\/"},"modified":"2024-03-26T13:54:51","modified_gmt":"2024-03-26T12:54:51","slug":"fanoe-skibsrom-kaptajnen-70-cl-43","status":"publish","type":"product","link":"https:\/\/www.raschvin.com\/sv\/produkt\/fanoe-skibsrom-kaptajnen-70-cl-43\/","title":{"rendered":"Fan\u00f8 Skibsrom &#8211; Kaptajnen 70 cl. 43%"},"content":{"rendered":"<p>Fan\u00f8 Shiproom \u2013 Kaptenen \u00e4r p\u00e5 d\u00e4ck<\/p>\n<p>Aj<\/p>\n<p>Med anledning av Fan\u00f8 Skibsroms grundare Lars J. Schous kommande 80-\u00e5rsdag har vi som en hyllning gjort en ny Fan\u00f8 Skibsrom, som \u00e4r kryddad och lagrad precis som han hade velat ha den. Den kallas f\u00f6rst\u00e5s Kaptenen.<\/p>\n<p>Den har legat l\u00e4nge och har \u00e5ldrats totalt 5 \u00e5r p\u00e5 ekfat. Den har en alkoholprocent p\u00e5 43% och smaktonerna \u00e4r komplexa och rika med toner av tr\u00e4, tobak och lite s\u00f6tma.<\/p>\n<p>Destillerad p\u00e5 Jamaica och d\u00e4refter raffinerad p\u00e5 Fan\u00f8. Bearbetningen best\u00e5r av en tv\u00e5stegslagring. F\u00f6rst lagras rommen med naturliga smak\u00e4mnen (inklusive Fan\u00f8ljunghonung, havtorn och Madagaskarvanilj). Den f\u00f6rvaras sedan i portfat.<\/p>\n<p>Vi har redan tappat de f\u00f6rsta flaskorna. V\u00e5r f\u00f6rsta batch\/produktion \u00e4r totalt 929 flaskor.<\/p>\n<p>*Kapten \u00e4r f\u00f6rst\u00e5s Lars Schou &#8211; grundare av Fan\u00f8 Skibsrom \ud83d\ude0a<\/p>\n","protected":false},"excerpt":{"rendered":"<p>Imported Jamaica Rum \u2013 Oak Aged in Denmark (Fan\u00f8)<\/p>\n","protected":false},"featured_media":45018,"template":"","meta":{"_acf_changed":false,"rs_blank_template":"","rs_page_bg_color":"","slide_template_v7":""},"product_brand":[],"product_cat":[2387,4634,2391],"product_tag":[],"class_list":{"0":"post-28447","1":"product","2":"type-product","3":"status-publish","4":"has-post-thumbnail","6":"product_cat-avec-sv","7":"product_cat-premium-aged-sv","8":"product_cat-rom-sv","9":"pa_land-danmark-sv","10":"pa_procent-43-sv","11":"pa_producent-fanoe-spirits-sv","12":"pa_region-fanoe-sv","13":"pa_volume-70-sv-2","15":"first","16":"instock","17":"sale","18":"taxable","19":"shipping-taxable","20":"purchasable","21":"product-type-simple"},"bundled_by":[],"bundle_stock_status":"instock","bundle_stock_quantity":null,"bundle_virtual":false,"bundle_layout":"","bundle_add_to_cart_form_location":"","bundle_editable_in_cart":false,"bundle_sold_individually_context":"","bundle_item_grouping":"","bundle_min_size":"","bundle_max_size":"","bundle_price":[],"bundled_items":[],"bundle_sell_ids":[],"acf":[],"_links":{"self":[{"href":"https:\/\/www.raschvin.com\/sv\/wp-json\/wp\/v2\/product\/28447","targetHints":{"allow":["GET"]}}],"collection":[{"href":"https:\/\/www.raschvin.com\/sv\/wp-json\/wp\/v2\/product"}],"about":[{"href":"https:\/\/www.raschvin.com\/sv\/wp-json\/wp\/v2\/types\/product"}],"wp:featuredmedia":[{"embeddable":true,"href":"https:\/\/www.raschvin.com\/sv\/wp-json\/wp\/v2\/media\/45018"}],"wp:attachment":[{"href":"https:\/\/www.raschvin.com\/sv\/wp-json\/wp\/v2\/media?parent=28447"}],"wp:term":[{"taxonomy":"product_brand","embeddable":true,"href":"https:\/\/www.raschvin.com\/sv\/wp-json\/wp\/v2\/product_brand?post=28447"},{"taxonomy":"product_cat","embeddable":true,"href":"https:\/\/www.raschvin.com\/sv\/wp-json\/wp\/v2\/product_cat?post=28447"},{"taxonomy":"product_tag","embeddable":true,"href":"https:\/\/www.raschvin.com\/sv\/wp-json\/wp\/v2\/product_tag?post=28447"}],"curies":[{"name":"wp","href":"https:\/\/api.w.org\/{rel}","templated":true}]}}