{"id":28178,"date":"2022-12-13T11:50:01","date_gmt":"2022-12-13T10:50:01","guid":{"rendered":"https:\/\/www.raschvin.com\/produkt\/whitley-neill-connoisseurs-cut-gin-70-cl-47\/"},"modified":"2023-04-09T10:17:17","modified_gmt":"2023-04-09T08:17:17","slug":"whitley-neill-connoisseurs-cut-gin-70-cl-47","status":"publish","type":"product","link":"https:\/\/www.raschvin.com\/sv\/produkt\/whitley-neill-connoisseurs-cut-gin-70-cl-47\/","title":{"rendered":"Whitley Neill &#8211; Connoisseur&#8217;s Cut Gin 70 cl. 47%"},"content":{"rendered":"<p>Premium gin fr\u00e5n industrins st\u00e5ndaktiga Whitley Neill, buteljerad med 47 % ABV f\u00f6r att l\u00e5ta den botaniska rikedomen skina igenom. Ett djupt traditionellt sju botaniskt recept som inneh\u00e5ller tre typer av citrus f\u00f6r djup och balans.<\/p>\n<p>Citron, grapefrukt och apelsin (i den ordningen) g\u00f6r sig omedelbart uppenbara till st\u00f6d f\u00f6r sin enb\u00e4rsledare.<\/p>\n","protected":false},"excerpt":{"rendered":"<p>English Handcrafted Gin<\/p>\n","protected":false},"featured_media":31306,"template":"","meta":{"_acf_changed":false,"rs_blank_template":"","rs_page_bg_color":"","slide_template_v7":""},"product_brand":[],"product_cat":[2402,2404,4711],"product_tag":[],"class_list":{"0":"post-28178","1":"product","2":"type-product","3":"status-publish","4":"has-post-thumbnail","6":"product_cat-sprit-sv","7":"product_cat-gin-sv","8":"product_cat-andra-gins","9":"pa_land-england-sv","10":"pa_procent-47-sv","11":"pa_producent-whitley-neill-co-sv","12":"pa_volume-70-sv-2","14":"first","15":"outofstock","16":"sale","17":"taxable","18":"shipping-taxable","19":"purchasable","20":"product-type-simple"},"bundled_by":[],"bundle_stock_status":"outofstock","bundle_stock_quantity":null,"bundle_virtual":false,"bundle_layout":"","bundle_add_to_cart_form_location":"","bundle_editable_in_cart":false,"bundle_sold_individually_context":"","bundle_item_grouping":"","bundle_min_size":"","bundle_max_size":"","bundle_price":[],"bundled_items":[],"bundle_sell_ids":[],"acf":[],"_links":{"self":[{"href":"https:\/\/www.raschvin.com\/sv\/wp-json\/wp\/v2\/product\/28178","targetHints":{"allow":["GET"]}}],"collection":[{"href":"https:\/\/www.raschvin.com\/sv\/wp-json\/wp\/v2\/product"}],"about":[{"href":"https:\/\/www.raschvin.com\/sv\/wp-json\/wp\/v2\/types\/product"}],"wp:featuredmedia":[{"embeddable":true,"href":"https:\/\/www.raschvin.com\/sv\/wp-json\/wp\/v2\/media\/31306"}],"wp:attachment":[{"href":"https:\/\/www.raschvin.com\/sv\/wp-json\/wp\/v2\/media?parent=28178"}],"wp:term":[{"taxonomy":"product_brand","embeddable":true,"href":"https:\/\/www.raschvin.com\/sv\/wp-json\/wp\/v2\/product_brand?post=28178"},{"taxonomy":"product_cat","embeddable":true,"href":"https:\/\/www.raschvin.com\/sv\/wp-json\/wp\/v2\/product_cat?post=28178"},{"taxonomy":"product_tag","embeddable":true,"href":"https:\/\/www.raschvin.com\/sv\/wp-json\/wp\/v2\/product_tag?post=28178"}],"curies":[{"name":"wp","href":"https:\/\/api.w.org\/{rel}","templated":true}]}}