{"id":28134,"date":"2022-12-12T20:08:20","date_gmt":"2022-12-12T19:08:20","guid":{"rendered":"https:\/\/www.raschvin.com\/produkt\/underberg-bitter-12x2-cl-44\/"},"modified":"2023-04-08T08:20:13","modified_gmt":"2023-04-08T06:20:13","slug":"underberg-bitter-12x2-cl-44","status":"publish","type":"product","link":"https:\/\/www.raschvin.com\/sv\/produkt\/underberg-bitter-12x2-cl-44\/","title":{"rendered":"Underberg Bitter 12&#215;2 cl. 44%"},"content":{"rendered":"<p>Underberg \u00e4r en v\u00e4rldsber\u00f6md tysk \u00f6rtbitter som har producerats av familjen Underberg sedan 1846. Tillverkningen av Underberg \u00e4r en v\u00e4l bevarad hemlighet, k\u00e4nd endast f\u00f6r n\u00e5gra medlemmar av familjen Underberg och tv\u00e5 katolska pr\u00e4ster. Idag \u00e4r det 5:e generationen i familjen som f\u00f6r de stolta traditionerna vidare.<br \/>\nUnderberg bitter best\u00e5r av inte mindre \u00e4n 43 olika \u00f6rter fr\u00e5n hela v\u00e4rlden. Underberg inneh\u00e5ller endast vatten, alkohol och \u00f6rtextrakt och lagras i flera m\u00e5nader p\u00e5 slovenska ekfat. Det \u00e4r ett distinkt matsm\u00e4ltningsmedel, vilket betyder att det fr\u00e4mjar matsm\u00e4ltningen.<br \/>\n\u00d6rter, kryddor och en hint av &#8221;jul&#8221; k\u00e4nns i doften. \u00d6rterna dyker upp igen i smaken som vecklas ut med en l\u00e4tt s\u00f6t ton. Den har en harmonisk och rik smak av \u00f6rter.<br \/>\nNjut av Underberg efter en god m\u00e5ltid eller i traditionella bittra situationer, till exempel med en \u00f6l.<br \/>\nH\u00e4r f\u00e5r du 12 stycken av den ikoniska, lilla flaskan med papper runt i en f\u00f6rpackning.<\/p>\n","protected":false},"excerpt":{"rendered":"<p>The Natural Herbal Digestive<\/p>\n","protected":false},"featured_media":31270,"template":"","meta":{"_acf_changed":false,"rs_blank_template":"","rs_page_bg_color":"","slide_template_v7":""},"product_brand":[],"product_cat":[2387,2390,2394,4714],"product_tag":[],"class_list":{"0":"post-28134","1":"product","2":"type-product","3":"status-publish","4":"has-post-thumbnail","6":"product_cat-avec-sv","7":"product_cat-sprit","8":"product_cat-bitter-sv","9":"product_cat-ort","10":"pa_land-tyskland-sv","11":"pa_procent-44-sv","12":"pa_producent-underberg-ag-sv","13":"pa_region-rheinberg-sv","14":"pa_volume-24-sv","16":"first","17":"outofstock","18":"sale","19":"taxable","20":"shipping-taxable","21":"purchasable","22":"product-type-simple"},"bundled_by":[],"bundle_stock_status":"outofstock","bundle_stock_quantity":null,"bundle_virtual":false,"bundle_layout":"","bundle_add_to_cart_form_location":"","bundle_editable_in_cart":false,"bundle_sold_individually_context":"","bundle_item_grouping":"","bundle_min_size":"","bundle_max_size":"","bundle_price":[],"bundled_items":[],"bundle_sell_ids":[],"acf":[],"_links":{"self":[{"href":"https:\/\/www.raschvin.com\/sv\/wp-json\/wp\/v2\/product\/28134","targetHints":{"allow":["GET"]}}],"collection":[{"href":"https:\/\/www.raschvin.com\/sv\/wp-json\/wp\/v2\/product"}],"about":[{"href":"https:\/\/www.raschvin.com\/sv\/wp-json\/wp\/v2\/types\/product"}],"wp:featuredmedia":[{"embeddable":true,"href":"https:\/\/www.raschvin.com\/sv\/wp-json\/wp\/v2\/media\/31270"}],"wp:attachment":[{"href":"https:\/\/www.raschvin.com\/sv\/wp-json\/wp\/v2\/media?parent=28134"}],"wp:term":[{"taxonomy":"product_brand","embeddable":true,"href":"https:\/\/www.raschvin.com\/sv\/wp-json\/wp\/v2\/product_brand?post=28134"},{"taxonomy":"product_cat","embeddable":true,"href":"https:\/\/www.raschvin.com\/sv\/wp-json\/wp\/v2\/product_cat?post=28134"},{"taxonomy":"product_tag","embeddable":true,"href":"https:\/\/www.raschvin.com\/sv\/wp-json\/wp\/v2\/product_tag?post=28134"}],"curies":[{"name":"wp","href":"https:\/\/api.w.org\/{rel}","templated":true}]}}