{"id":28024,"date":"2022-12-11T18:16:52","date_gmt":"2022-12-11T17:16:52","guid":{"rendered":"https:\/\/www.raschvin.com\/produkt\/wolfburn-no-204-small-batch-release-madeira-cask-70-cl-46\/"},"modified":"2023-04-09T14:28:32","modified_gmt":"2023-04-09T12:28:32","slug":"wolfburn-no-204-small-batch-release-madeira-cask-70-cl-46","status":"publish","type":"product","link":"https:\/\/www.raschvin.com\/sv\/produkt\/wolfburn-no-204-small-batch-release-madeira-cask-70-cl-46\/","title":{"rendered":"Wolfburn &#8211; No. 204 Small Batch Release Madeira Cask 70 cl. 46%"},"content":{"rendered":"<p>Batch 204 \u00e4r begr\u00e4nsad till 5 800 flaskor \u00f6ver hela v\u00e4rlden.<br \/>\nF\u00f6rst lagrades singelmaltwhiskyn i fem \u00e5r p\u00e5 tidigare f\u00f6rstfyllda bourbonfat, sedan i ytterligare sex m\u00e5nader i Fresh exMadeira Hogsheads i lager nr 2 i destilleriet &#8211; i rad 04 &#8211; d\u00e4rav namnet Batch No. 204.<\/p>\n<p>N\u00e4sa: milda vinaromer, med bakade \u00e4pplen och russin<\/p>\n<p>Smak: fyllande i munnen och s\u00f6t i smaken &#8211; tydliga toner av mogna plommon och p\u00e4ron, sedan igen s\u00f6tman fr\u00e5n Madeiravinet och kryddig ek &#8211; l\u00e4tta vaniljtoner &#8211; i bakgrunden kola och m\u00f6rk choklad<\/p>\n<p>Finish: mjuk och s\u00f6t i Finish &#8211; v\u00e5gor av punch och s\u00f6ta frukter<\/p>\n<p>Om Wolfburn Distillery<br \/>\nWolfburn \u00e4r det nordligaste destilleriet p\u00e5 det skotska fastlandet och sj\u00e4lva spetsen av det brittiska fastlandet. H\u00e4r g\u00f6rs whisky p\u00e5 samma s\u00e4tt som det alltid har gjorts sedan 1400-talet: f\u00f6r hand, med de b\u00e4sta r\u00e5varorna och utan br\u00e5dska. William Smith grundade destilleriet 1821 i utkanten av staden Thurso, vilket betyder &#8221;Thors plats&#8221; och har r\u00f6tter som g\u00e5r tillbaka till vikingarna. Smith d\u00f6pte destilleriet till Wolfburn efter b\u00e4cken som rinner precis bredvid den. &#8221;Burn&#8221; \u00e4r egentligen skotskt f\u00f6r &#8221;liten flod&#8221;. Destilleriet byggdes i de h\u00e4rdiga, lokala Caihness-stenarna och n\u00e4r man 2011 ville \u00e5teruppt\u00e4cka det gamla destilleriet efter 150 \u00e5rs gl\u00f6mska hittade man de gamla, r\u00e5a stenarna.<\/p>\n<p>En avg\u00f6rande faktor f\u00f6r god whisky fanns dock kvar, lika fr\u00e4sch och bubblande som f\u00f6r n\u00e4stan 200 \u00e5r sedan: det kalla vattnet i Wolfburn. 2012 r\u00f6jde d\u00e4rf\u00f6r skottarna ett litet, n\u00e4rliggande stycke land fr\u00e5n tistlar och ogr\u00e4s och b\u00f6rjade igen, 150 \u00e5r senare, att skapa whisky p\u00e5 plats med vatten fr\u00e5n Wolfburn. Redan har Wolfburn vunnit ett stort antal priser och f\u00e5tt mycket ber\u00f6m. Inte minst av v\u00e4rldens mest k\u00e4nda whiskyrecensent, Jim Murray: F\u00f6r all sin ungdom glimmar dess f\u00f6rtr\u00e4fflighet och kvalitet fr\u00e5n glaset. L\u00e4gg till detta ett guld vid World Whisky Awards, guld vid World Spirits Awards och guld p\u00e5 Concours International de Lyon.<\/p>\n","protected":false},"excerpt":{"rendered":"<p>Single Malt Scotch Whisky<\/p>\n","protected":false},"featured_media":31256,"template":"","meta":{"_acf_changed":false,"rs_blank_template":"","rs_page_bg_color":"","slide_template_v7":""},"product_brand":[],"product_cat":[2387,4651,2392],"product_tag":[],"class_list":{"0":"post-28024","1":"product","2":"type-product","3":"status-publish","4":"has-post-thumbnail","6":"product_cat-avec-sv","7":"product_cat-single-malt-sv","8":"product_cat-whisky-sv","9":"pa_land-skottland","10":"pa_procent-46-sv","11":"pa_producent-wolfburn-destillery-sv","12":"pa_region-highlands-sv","13":"pa_traefad-bourbon-sv","14":"pa_traefad-madeira-sv","15":"pa_volume-70-sv-2","17":"first","18":"outofstock","19":"sale","20":"taxable","21":"shipping-taxable","22":"purchasable","23":"product-type-simple"},"bundled_by":[],"bundle_stock_status":"outofstock","bundle_stock_quantity":null,"bundle_virtual":false,"bundle_layout":"","bundle_add_to_cart_form_location":"","bundle_editable_in_cart":false,"bundle_sold_individually_context":"","bundle_item_grouping":"","bundle_min_size":"","bundle_max_size":"","bundle_price":[],"bundled_items":[],"bundle_sell_ids":[],"acf":[],"_links":{"self":[{"href":"https:\/\/www.raschvin.com\/sv\/wp-json\/wp\/v2\/product\/28024","targetHints":{"allow":["GET"]}}],"collection":[{"href":"https:\/\/www.raschvin.com\/sv\/wp-json\/wp\/v2\/product"}],"about":[{"href":"https:\/\/www.raschvin.com\/sv\/wp-json\/wp\/v2\/types\/product"}],"wp:featuredmedia":[{"embeddable":true,"href":"https:\/\/www.raschvin.com\/sv\/wp-json\/wp\/v2\/media\/31256"}],"wp:attachment":[{"href":"https:\/\/www.raschvin.com\/sv\/wp-json\/wp\/v2\/media?parent=28024"}],"wp:term":[{"taxonomy":"product_brand","embeddable":true,"href":"https:\/\/www.raschvin.com\/sv\/wp-json\/wp\/v2\/product_brand?post=28024"},{"taxonomy":"product_cat","embeddable":true,"href":"https:\/\/www.raschvin.com\/sv\/wp-json\/wp\/v2\/product_cat?post=28024"},{"taxonomy":"product_tag","embeddable":true,"href":"https:\/\/www.raschvin.com\/sv\/wp-json\/wp\/v2\/product_tag?post=28024"}],"curies":[{"name":"wp","href":"https:\/\/api.w.org\/{rel}","templated":true}]}}