{"id":28016,"date":"2022-12-11T17:52:23","date_gmt":"2022-12-11T16:52:23","guid":{"rendered":"https:\/\/www.raschvin.com\/produkt\/percheron-chenin-blanc-viognier-75-cl\/"},"modified":"2023-04-02T10:26:54","modified_gmt":"2023-04-02T08:26:54","slug":"percheron-chenin-blanc-viognier-75-cl","status":"publish","type":"product","link":"https:\/\/www.raschvin.com\/sv\/produkt\/percheron-chenin-blanc-viognier-75-cl\/","title":{"rendered":"Percheron &#8211; Chenin Blanc-Viognier 75 cl."},"content":{"rendered":"<p>Vinet \u00e4r en blandning av Chenin Blanc och Viognier. En utm\u00e4rkt duo d\u00e4r Viognier mjukar upp Chenin-druvans friska syra. Mycket aromatisk med k\u00e4nsla av p\u00e4ron, passionsfrukt och vita blommor. Vinet \u00e4r b\u00e5de fylligt och fr\u00e4scht p\u00e5 samma g\u00e5ng, det vill s\u00e4ga med god fyllighet och citrustoner i eftersmaken. Ett charmigt och brett vitt vin som klarar allt.<\/p>\n<p>Musten genomg\u00e5r alkoholj\u00e4sning i rostfria tankar. Vinet lagras inte p\u00e5 ekfat, d\u00e5 maximal fr\u00e4sch\u00f6r \u00f6nskas f\u00f6r frukten.<\/p>\n<p>Percheron har f\u00e5tt sitt namn fr\u00e5n den stora, tunga arbetsh\u00e4sten och upplever faktiskt lite av en ren\u00e4ssans i Sydafrika idag \u2013 den v\u00e4ger mycket mindre \u00e4n en traktor och \u00e4r d\u00e4rf\u00f6r mindre skadlig i f\u00e4lt. Percheron f\u00f6ddes ur vinmakaren Marinda Kruger-van Ecks k\u00e4rlek till gamla druvsorter eftersom de garanterar de b\u00e4sta druvorna. Druvorna plockas fr\u00e5n mer \u00e4n 80 \u00e5r gamla vinstockar, och endast traditionella produktionstekniker anv\u00e4nds. Den v\u00e4lrenommerade engelske vinjournalisten Jancis Robertson har listat Percheron bland sina &#8221;b\u00e4sta v\u00e4rdeviner&#8221; och till\u00e4gger att vinet levererar l\u00e5ngt mer \u00e4n vad man kan f\u00f6rv\u00e4nta sig av priset. Detta skapar efterfr\u00e5gan, varf\u00f6r vi endast tilldelas Percheron i begr\u00e4nsade m\u00e4ngder.<\/p>\n<p>Serveringsf\u00f6rslag:<br \/>\nSkaldjur, L\u00e4tt fisk, Sallader<\/p>\n","protected":false},"excerpt":{"rendered":"<p>Western Cape \u2013 South Africa<\/p>\n","protected":false},"featured_media":31242,"template":"","meta":{"_acf_changed":false,"rs_blank_template":"","rs_page_bg_color":"","slide_template_v7":""},"product_brand":[],"product_cat":[2788,2792],"product_tag":[],"class_list":{"0":"post-28016","1":"product","2":"type-product","3":"status-publish","4":"has-post-thumbnail","6":"product_cat-vin-sv","7":"product_cat-vitt-vin","8":"pa_drue-chenic-blanc-sv","9":"pa_drue-viognier-sv","10":"pa_land-sydafrika-sv","11":"pa_procent-12-5-sv","12":"pa_region-western-cape-sv","13":"pa_serveringstemperatur-10-12-sv-2","14":"pa_volume-75-sv","16":"first","17":"instock","18":"taxable","19":"shipping-taxable","20":"purchasable","21":"product-type-simple"},"bundled_by":[],"bundle_stock_status":"instock","bundle_stock_quantity":null,"bundle_virtual":false,"bundle_layout":"","bundle_add_to_cart_form_location":"","bundle_editable_in_cart":false,"bundle_sold_individually_context":"","bundle_item_grouping":"","bundle_min_size":"","bundle_max_size":"","bundle_price":[],"bundled_items":[],"bundle_sell_ids":[],"acf":[],"_links":{"self":[{"href":"https:\/\/www.raschvin.com\/sv\/wp-json\/wp\/v2\/product\/28016","targetHints":{"allow":["GET"]}}],"collection":[{"href":"https:\/\/www.raschvin.com\/sv\/wp-json\/wp\/v2\/product"}],"about":[{"href":"https:\/\/www.raschvin.com\/sv\/wp-json\/wp\/v2\/types\/product"}],"wp:featuredmedia":[{"embeddable":true,"href":"https:\/\/www.raschvin.com\/sv\/wp-json\/wp\/v2\/media\/31242"}],"wp:attachment":[{"href":"https:\/\/www.raschvin.com\/sv\/wp-json\/wp\/v2\/media?parent=28016"}],"wp:term":[{"taxonomy":"product_brand","embeddable":true,"href":"https:\/\/www.raschvin.com\/sv\/wp-json\/wp\/v2\/product_brand?post=28016"},{"taxonomy":"product_cat","embeddable":true,"href":"https:\/\/www.raschvin.com\/sv\/wp-json\/wp\/v2\/product_cat?post=28016"},{"taxonomy":"product_tag","embeddable":true,"href":"https:\/\/www.raschvin.com\/sv\/wp-json\/wp\/v2\/product_tag?post=28016"}],"curies":[{"name":"wp","href":"https:\/\/api.w.org\/{rel}","templated":true}]}}