{"id":27912,"date":"2022-12-09T20:55:41","date_gmt":"2022-12-09T19:55:41","guid":{"rendered":"https:\/\/www.raschvin.com\/produkt\/the-rum-factory-panama-elixir-rum-liqueur-70-cl-34\/"},"modified":"2023-04-07T20:37:40","modified_gmt":"2023-04-07T18:37:40","slug":"the-rum-factory-panama-elixir-rum-liqueur-70-cl-34","status":"publish","type":"product","link":"https:\/\/www.raschvin.com\/sv\/produkt\/the-rum-factory-panama-elixir-rum-liqueur-70-cl-34\/","title":{"rendered":"The Rum Factory &#8211; Panama Elixir Rum-Liqueur 70 cl. 34%"},"content":{"rendered":"<p>Halmgul lik\u00f6r med en relativt elegant, s\u00f6t doft av vanilj, banan och creme brulee. Kr\u00e4mig, n\u00e4stan kr\u00e4mig i munnen med inslag av kola och torkad frukt. De behagliga inslagen forts\u00e4tter i eftersmaken, d\u00e4r fruktiga inslag framtr\u00e4der tillsammans med en touch av florsocker.<\/p>\n<p>Lagrat p\u00e5 amerikanska ekfat i upp till sju \u00e5r. Efter lagring tills\u00e4tts ytterligare socker och torkad frukt.<\/p>\n<p>Om The Rom Factory<br \/>\nThe Rum Factory \u00e4r en oberoende buteljerare vars m\u00e5l \u00e4r att visa v\u00e4rlden ett brett utbud av specialiteter inom romens stora v\u00e4rld. Som ofta \u00e4r fallet i whiskyv\u00e4rlden \u00e4r det en ambition att tillf\u00f6ra en individuell och kreativ stil till varje flaska. F\u00f6r The Rum Factory \u00e4r m\u00e5let inte bara klassiska destillerietappningar. The Rum Factory samarbetar med det tjeckiska Albert Michler-destilleriet f\u00f6r att skapa unika blandningar och fatlagring. The Rum Factorys framtid kommer i framtiden att fokusera p\u00e5 &#8217;kontinental lagring&#8217; av rom, d\u00e4r tanken \u00e4r att leka med de fyra \u00e5rstiderna, en l\u00e4gre &#8217;Angel&#8217;s Share&#8217; och st\u00f6rre klimatskillnader \u00e4n vad som finns i tropikerna.<\/p>\n<p>De olika fattyperna \u00f6ppnar upp f\u00f6r flera m\u00f6jligheter: De kan avrunda en klassisk stil inom rom eller omtolka de olika romomr\u00e5dena. Kodorden \u00e4r nyt\u00e4nkande, d\u00e4r man inte \u00e4r bunden av historien och av att vara bunden till ett enda destilleri. Varje matr\u00e4tt och varje region har sina egna egenskaper. Master Blender p\u00e5 The Rum Factory h\u00e4mtar olika rom fr\u00e5n destillerierna och blandar ung rom med mogen rom f\u00f6r att ge struktur, lite rundhet och en kryddig touch till varje rom. Olika typer av fat anv\u00e4nds, med b\u00e5de \u00e5lder och tr\u00e4slag varierande. M\u00e5let \u00e4r alltid en unik rom med ett mycket varierat spektrum av smaker och aromer.<\/p>\n","protected":false},"excerpt":{"rendered":"<p>Panama Premium Aged Rum-Liqueur<\/p>\n","protected":false},"featured_media":31182,"template":"","meta":{"_acf_changed":false,"rs_blank_template":"","rs_page_bg_color":"","slide_template_v7":""},"product_brand":[],"product_cat":[2387,2391],"product_tag":[],"class_list":{"0":"post-27912","1":"product","2":"type-product","3":"status-publish","4":"has-post-thumbnail","6":"product_cat-avec-sv","7":"product_cat-rom-sv","8":"pa_land-panama-sv","9":"pa_procent-34-sv","10":"pa_producent-the-rum-factory-sv","11":"pa_traefad-american-oak-sv","12":"pa_volume-70-sv-2","14":"first","15":"outofstock","16":"sale","17":"taxable","18":"shipping-taxable","19":"purchasable","20":"product-type-simple"},"bundled_by":[],"bundle_stock_status":"outofstock","bundle_stock_quantity":null,"bundle_virtual":false,"bundle_layout":"","bundle_add_to_cart_form_location":"","bundle_editable_in_cart":false,"bundle_sold_individually_context":"","bundle_item_grouping":"","bundle_min_size":"","bundle_max_size":"","bundle_price":[],"bundled_items":[],"bundle_sell_ids":[],"acf":[],"_links":{"self":[{"href":"https:\/\/www.raschvin.com\/sv\/wp-json\/wp\/v2\/product\/27912","targetHints":{"allow":["GET"]}}],"collection":[{"href":"https:\/\/www.raschvin.com\/sv\/wp-json\/wp\/v2\/product"}],"about":[{"href":"https:\/\/www.raschvin.com\/sv\/wp-json\/wp\/v2\/types\/product"}],"wp:featuredmedia":[{"embeddable":true,"href":"https:\/\/www.raschvin.com\/sv\/wp-json\/wp\/v2\/media\/31182"}],"wp:attachment":[{"href":"https:\/\/www.raschvin.com\/sv\/wp-json\/wp\/v2\/media?parent=27912"}],"wp:term":[{"taxonomy":"product_brand","embeddable":true,"href":"https:\/\/www.raschvin.com\/sv\/wp-json\/wp\/v2\/product_brand?post=27912"},{"taxonomy":"product_cat","embeddable":true,"href":"https:\/\/www.raschvin.com\/sv\/wp-json\/wp\/v2\/product_cat?post=27912"},{"taxonomy":"product_tag","embeddable":true,"href":"https:\/\/www.raschvin.com\/sv\/wp-json\/wp\/v2\/product_tag?post=27912"}],"curies":[{"name":"wp","href":"https:\/\/api.w.org\/{rel}","templated":true}]}}