{"id":27757,"date":"2022-12-09T12:14:32","date_gmt":"2022-12-09T11:14:32","guid":{"rendered":"https:\/\/www.raschvin.com\/produkt\/espero-coffee-rum-70-cl-40\/"},"modified":"2023-03-22T08:29:47","modified_gmt":"2023-03-22T07:29:47","slug":"espero-coffee-rum-70-cl-40","status":"publish","type":"product","link":"https:\/\/www.raschvin.com\/sv\/produkt\/espero-coffee-rum-70-cl-40\/","title":{"rendered":"Espero &#8211; Coffee &#038; Rum 70 cl. 40%"},"content":{"rendered":"<p>Tillverkad av h\u00f6gsta kvalitet, lokalt rostade, nicaraguanska kaffeb\u00f6nor. Madagaskar Bourbon Vaniljb\u00f6nor. Ren sockerrik kaffe- och romsmak fr\u00e5n b\u00f6rjan till slut.<\/p>\n<p>Allt b\u00f6rjar med de finaste nicaraguanska kaffeb\u00f6norna fr\u00e5n Matagalpa-omr\u00e5det, lokalt rostade till uts\u00f6kt perfektion. Premiumkaffeb\u00f6norna handmals sedan med exotiska vaniljb\u00f6nor fr\u00e5n Dominikanska republiken och kallbryggs sedan f\u00f6r att extrahera den mjuka intensiva kaffesmaken och naturliga s\u00f6tman samtidigt som den beska som varmbryggning kan ge bort utel\u00e4mnas.<\/p>\n<p>Det l\u00e4ckra kallbryggda kaffet och 7-\u00e5rig dominikansk rom i varje liten sats av v\u00e5r handgjorda Espero kaffelik\u00f6r \u00e4r s\u00e5 naturligt s\u00f6ta att vi bara beh\u00f6ver tills\u00e4tta en touch av rent r\u00f6rsocker. Som ett resultat av v\u00e5r utm\u00e4rkta kaffelik\u00f6r baserad p\u00e5 lagrad rom. Smaken \u00e4r mer robust naturlig kaffesmak och den perfekta touchen av vaniljs\u00f6tma och den lagrade rommen.<\/p>\n","protected":false},"excerpt":{"rendered":"<p>Coffee Rum-Based Liqueur<\/p>\n","protected":false},"featured_media":31016,"template":"","meta":{"_acf_changed":false,"rs_blank_template":"","rs_page_bg_color":"","slide_template_v7":""},"product_brand":[],"product_cat":[2387,2391,4639],"product_tag":[],"class_list":{"0":"post-27757","1":"product","2":"type-product","3":"status-publish","4":"has-post-thumbnail","6":"product_cat-avec-sv","7":"product_cat-rom-sv","8":"product_cat-romliqueur-sv","9":"pa_land-dominikanska-republiken","10":"pa_procent-40-sv-2","11":"pa_volume-70-sv-2","13":"first","14":"instock","15":"sale","16":"taxable","17":"shipping-taxable","18":"purchasable","19":"product-type-simple"},"bundled_by":[],"bundle_stock_status":"instock","bundle_stock_quantity":null,"bundle_virtual":false,"bundle_layout":"","bundle_add_to_cart_form_location":"","bundle_editable_in_cart":false,"bundle_sold_individually_context":"","bundle_item_grouping":"","bundle_min_size":"","bundle_max_size":"","bundle_price":[],"bundled_items":[],"bundle_sell_ids":[],"acf":[],"_links":{"self":[{"href":"https:\/\/www.raschvin.com\/sv\/wp-json\/wp\/v2\/product\/27757","targetHints":{"allow":["GET"]}}],"collection":[{"href":"https:\/\/www.raschvin.com\/sv\/wp-json\/wp\/v2\/product"}],"about":[{"href":"https:\/\/www.raschvin.com\/sv\/wp-json\/wp\/v2\/types\/product"}],"wp:featuredmedia":[{"embeddable":true,"href":"https:\/\/www.raschvin.com\/sv\/wp-json\/wp\/v2\/media\/31016"}],"wp:attachment":[{"href":"https:\/\/www.raschvin.com\/sv\/wp-json\/wp\/v2\/media?parent=27757"}],"wp:term":[{"taxonomy":"product_brand","embeddable":true,"href":"https:\/\/www.raschvin.com\/sv\/wp-json\/wp\/v2\/product_brand?post=27757"},{"taxonomy":"product_cat","embeddable":true,"href":"https:\/\/www.raschvin.com\/sv\/wp-json\/wp\/v2\/product_cat?post=27757"},{"taxonomy":"product_tag","embeddable":true,"href":"https:\/\/www.raschvin.com\/sv\/wp-json\/wp\/v2\/product_tag?post=27757"}],"curies":[{"name":"wp","href":"https:\/\/api.w.org\/{rel}","templated":true}]}}