{"id":27664,"date":"2022-12-08T09:21:17","date_gmt":"2022-12-08T08:21:17","guid":{"rendered":"https:\/\/www.raschvin.com\/produkt\/macallan-25-years-sherry-oak-2022-70-cl-43\/"},"modified":"2023-03-29T08:38:09","modified_gmt":"2023-03-29T06:38:09","slug":"macallan-25-years-sherry-oak-2022-70-cl-43","status":"publish","type":"product","link":"https:\/\/www.raschvin.com\/sv\/produkt\/macallan-25-years-sherry-oak-2022-70-cl-43\/","title":{"rendered":"Macallan &#8211; 25 Years Sherry Oak 2022 70 cl. 43%"},"content":{"rendered":"<p>Den \u00e5rliga releasen av The Macallan&#8217;s 25 Year Old Sherry Oak \u00e4r h\u00e4r! Som alltid har whiskyn mognats sakkunnigt i ett urval av handplockade, sherrykorsade Jerez ekfat, och med sina komplexa, s\u00f6ta lager av kanderad frukt och n\u00f6taktig krydda kommer 2022 \u00e5rs utg\u00e5va s\u00e4kerligen att bli lika popul\u00e4r som n\u00e5gonsin.<\/p>\n<p>N\u00e4sa: Citrus, balanserad med kanel, sherry och tr\u00e4r\u00f6k.<\/p>\n<p>Smak: Fyllig och rik, med torkad frukt och en antydan av tr\u00e4r\u00f6k.<\/p>\n<p>Eftersmak: L\u00e5ng, med torkad frukt, tr\u00e4r\u00f6k och krydda.<\/p>\n","protected":false},"excerpt":{"rendered":"<p>Highland Single Malt Scotch Whisky<\/p>\n","protected":false},"featured_media":30902,"template":"","meta":{"_acf_changed":false,"rs_blank_template":"","rs_page_bg_color":"","slide_template_v7":""},"product_brand":[],"product_cat":[2387,4651,2392],"product_tag":[],"class_list":{"0":"post-27664","1":"product","2":"type-product","3":"status-publish","4":"has-post-thumbnail","6":"product_cat-avec-sv","7":"product_cat-single-malt-sv","8":"product_cat-whisky-sv","9":"pa_land-skottland","10":"pa_procent-43-sv","11":"pa_producent-macallan-sv","12":"pa_region-speyside-sv","13":"pa_traefad-sherry-sv","14":"pa_vintage-2022-sv","15":"pa_volume-70-sv-2","17":"first","18":"instock","19":"taxable","20":"shipping-taxable","21":"purchasable","22":"product-type-simple"},"bundled_by":[],"bundle_stock_status":"instock","bundle_stock_quantity":1,"bundle_virtual":false,"bundle_layout":"","bundle_add_to_cart_form_location":"","bundle_editable_in_cart":false,"bundle_sold_individually_context":"","bundle_item_grouping":"","bundle_min_size":"","bundle_max_size":"","bundle_price":[],"bundled_items":[],"bundle_sell_ids":[],"acf":[],"_links":{"self":[{"href":"https:\/\/www.raschvin.com\/sv\/wp-json\/wp\/v2\/product\/27664","targetHints":{"allow":["GET"]}}],"collection":[{"href":"https:\/\/www.raschvin.com\/sv\/wp-json\/wp\/v2\/product"}],"about":[{"href":"https:\/\/www.raschvin.com\/sv\/wp-json\/wp\/v2\/types\/product"}],"wp:featuredmedia":[{"embeddable":true,"href":"https:\/\/www.raschvin.com\/sv\/wp-json\/wp\/v2\/media\/30902"}],"wp:attachment":[{"href":"https:\/\/www.raschvin.com\/sv\/wp-json\/wp\/v2\/media?parent=27664"}],"wp:term":[{"taxonomy":"product_brand","embeddable":true,"href":"https:\/\/www.raschvin.com\/sv\/wp-json\/wp\/v2\/product_brand?post=27664"},{"taxonomy":"product_cat","embeddable":true,"href":"https:\/\/www.raschvin.com\/sv\/wp-json\/wp\/v2\/product_cat?post=27664"},{"taxonomy":"product_tag","embeddable":true,"href":"https:\/\/www.raschvin.com\/sv\/wp-json\/wp\/v2\/product_tag?post=27664"}],"curies":[{"name":"wp","href":"https:\/\/api.w.org\/{rel}","templated":true}]}}