{"id":27661,"date":"2022-12-08T09:09:15","date_gmt":"2022-12-08T08:09:15","guid":{"rendered":"https:\/\/www.raschvin.com\/produkt\/regans-orange-bitters-no-6-15-cl-45\/"},"modified":"2023-04-03T10:18:53","modified_gmt":"2023-04-03T08:18:53","slug":"regans-orange-bitters-no-6-15-cl-45","status":"publish","type":"product","link":"https:\/\/www.raschvin.com\/sv\/produkt\/regans-orange-bitters-no-6-15-cl-45\/","title":{"rendered":"Regan&#8217;s Orange Bitters No.6 15 cl. 45%"},"content":{"rendered":"<p>Letar du efter den perfekta apelsinbittern till din n\u00e4sta cocktail?<br \/>\nH\u00e4r \u00e4r den du b\u00f6r prova.<\/p>\n<p>Regan&#8217;s Orange Bitters No. 6 ger en twist till alla cocktails.<br \/>\nDu kommer att bli f\u00f6rv\u00e5nad \u00f6ver hur stor skillnad bara n\u00e5gra droppar av detta elixir kan l\u00e4gga till din cocktail.<\/p>\n<p>Utvecklad av cocktailexperten Gary Regan, denna apelsinbitra \u00e4r komplex med och gener\u00f6st kryddad med kanel och kryddnejlika.<\/p>\n<p>Den ber\u00f6mda cocktailgurun Gaz Regan b\u00f6rjade utveckla receptet p\u00e5 sina apelsinbitter redan p\u00e5 1990-talet, l\u00e5ngt innan cocktailen n\u00e5dde den popularitet den har idag. Receptet \u00e4r givetvis inspirerat av ett \u00e4ldre recept, och inneh\u00e5ller bland annat apelsinskal, kardemumma, korianderfr\u00f6n, kinabark, gentiana mm. Regan&#8217;s Orange Bitters nr. 6 \u00e4r sj\u00e4lvklart att anv\u00e4nda i klassiska cocktails, som en Martini!<\/p>\n<p>Serveringsf\u00f6rslag: Anv\u00e4nd i mycket sm\u00e5 m\u00e4ngder i cocktails och long drinks.<\/p>\n","protected":false},"excerpt":{"rendered":"<p>Bitter By Buffalo Trace American Whisky Company<\/p>\n","protected":false},"featured_media":30944,"template":"","meta":{"_acf_changed":false,"rs_blank_template":"","rs_page_bg_color":"","slide_template_v7":""},"product_brand":[],"product_cat":[2743,2402,2394,2405],"product_tag":[],"class_list":{"0":"post-27661","1":"product","2":"type-product","3":"status-publish","4":"has-post-thumbnail","6":"product_cat-brannvin-sv","7":"product_cat-sprit-sv","8":"product_cat-bitter-sv","9":"product_cat-mixers-sv","10":"pa_land-usa-sv","11":"pa_procent-45-sv","12":"pa_producent-buffalo-trace-american-whisky-sv","13":"pa_volume-15-sv","15":"first","16":"outofstock","17":"taxable","18":"shipping-taxable","19":"purchasable","20":"product-type-simple"},"bundled_by":[],"bundle_stock_status":"outofstock","bundle_stock_quantity":null,"bundle_virtual":false,"bundle_layout":"","bundle_add_to_cart_form_location":"","bundle_editable_in_cart":false,"bundle_sold_individually_context":"","bundle_item_grouping":"","bundle_min_size":"","bundle_max_size":"","bundle_price":[],"bundled_items":[],"bundle_sell_ids":[],"acf":[],"_links":{"self":[{"href":"https:\/\/www.raschvin.com\/sv\/wp-json\/wp\/v2\/product\/27661","targetHints":{"allow":["GET"]}}],"collection":[{"href":"https:\/\/www.raschvin.com\/sv\/wp-json\/wp\/v2\/product"}],"about":[{"href":"https:\/\/www.raschvin.com\/sv\/wp-json\/wp\/v2\/types\/product"}],"wp:featuredmedia":[{"embeddable":true,"href":"https:\/\/www.raschvin.com\/sv\/wp-json\/wp\/v2\/media\/30944"}],"wp:attachment":[{"href":"https:\/\/www.raschvin.com\/sv\/wp-json\/wp\/v2\/media?parent=27661"}],"wp:term":[{"taxonomy":"product_brand","embeddable":true,"href":"https:\/\/www.raschvin.com\/sv\/wp-json\/wp\/v2\/product_brand?post=27661"},{"taxonomy":"product_cat","embeddable":true,"href":"https:\/\/www.raschvin.com\/sv\/wp-json\/wp\/v2\/product_cat?post=27661"},{"taxonomy":"product_tag","embeddable":true,"href":"https:\/\/www.raschvin.com\/sv\/wp-json\/wp\/v2\/product_tag?post=27661"}],"curies":[{"name":"wp","href":"https:\/\/api.w.org\/{rel}","templated":true}]}}