{"id":27650,"date":"2022-12-08T08:23:25","date_gmt":"2022-12-08T07:23:25","guid":{"rendered":"https:\/\/www.raschvin.com\/produkt\/amaro-lucano-essenza-riserva-70-cl-34\/"},"modified":"2023-03-11T09:19:24","modified_gmt":"2023-03-11T08:19:24","slug":"amaro-lucano-essenza-riserva-70-cl-34","status":"publish","type":"product","link":"https:\/\/www.raschvin.com\/sv\/produkt\/amaro-lucano-essenza-riserva-70-cl-34\/","title":{"rendered":"Amaro Lucano Essenza Riserva 70 cl. 34%"},"content":{"rendered":"<p>V\u00e5r Amaro Lucano Anniversario blir en reserv genom att g\u00f6ra en resa till essensen av smak och njutning: den lagras i tolv m\u00e5nader p\u00e5 barriquer som tidigare hyste en underbar grappa, f\u00f6r att ge liv \u00e5t n\u00e5got unikt. AMARO LUCANO ESSENZA, p\u00e5 n\u00e4san, omfamnar dig med den varma kraften som k\u00e4nnetecknar v\u00e5r 34-graders Amaro, i gommen genljuder den av omslutande toner av choklad, torra bakverk och kanderade frukter innan den berusas av den omissk\u00e4nnliga \u00f6rtbuketten, som \u00e4r typiskt f\u00f6r v\u00e5r Bitter.<\/p>\n<p>Amaro Lucano s\u00e5g ljuset f\u00f6r f\u00f6rsta g\u00e5ngen 1894, n\u00e4r Pasquale Vena hittade den r\u00e4tta kombinationen av mer \u00e4n 30 olika \u00f6rter i bakrummet i stadens kakbageri. Allt eftersom tiden gick blev den bitters\u00f6ta \u00f6rtlik\u00f6ren mer och mer popul\u00e4r och p\u00e5 1950-talet \u00f6kade produktionen f\u00f6r att h\u00e4nga med efterfr\u00e5gan. Varum\u00e4rket \u00e4r fortfarande familje\u00e4gt \u2013 idag 4:e generationen \u2013 och lik\u00f6ren g\u00f6rs fortfarande efter det hemliga receptet fr\u00e5n det lilla bageriet i Pisticci. Lucano tillverkar f\u00f6rutom amari \u00e4ven sambucca, kaffelik\u00f6r och limoncello.<\/p>\n","protected":false},"excerpt":{"rendered":"<p>Italiano Apertivo<\/p>\n","protected":false},"featured_media":30932,"template":"","meta":{"_acf_changed":false,"rs_blank_template":"","rs_page_bg_color":"","slide_template_v7":""},"product_brand":[],"product_cat":[2394,2743],"product_tag":[],"class_list":{"0":"post-27650","1":"product","2":"type-product","3":"status-publish","4":"has-post-thumbnail","6":"product_cat-bitter-sv","7":"product_cat-brannvin-sv","8":"pa_land-italien-sv","9":"pa_procent-34-sv","10":"pa_producent-lucano-sv","11":"pa_volume-70-sv-2","13":"first","14":"instock","15":"taxable","16":"shipping-taxable","17":"purchasable","18":"product-type-simple"},"bundled_by":[],"bundle_stock_status":"instock","bundle_stock_quantity":null,"bundle_virtual":false,"bundle_layout":"","bundle_add_to_cart_form_location":"","bundle_editable_in_cart":false,"bundle_sold_individually_context":"","bundle_item_grouping":"","bundle_min_size":"","bundle_max_size":"","bundle_price":[],"bundled_items":[],"bundle_sell_ids":[],"acf":[],"_links":{"self":[{"href":"https:\/\/www.raschvin.com\/sv\/wp-json\/wp\/v2\/product\/27650","targetHints":{"allow":["GET"]}}],"collection":[{"href":"https:\/\/www.raschvin.com\/sv\/wp-json\/wp\/v2\/product"}],"about":[{"href":"https:\/\/www.raschvin.com\/sv\/wp-json\/wp\/v2\/types\/product"}],"wp:featuredmedia":[{"embeddable":true,"href":"https:\/\/www.raschvin.com\/sv\/wp-json\/wp\/v2\/media\/30932"}],"wp:attachment":[{"href":"https:\/\/www.raschvin.com\/sv\/wp-json\/wp\/v2\/media?parent=27650"}],"wp:term":[{"taxonomy":"product_brand","embeddable":true,"href":"https:\/\/www.raschvin.com\/sv\/wp-json\/wp\/v2\/product_brand?post=27650"},{"taxonomy":"product_cat","embeddable":true,"href":"https:\/\/www.raschvin.com\/sv\/wp-json\/wp\/v2\/product_cat?post=27650"},{"taxonomy":"product_tag","embeddable":true,"href":"https:\/\/www.raschvin.com\/sv\/wp-json\/wp\/v2\/product_tag?post=27650"}],"curies":[{"name":"wp","href":"https:\/\/api.w.org\/{rel}","templated":true}]}}