{"id":27647,"date":"2022-12-08T08:15:53","date_gmt":"2022-12-08T07:15:53","guid":{"rendered":"https:\/\/www.raschvin.com\/produkt\/amaro-anniversario-lucano-70-cl-34\/"},"modified":"2023-03-11T09:13:32","modified_gmt":"2023-03-11T08:13:32","slug":"amaro-anniversario-lucano-70-cl-34","status":"publish","type":"product","link":"https:\/\/www.raschvin.com\/sv\/produkt\/amaro-anniversario-lucano-70-cl-34\/","title":{"rendered":"Amaro Anniversario Lucano 70 cl. 34%"},"content":{"rendered":"<p>Amaro Anniversario Lucano \u00e4r en italiensk bitterlik\u00f6r skapad 1894. Receptet har inte f\u00f6r\u00e4ndrats mycket, och gudskelov \u2013 f\u00f6r det \u00e4r precis s\u00e5 en amaro ska smaka: behaglig beska, l\u00e4tt s\u00f6tma, m\u00f6rka kryddor och en \u00f6rtfriskhet. Receptet h\u00e5lls som vanligt hemligt, men vi vet att det inneh\u00e5ller mer \u00e4n 30 olika \u00f6rter! Denna speciella jubileumsutg\u00e5va \u00e4r buteljerad till en h\u00f6gre alkoholprocent (34) \u00e4n vanligt, vilket ger ett starkare smakintryck.<\/p>\n<p>F\u00e4rg: M\u00f6rk och t\u00e4t, med en brunaktig nyans i kanten.<br \/>\nDoft: Lakrits, apelsin, salvia och mynta m\u00e4rks i doften.<br \/>\nSmaknoter: Intensiv och rik smak med en fin balans mellan beska och s\u00f6tma, kanske med en liten \u00f6vervikt av s\u00f6tma. Det finns toner av mal\u00f6rt, mynta, apelsinskal och melass.<\/p>\n<p>Serveringsf\u00f6rslag: Kan avnjutas snyggt, \u00f6ver is eller i cocktails.<\/p>\n<p>Amaro Lucano s\u00e5g ljuset f\u00f6r f\u00f6rsta g\u00e5ngen 1894, n\u00e4r Pasquale Vena hittade den r\u00e4tta kombinationen av mer \u00e4n 30 olika \u00f6rter i bakrummet i stadens kakbageri. Allt eftersom tiden gick blev den bitters\u00f6ta \u00f6rtlik\u00f6ren mer och mer popul\u00e4r och p\u00e5 1950-talet \u00f6kade produktionen f\u00f6r att h\u00e4nga med efterfr\u00e5gan. Varum\u00e4rket \u00e4r fortfarande familje\u00e4gt \u2013 idag 4:e generationen \u2013 och lik\u00f6ren g\u00f6rs fortfarande efter det hemliga receptet fr\u00e5n det lilla bageriet i Pisticci. Lucano tillverkar f\u00f6rutom amari \u00e4ven sambucca, kaffelik\u00f6r och limoncello.<\/p>\n","protected":false},"excerpt":{"rendered":"<p>Italiano Apertivo<\/p>\n","protected":false},"featured_media":30938,"template":"","meta":{"_acf_changed":false,"rs_blank_template":"","rs_page_bg_color":"","slide_template_v7":""},"product_brand":[],"product_cat":[2394,2743],"product_tag":[],"class_list":{"0":"post-27647","1":"product","2":"type-product","3":"status-publish","4":"has-post-thumbnail","6":"product_cat-bitter-sv","7":"product_cat-brannvin-sv","8":"pa_land-italien-sv","9":"pa_procent-34-sv","10":"pa_producent-lucano-sv","11":"pa_volume-70-sv-2","13":"first","14":"instock","15":"taxable","16":"shipping-taxable","17":"purchasable","18":"product-type-simple"},"bundled_by":[],"bundle_stock_status":"instock","bundle_stock_quantity":null,"bundle_virtual":false,"bundle_layout":"","bundle_add_to_cart_form_location":"","bundle_editable_in_cart":false,"bundle_sold_individually_context":"","bundle_item_grouping":"","bundle_min_size":"","bundle_max_size":"","bundle_price":[],"bundled_items":[],"bundle_sell_ids":[],"acf":[],"_links":{"self":[{"href":"https:\/\/www.raschvin.com\/sv\/wp-json\/wp\/v2\/product\/27647","targetHints":{"allow":["GET"]}}],"collection":[{"href":"https:\/\/www.raschvin.com\/sv\/wp-json\/wp\/v2\/product"}],"about":[{"href":"https:\/\/www.raschvin.com\/sv\/wp-json\/wp\/v2\/types\/product"}],"wp:featuredmedia":[{"embeddable":true,"href":"https:\/\/www.raschvin.com\/sv\/wp-json\/wp\/v2\/media\/30938"}],"wp:attachment":[{"href":"https:\/\/www.raschvin.com\/sv\/wp-json\/wp\/v2\/media?parent=27647"}],"wp:term":[{"taxonomy":"product_brand","embeddable":true,"href":"https:\/\/www.raschvin.com\/sv\/wp-json\/wp\/v2\/product_brand?post=27647"},{"taxonomy":"product_cat","embeddable":true,"href":"https:\/\/www.raschvin.com\/sv\/wp-json\/wp\/v2\/product_cat?post=27647"},{"taxonomy":"product_tag","embeddable":true,"href":"https:\/\/www.raschvin.com\/sv\/wp-json\/wp\/v2\/product_tag?post=27647"}],"curies":[{"name":"wp","href":"https:\/\/api.w.org\/{rel}","templated":true}]}}