{"id":27603,"date":"2022-12-07T20:41:07","date_gmt":"2022-12-07T19:41:07","guid":{"rendered":"https:\/\/www.raschvin.com\/produkt\/stroh-rum-50-cl-80\/"},"modified":"2023-04-06T08:01:47","modified_gmt":"2023-04-06T06:01:47","slug":"stroh-rum-50-cl-80","status":"publish","type":"product","link":"https:\/\/www.raschvin.com\/sv\/produkt\/stroh-rum-50-cl-80\/","title":{"rendered":"Stroh Rum 50 cl. 80%"},"content":{"rendered":"<p>Stroh Original Rum har en underbar doft av l\u00e4tt kola, vanilj, blommor, \u00f6rter, tropiska frukter och kryddor. Den unika smaken har h\u00e4rliga, parfymerade toner av root beer, kryddor och sm\u00f6riga nyanser, f\u00f6ljt av en varm, l\u00e5ng eftersmak.<br \/>\nStroh Original \u00e4r den idealiska rommen i den varma drycken som tr\u00f6tta skid\u00e5kare beh\u00f6ver n\u00e4r de kommer hem till hotellet efter en l\u00e5ng dag i sn\u00f6n. Ocks\u00e5 idealisk mixer f\u00f6r en romtoddy f\u00f6r en rostig hals eller en stigande f\u00f6rkylning.<br \/>\nDrycksf\u00f6rslagen \u00e4r m\u00e5nga: i te, i kaffe, med vispgr\u00e4dde eller naturell.<\/p>\n","protected":false},"excerpt":{"rendered":"<p>Austria Inl\u00e4nder Rum \u2013 The Spirit of Austria<\/p>\n","protected":false},"featured_media":30874,"template":"","meta":{"_acf_changed":false,"rs_blank_template":"","rs_page_bg_color":"","slide_template_v7":""},"product_brand":[],"product_cat":[2387,2391,4631],"product_tag":[],"class_list":{"0":"post-27603","1":"product","2":"type-product","3":"status-publish","4":"has-post-thumbnail","6":"product_cat-avec-sv","7":"product_cat-rom-sv","8":"product_cat-spiced-sv","9":"pa_land-oesterrike","10":"pa_procent-80-sv","11":"pa_producent-stroh-sv","12":"pa_volume-50-sv","14":"first","15":"instock","16":"taxable","17":"shipping-taxable","18":"purchasable","19":"product-type-simple"},"bundled_by":[],"bundle_stock_status":"instock","bundle_stock_quantity":null,"bundle_virtual":false,"bundle_layout":"","bundle_add_to_cart_form_location":"","bundle_editable_in_cart":false,"bundle_sold_individually_context":"","bundle_item_grouping":"","bundle_min_size":"","bundle_max_size":"","bundle_price":[],"bundled_items":[],"bundle_sell_ids":[],"acf":[],"_links":{"self":[{"href":"https:\/\/www.raschvin.com\/sv\/wp-json\/wp\/v2\/product\/27603","targetHints":{"allow":["GET"]}}],"collection":[{"href":"https:\/\/www.raschvin.com\/sv\/wp-json\/wp\/v2\/product"}],"about":[{"href":"https:\/\/www.raschvin.com\/sv\/wp-json\/wp\/v2\/types\/product"}],"wp:featuredmedia":[{"embeddable":true,"href":"https:\/\/www.raschvin.com\/sv\/wp-json\/wp\/v2\/media\/30874"}],"wp:attachment":[{"href":"https:\/\/www.raschvin.com\/sv\/wp-json\/wp\/v2\/media?parent=27603"}],"wp:term":[{"taxonomy":"product_brand","embeddable":true,"href":"https:\/\/www.raschvin.com\/sv\/wp-json\/wp\/v2\/product_brand?post=27603"},{"taxonomy":"product_cat","embeddable":true,"href":"https:\/\/www.raschvin.com\/sv\/wp-json\/wp\/v2\/product_cat?post=27603"},{"taxonomy":"product_tag","embeddable":true,"href":"https:\/\/www.raschvin.com\/sv\/wp-json\/wp\/v2\/product_tag?post=27603"}],"curies":[{"name":"wp","href":"https:\/\/api.w.org\/{rel}","templated":true}]}}