{"id":27600,"date":"2022-12-07T20:36:12","date_gmt":"2022-12-07T19:36:12","guid":{"rendered":"https:\/\/www.raschvin.com\/produkt\/teeling-whiskey-rising-reserve-no-1-21-years-70-cl-46\/"},"modified":"2026-03-07T12:06:11","modified_gmt":"2026-03-07T11:06:11","slug":"teeling-whiskey-rising-reserve-no-1-21-years-70-cl-46","status":"publish","type":"product","link":"https:\/\/www.raschvin.com\/sv\/produkt\/teeling-whiskey-rising-reserve-no-1-21-years-70-cl-46\/","title":{"rendered":"Teeling Whiskey &#8211; Rising Reserve No.1  21 Years 70 cl. 46%"},"content":{"rendered":"<p>Sedan 1782 har familjen Teeling tillverkat irl\u00e4ndsk whisky och med \u00f6ppnandet av det nya Teeling Whisky Distillery i Dublins Liberties-omr\u00e5de har Teeling-familjen uppn\u00e5tt vad de l\u00e4nge har best\u00e4mt sig f\u00f6r att g\u00f6ra &#8211; Att \u00e5teruppliva traditionen att destillera i Irlands huvudstad. F\u00f6r att fira denna uppg\u00e5ng och n\u00e4sta kapitel i den gyllene eran av irl\u00e4ndsk whisky, \u00e4r Teeling whisky stolta \u00f6ver att presentera den f\u00f6rsta releasen av deras Rising Reserve.<\/p>\n<p>Den h\u00e4r f\u00f6rsta utg\u00e5van forts\u00e4tter med de prisbel\u00f6nta Revival- och Renaissance-serierna av irl\u00e4ndsk whisky och best\u00e5r av handutvalda fat av Teelings allra b\u00e4sta och \u00e4ldsta singelmalt. Rising Reserve No.1 \u00e4r en 21 \u00e5r gammal irl\u00e4ndsk Single Malt som ursprungligen lagrades p\u00e5 ex-bourbonfat och sedan genomgick en andra lagringsperiod p\u00e5 Carcavelos-fat av h\u00f6g kvalitet. Buteljerad med 46 % ABV utan kylfiltrering, denna release \u00e4r begr\u00e4nsad till bara 6000 flaskor!<\/p>\n<p>F\u00e4rg: Blek.<br \/>\nDoft: Gr\u00f6na \u00e4pplen, honung citrus och candyfloss.<br \/>\nSmak: Stuvade frukter med kola, tr\u00e4tanniner och kanelkrydda. L\u00e5ng finish med tr\u00e4iga toner och rik rostad kakao.<\/p>\n<p>Serveringsf\u00f6rslag: B\u00f6r avnjutas snyggt.<\/p>\n<p>Familjen Teeling har tillverkat irl\u00e4ndsk whisky sedan 1782, d\u00e5 Walter Teeling \u00f6ppnade sitt whiskydestilleri p\u00e5 Marrowbone Lane i Dublin. Dublin har traditionellt sett varit hj\u00e4rtat i Irlands whiskyproduktion. Historien om Irlands whiskyproduktion \u00e4r otroligt sp\u00e4nnande och dramatisk och \u00e4r till stor del kopplad till landets relation till England, p\u00e5 gott och ont. Hela 37 destillerier hade r\u00f6k i sina skorstenar i b\u00f6rjan av 1900-talet, men ett efter ett st\u00e4ngde destillerierna och sedan 1976 har ingen whisky destillerats i Dublin \u2013 f\u00f6rr\u00e4n nu! Teeling Whisky Distillery \u00e4r det f\u00f6rsta ny\u00f6ppnade destilleriet i Dublin p\u00e5 \u00f6ver 125 \u00e5r och familjen Teeling ser det som sitt uppdrag att f\u00f6ra tillbaka konsten att destillera till hj\u00e4rtat av Dublin!<\/p>\n<p>Den smakrika whiskyn kommer fr\u00e5n 3 gl\u00e4nsande pot stills, som \u00e4r uppkallade efter Jack Teelings 3 d\u00f6ttrar. 25 % av produktionen \u00e4r till\u00e4gnad whisky av experimentell karakt\u00e4r, vilket g\u00f6r Teeling till ett av de mest sp\u00e4nnande destillerierna att h\u00e5lla ett \u00f6ga p\u00e5 i framtiden.<\/p>\n","protected":false},"excerpt":{"rendered":"<p>Single Malt Irish Whiskey <\/p>\n","protected":false},"featured_media":30888,"template":"","meta":{"_acf_changed":false,"rs_blank_template":"","rs_page_bg_color":"","slide_template_v7":""},"product_brand":[],"product_cat":[2387,4768,4651,2392],"product_tag":[],"class_list":{"0":"post-27600","1":"product","2":"type-product","3":"status-publish","4":"has-post-thumbnail","6":"product_cat-avec-sv","7":"product_cat-irish-whiskey","8":"product_cat-single-malt-sv","9":"product_cat-whisky-sv","10":"pa_land-irland-sv","11":"pa_procent-46-sv","12":"pa_producent-teeling-sv","13":"pa_region-dublin-sv","14":"pa_traefad-bourbon-sv","15":"pa_traefad-carcavelos-sv","16":"pa_volume-70-sv-2","18":"first","19":"instock","20":"taxable","21":"shipping-taxable","22":"purchasable","23":"product-type-simple"},"bundled_by":[],"bundle_stock_status":"instock","bundle_stock_quantity":4,"bundle_virtual":false,"bundle_layout":"","bundle_add_to_cart_form_location":"","bundle_editable_in_cart":false,"bundle_sold_individually_context":"","bundle_item_grouping":"","bundle_min_size":"","bundle_max_size":"","bundle_price":[],"bundled_items":[],"bundle_sell_ids":[],"acf":[],"_links":{"self":[{"href":"https:\/\/www.raschvin.com\/sv\/wp-json\/wp\/v2\/product\/27600","targetHints":{"allow":["GET"]}}],"collection":[{"href":"https:\/\/www.raschvin.com\/sv\/wp-json\/wp\/v2\/product"}],"about":[{"href":"https:\/\/www.raschvin.com\/sv\/wp-json\/wp\/v2\/types\/product"}],"wp:featuredmedia":[{"embeddable":true,"href":"https:\/\/www.raschvin.com\/sv\/wp-json\/wp\/v2\/media\/30888"}],"wp:attachment":[{"href":"https:\/\/www.raschvin.com\/sv\/wp-json\/wp\/v2\/media?parent=27600"}],"wp:term":[{"taxonomy":"product_brand","embeddable":true,"href":"https:\/\/www.raschvin.com\/sv\/wp-json\/wp\/v2\/product_brand?post=27600"},{"taxonomy":"product_cat","embeddable":true,"href":"https:\/\/www.raschvin.com\/sv\/wp-json\/wp\/v2\/product_cat?post=27600"},{"taxonomy":"product_tag","embeddable":true,"href":"https:\/\/www.raschvin.com\/sv\/wp-json\/wp\/v2\/product_tag?post=27600"}],"curies":[{"name":"wp","href":"https:\/\/api.w.org\/{rel}","templated":true}]}}