{"id":27597,"date":"2022-12-07T20:27:52","date_gmt":"2022-12-07T19:27:52","guid":{"rendered":"https:\/\/www.raschvin.com\/produkt\/tarquins-cornish-pastis-70-cl-42\/"},"modified":"2023-04-06T08:40:32","modified_gmt":"2023-04-06T06:40:32","slug":"tarquins-cornish-pastis-70-cl-42","status":"publish","type":"product","link":"https:\/\/www.raschvin.com\/sv\/produkt\/tarquins-cornish-pastis-70-cl-42\/","title":{"rendered":"Tarquin&#8217;s Cornish Pastis 70 cl. 42%"},"content":{"rendered":"<p>Tarquin&#8217;s Cornish Pastis \u00e4r en modern (och engelsk) version av den klassiska franska anisspriten. Den destilleras i Cornwall i sm\u00e5 kopparpotstills, med en noggrant utvald blandning av 13 olika v\u00e4xter, inklusive lakritsrot, stj\u00e4rnanis, gr\u00f6n kardemumma, apelsinskal och taggblad. 12 av dessa v\u00e4xter macereras i neutral vetesprit \u00f6ver natten, medan det 13:e, taggbladet, tills\u00e4tts strax f\u00f6re destillering. Efter\u00e5t tills\u00e4tts extra lakritsrot och apelsinskal och flaskorna f\u00f6rsluts med vax.<\/p>\n<p>F\u00e4rg: Kristallklar (tills vatten tills\u00e4tts).<br \/>\nDoft: H\u00e4rlig doft av lakrits, f\u00e4nk\u00e5l och apelsinskal.<br \/>\nSmaknoter: Stor och rik p\u00e5 smak, med \u00f6rtiga toner av kardemumma och f\u00e4nk\u00e5l, citrus och stj\u00e4rnanis.<\/p>\n<p>Serveringsf\u00f6rslag: Prova i en Pastis Mauresque:<\/p>\n<p>5 cl Tarquin&#8217;s Cornish Pastis<br \/>\n1,5 cl Orgeat<br \/>\n0,5 cl citronsaft<\/p>\n<p>Skaka och servera i ett l\u00e5gbollsglas med is och en twist av apelsinskal.<\/p>\n","protected":false},"excerpt":{"rendered":"<p>Handcrafted Cornish Pastis \u2013 Created On The Wild Cornish Coast<\/p>\n","protected":false},"featured_media":30884,"template":"","meta":{"_acf_changed":false,"rs_blank_template":"","rs_page_bg_color":"","slide_template_v7":""},"product_brand":[],"product_cat":[2402,2406],"product_tag":[],"class_list":{"0":"post-27597","1":"product","2":"type-product","3":"status-publish","4":"has-post-thumbnail","6":"product_cat-sprit-sv","7":"product_cat-ouzo-raki-pastis-sv","8":"pa_land-england-sv","9":"pa_procent-42-sv","10":"pa_producent-tarquins-sv","11":"pa_volume-70-sv-2","13":"first","14":"instock","15":"sale","16":"taxable","17":"shipping-taxable","18":"purchasable","19":"product-type-simple"},"bundled_by":[],"bundle_stock_status":"instock","bundle_stock_quantity":null,"bundle_virtual":false,"bundle_layout":"","bundle_add_to_cart_form_location":"","bundle_editable_in_cart":false,"bundle_sold_individually_context":"","bundle_item_grouping":"","bundle_min_size":"","bundle_max_size":"","bundle_price":[],"bundled_items":[],"bundle_sell_ids":[],"acf":[],"_links":{"self":[{"href":"https:\/\/www.raschvin.com\/sv\/wp-json\/wp\/v2\/product\/27597","targetHints":{"allow":["GET"]}}],"collection":[{"href":"https:\/\/www.raschvin.com\/sv\/wp-json\/wp\/v2\/product"}],"about":[{"href":"https:\/\/www.raschvin.com\/sv\/wp-json\/wp\/v2\/types\/product"}],"wp:featuredmedia":[{"embeddable":true,"href":"https:\/\/www.raschvin.com\/sv\/wp-json\/wp\/v2\/media\/30884"}],"wp:attachment":[{"href":"https:\/\/www.raschvin.com\/sv\/wp-json\/wp\/v2\/media?parent=27597"}],"wp:term":[{"taxonomy":"product_brand","embeddable":true,"href":"https:\/\/www.raschvin.com\/sv\/wp-json\/wp\/v2\/product_brand?post=27597"},{"taxonomy":"product_cat","embeddable":true,"href":"https:\/\/www.raschvin.com\/sv\/wp-json\/wp\/v2\/product_cat?post=27597"},{"taxonomy":"product_tag","embeddable":true,"href":"https:\/\/www.raschvin.com\/sv\/wp-json\/wp\/v2\/product_tag?post=27597"}],"curies":[{"name":"wp","href":"https:\/\/api.w.org\/{rel}","templated":true}]}}