{"id":27594,"date":"2022-12-07T20:21:15","date_gmt":"2022-12-07T19:21:15","guid":{"rendered":"https:\/\/www.raschvin.com\/produkt\/tarquins-figgy-pudding-gin-70-cl-42\/"},"modified":"2023-04-06T08:42:41","modified_gmt":"2023-04-06T06:42:41","slug":"tarquins-figgy-pudding-gin-70-cl-42","status":"publish","type":"product","link":"https:\/\/www.raschvin.com\/sv\/produkt\/tarquins-figgy-pudding-gin-70-cl-42\/","title":{"rendered":"Tarquin&#8217;s Figgy Pudding Gin 70 cl. 42%"},"content":{"rendered":"<p>En begr\u00e4nsad upplaga s\u00e4songsbetonad gin fr\u00e5n Tarquin&#8217;s! Figgy Pudding Gin tar en bas av sin ursprungliga Cornish Dry Gin och har sedan en hel m\u00e4ngd torkade fikon, f\u00e4rskt clementinzest, s\u00e4songsbetonad krydda och konjak-indr\u00e4nkta k\u00f6rsb\u00e4rstr\u00e4flis tillsatt. Efter destillering tillsattes en skv\u00e4tt Pedro Xim\u00e9nez sherry, vilket \u00e4r varifr\u00e5n f\u00e4rgen kommer. Denna v\u00e4rmande gin kommer att g\u00f6ra underverk i en festlig Negroni.<\/p>\n<p>Massor av aromatiska kryddor, med s\u00f6ta fikon som balanseras av pinjetoner fr\u00e5n enb\u00e4ret. Mer klibbig torkad frukt och sammetslen sherry-inflytande dr\u00f6jer sig kvar tillsammans med kanderad apelsincitrus.<\/p>\n","protected":false},"excerpt":{"rendered":"<p>Handcrafted Cornish Dry Gin \u2013 Created On The Wild Cornish Coast<\/p>\n","protected":false},"featured_media":30878,"template":"","meta":{"_acf_changed":false,"rs_blank_template":"","rs_page_bg_color":"","slide_template_v7":""},"product_brand":[],"product_cat":[4700,2404,2402],"product_tag":[],"class_list":{"0":"post-27594","1":"product","2":"type-product","3":"status-publish","4":"has-post-thumbnail","6":"product_cat-flavoured-gin-sv","7":"product_cat-gin-sv","8":"product_cat-sprit-sv","9":"pa_land-england-sv","10":"pa_procent-42-sv","11":"pa_producent-tarquins-sv","12":"pa_volume-70-sv-2","14":"first","15":"instock","16":"sale","17":"taxable","18":"shipping-taxable","19":"purchasable","20":"product-type-simple"},"bundled_by":[],"bundle_stock_status":"instock","bundle_stock_quantity":null,"bundle_virtual":false,"bundle_layout":"","bundle_add_to_cart_form_location":"","bundle_editable_in_cart":false,"bundle_sold_individually_context":"","bundle_item_grouping":"","bundle_min_size":"","bundle_max_size":"","bundle_price":[],"bundled_items":[],"bundle_sell_ids":[],"acf":[],"_links":{"self":[{"href":"https:\/\/www.raschvin.com\/sv\/wp-json\/wp\/v2\/product\/27594","targetHints":{"allow":["GET"]}}],"collection":[{"href":"https:\/\/www.raschvin.com\/sv\/wp-json\/wp\/v2\/product"}],"about":[{"href":"https:\/\/www.raschvin.com\/sv\/wp-json\/wp\/v2\/types\/product"}],"wp:featuredmedia":[{"embeddable":true,"href":"https:\/\/www.raschvin.com\/sv\/wp-json\/wp\/v2\/media\/30878"}],"wp:attachment":[{"href":"https:\/\/www.raschvin.com\/sv\/wp-json\/wp\/v2\/media?parent=27594"}],"wp:term":[{"taxonomy":"product_brand","embeddable":true,"href":"https:\/\/www.raschvin.com\/sv\/wp-json\/wp\/v2\/product_brand?post=27594"},{"taxonomy":"product_cat","embeddable":true,"href":"https:\/\/www.raschvin.com\/sv\/wp-json\/wp\/v2\/product_cat?post=27594"},{"taxonomy":"product_tag","embeddable":true,"href":"https:\/\/www.raschvin.com\/sv\/wp-json\/wp\/v2\/product_tag?post=27594"}],"curies":[{"name":"wp","href":"https:\/\/api.w.org\/{rel}","templated":true}]}}