{"id":27591,"date":"2022-12-07T20:17:45","date_gmt":"2022-12-07T19:17:45","guid":{"rendered":"https:\/\/www.raschvin.com\/produkt\/tarquins-the-seadog-navy-gin-70-cl-57\/"},"modified":"2023-04-06T09:00:45","modified_gmt":"2023-04-06T07:00:45","slug":"tarquins-the-seadog-navy-gin-70-cl-57","status":"publish","type":"product","link":"https:\/\/www.raschvin.com\/sv\/produkt\/tarquins-the-seadog-navy-gin-70-cl-57\/","title":{"rendered":"Tarquin&#8217;s The Seadog Navy Gin 70 cl. 57%"},"content":{"rendered":"<p>Tarquins &#8221;The Seadog&#8221; \u00e4r en marinstyrka torr gin fr\u00e5n Cornwall i s\u00f6dra England. Den \u00e4r gjord av 12 utvalda v\u00e4xter, b\u00e5de lokala och de mer exotiska \u2013 eftersom klimatet f\u00f6rmodligen \u00e4r milt i s\u00f6dra England, men kardemumma, kanel och bittermandel m\u00e5ste h\u00e4mtas hem &#8221;utifr\u00e5n&#8221;. Enb\u00e4ren \u00e4r italienska och violer fr\u00e5n Devon ger en delikat, blommig touch till denna fylliga men fr\u00e4scha gin, som buteljeras med den klassiska 57-procentiga alkoholen.<\/p>\n<p>F\u00e4rg: Klar.<br \/>\nDoft: Starka aromer av enb\u00e4r och citrus med lakritsrot och viol i bakgrunden.<br \/>\nSmaknoter: Rik, intensiv \u2013 n\u00e4stan kr\u00e4mig \u2013 smak av enb\u00e4r, citron, grapefrukt, korianderfr\u00f6n och peppar.<\/p>\n<p>Serveringsf\u00f6rslag: Kan avnjutas snyggt, med tonic eller i cocktails.<\/p>\n","protected":false},"excerpt":{"rendered":"<p>Handcrafted Cornish Dry Gin \u2013 Created On The Wild Cornish Coast<\/p>\n","protected":false},"featured_media":30886,"template":"","meta":{"_acf_changed":false,"rs_blank_template":"","rs_page_bg_color":"","slide_template_v7":""},"product_brand":[],"product_cat":[2404,9479,9484],"product_tag":[],"class_list":{"0":"post-27591","1":"product","2":"type-product","3":"status-publish","4":"has-post-thumbnail","6":"product_cat-gin-sv","7":"product_cat-gintyper","8":"product_cat-navy-strength-gin","9":"pa_land-england-sv","10":"pa_procent-57-sv","11":"pa_producent-tarquins-sv","12":"pa_volume-70-sv-2","14":"first","15":"instock","16":"sale","17":"taxable","18":"shipping-taxable","19":"purchasable","20":"product-type-simple"},"bundled_by":[],"bundle_stock_status":"instock","bundle_stock_quantity":null,"bundle_virtual":false,"bundle_layout":"","bundle_add_to_cart_form_location":"","bundle_editable_in_cart":false,"bundle_sold_individually_context":"","bundle_item_grouping":"","bundle_min_size":"","bundle_max_size":"","bundle_price":[],"bundled_items":[],"bundle_sell_ids":[],"acf":[],"_links":{"self":[{"href":"https:\/\/www.raschvin.com\/sv\/wp-json\/wp\/v2\/product\/27591","targetHints":{"allow":["GET"]}}],"collection":[{"href":"https:\/\/www.raschvin.com\/sv\/wp-json\/wp\/v2\/product"}],"about":[{"href":"https:\/\/www.raschvin.com\/sv\/wp-json\/wp\/v2\/types\/product"}],"wp:featuredmedia":[{"embeddable":true,"href":"https:\/\/www.raschvin.com\/sv\/wp-json\/wp\/v2\/media\/30886"}],"wp:attachment":[{"href":"https:\/\/www.raschvin.com\/sv\/wp-json\/wp\/v2\/media?parent=27591"}],"wp:term":[{"taxonomy":"product_brand","embeddable":true,"href":"https:\/\/www.raschvin.com\/sv\/wp-json\/wp\/v2\/product_brand?post=27591"},{"taxonomy":"product_cat","embeddable":true,"href":"https:\/\/www.raschvin.com\/sv\/wp-json\/wp\/v2\/product_cat?post=27591"},{"taxonomy":"product_tag","embeddable":true,"href":"https:\/\/www.raschvin.com\/sv\/wp-json\/wp\/v2\/product_tag?post=27591"}],"curies":[{"name":"wp","href":"https:\/\/api.w.org\/{rel}","templated":true}]}}