{"id":27519,"date":"2022-12-07T11:27:09","date_gmt":"2022-12-07T10:27:09","guid":{"rendered":"https:\/\/www.raschvin.com\/produkt\/raastoff-coffee-liqueur-70-cl-164\/"},"modified":"2024-03-26T13:53:10","modified_gmt":"2024-03-26T12:53:10","slug":"raastoff-coffee-liqueur-70-cl-164","status":"publish","type":"product","link":"https:\/\/www.raschvin.com\/sv\/produkt\/raastoff-coffee-liqueur-70-cl-164\/","title":{"rendered":"R\u00e5stoff Coffee Liqueur 70 cl. 16,4%"},"content":{"rendered":"<p>En l\u00e4cker dansk kaffelik\u00f6r, gjord p\u00e5 Arabica kaffeb\u00f6nor, som ger en rik och intensiv smak. R\u00e5stoff Coffee Liqueur \u00e4r en kaffelik\u00f6r som kan piffa upp alla typer av cocktails och drinkar med sin l\u00e4ckra kaffesmak.<\/p>\n<p>Djup s\u00f6t kaffesmak<br \/>\nR\u00e5stoff Coffee Liqueur \u00e4r baserad p\u00e5 ren vodka och h\u00f6gkvalitativa Arabica-kaffeb\u00f6nor. Den intensiva och rika smaken passar perfekt till de v\u00e4rldsber\u00f6mda, klassiska dryckerna White Russian och Espresso Martini, d\u00e4r den tillf\u00f6r en djup, s\u00f6t kaffesmak till drycken. R\u00e5stoff Kaffelik\u00f6r kan \u00e4ven avnjutas direkt p\u00e5 klipporna eller anv\u00e4ndas till efterr\u00e4tter och som topping p\u00e5 glass och t\u00e5rta.<\/p>\n<p>V\u00e5ra favoritdrinkar med R\u00e5stoff Coffee Liqueur<br \/>\nBlanda och drick<br \/>\nEtt skott \u00e4r inte bara ett skott! L\u00e5ngt d\u00e4rifr\u00e5n \u2013 speciellt n\u00e4r det kommer till r\u00e5varor. De allra flesta av v\u00e5ra sorter g\u00e5r att blanda till helt unika och smakrika drycker.<\/p>\n<p>4 cl. R\u00e5vara Kaffelik\u00f6r<br \/>\n4 cl. Vodka<br \/>\n4 cl. Espresso<br \/>\nHUR MAN BLANDAR DRYCKEN<\/p>\n<p>Skaka alla ingredienser med is och sila sedan upp i ett cocktailglas. Garnera med n\u00e5gra kaffeb\u00f6nor.<\/p>\n","protected":false},"excerpt":{"rendered":"<p>Danish Vodka Coffee Liqueur<\/p>\n","protected":false},"featured_media":81774,"template":"","meta":{"_acf_changed":false,"rs_blank_template":"","rs_page_bg_color":"","slide_template_v7":""},"product_brand":[],"product_cat":[2387,4684,2407,2390,2402],"product_tag":[],"class_list":{"0":"post-27519","1":"product","2":"type-product","3":"status-publish","4":"has-post-thumbnail","6":"product_cat-avec-sv","7":"product_cat-kaffelikor","8":"product_cat-shots-sv","9":"product_cat-sprit","10":"product_cat-sprit-sv","11":"pa_land-danmark-sv","12":"pa_procent-16-4-sv","13":"pa_producent-spritfabrikken-danmark-sv","14":"pa_volume-70-sv-2","16":"first","17":"instock","18":"taxable","19":"shipping-taxable","20":"purchasable","21":"product-type-simple"},"bundled_by":[],"bundle_stock_status":"instock","bundle_stock_quantity":null,"bundle_virtual":false,"bundle_layout":"","bundle_add_to_cart_form_location":"","bundle_editable_in_cart":false,"bundle_sold_individually_context":"","bundle_item_grouping":"","bundle_min_size":"","bundle_max_size":"","bundle_price":[],"bundled_items":[],"bundle_sell_ids":[],"acf":[],"_links":{"self":[{"href":"https:\/\/www.raschvin.com\/sv\/wp-json\/wp\/v2\/product\/27519","targetHints":{"allow":["GET"]}}],"collection":[{"href":"https:\/\/www.raschvin.com\/sv\/wp-json\/wp\/v2\/product"}],"about":[{"href":"https:\/\/www.raschvin.com\/sv\/wp-json\/wp\/v2\/types\/product"}],"wp:featuredmedia":[{"embeddable":true,"href":"https:\/\/www.raschvin.com\/sv\/wp-json\/wp\/v2\/media\/81774"}],"wp:attachment":[{"href":"https:\/\/www.raschvin.com\/sv\/wp-json\/wp\/v2\/media?parent=27519"}],"wp:term":[{"taxonomy":"product_brand","embeddable":true,"href":"https:\/\/www.raschvin.com\/sv\/wp-json\/wp\/v2\/product_brand?post=27519"},{"taxonomy":"product_cat","embeddable":true,"href":"https:\/\/www.raschvin.com\/sv\/wp-json\/wp\/v2\/product_cat?post=27519"},{"taxonomy":"product_tag","embeddable":true,"href":"https:\/\/www.raschvin.com\/sv\/wp-json\/wp\/v2\/product_tag?post=27519"}],"curies":[{"name":"wp","href":"https:\/\/api.w.org\/{rel}","templated":true}]}}