{"id":27515,"date":"2022-12-07T11:10:54","date_gmt":"2022-12-07T10:10:54","guid":{"rendered":"https:\/\/www.raschvin.com\/produkt\/raastoff-raw-liquorice-black-edition-70-cl-164\/"},"modified":"2023-04-03T10:01:34","modified_gmt":"2023-04-03T08:01:34","slug":"raastoff-raw-liquorice-black-edition-70-cl-164","status":"publish","type":"product","link":"https:\/\/www.raschvin.com\/sv\/produkt\/raastoff-raw-liquorice-black-edition-70-cl-164\/","title":{"rendered":"R\u00e5stoff Raw Liquorice Black Edition 70 cl. 16,4%"},"content":{"rendered":"<p>R\u00c5STOFF RAW LIQUORICE &#8211; BLACK EDITION<\/p>\n<p>\u00c4r en vidareutveckling av R\u00e5stoff Raw Lakrits med lite starkare smak av salmiak och en \u00e4nnu rikare och fylligare smak av lakrits.<br \/>\nR\u00e5stoff Raw Liquorice Black Edition \u00e4r gjord med en 100% ren flytande lakrits som \u00e4r l\u00e5ngsamkokt &#8211; vilket ger en s\u00e4rskilt intensiv smak av lakrits.<br \/>\nDet blir fina rester av lakritsrot i produkten, d\u00e5 den \u00e4r ofiltrerad f\u00f6r att ge s\u00e5 mycket smak som m\u00f6jligt.<\/p>\n","protected":false},"excerpt":{"rendered":"<p>Danish Licorice Vodka Liqueur<\/p>\n","protected":false},"featured_media":30822,"template":"","meta":{"_acf_changed":false,"rs_blank_template":"","rs_page_bg_color":"","slide_template_v7":""},"product_brand":[],"product_cat":[2387,4666,2407,2390,2402],"product_tag":[],"class_list":{"0":"post-27515","1":"product","2":"type-product","3":"status-publish","4":"has-post-thumbnail","6":"product_cat-avec-sv","7":"product_cat-lakrits-sprit","8":"product_cat-shots-sv","9":"product_cat-sprit","10":"product_cat-sprit-sv","11":"pa_land-danmark-sv","12":"pa_procent-16-4-sv","13":"pa_producent-spritfabrikken-danmark-sv","14":"pa_volume-70-sv-2","16":"first","17":"instock","18":"taxable","19":"shipping-taxable","20":"purchasable","21":"product-type-simple"},"bundled_by":[],"bundle_stock_status":"instock","bundle_stock_quantity":null,"bundle_virtual":false,"bundle_layout":"","bundle_add_to_cart_form_location":"","bundle_editable_in_cart":false,"bundle_sold_individually_context":"","bundle_item_grouping":"","bundle_min_size":"","bundle_max_size":"","bundle_price":[],"bundled_items":[],"bundle_sell_ids":[],"acf":[],"_links":{"self":[{"href":"https:\/\/www.raschvin.com\/sv\/wp-json\/wp\/v2\/product\/27515","targetHints":{"allow":["GET"]}}],"collection":[{"href":"https:\/\/www.raschvin.com\/sv\/wp-json\/wp\/v2\/product"}],"about":[{"href":"https:\/\/www.raschvin.com\/sv\/wp-json\/wp\/v2\/types\/product"}],"wp:featuredmedia":[{"embeddable":true,"href":"https:\/\/www.raschvin.com\/sv\/wp-json\/wp\/v2\/media\/30822"}],"wp:attachment":[{"href":"https:\/\/www.raschvin.com\/sv\/wp-json\/wp\/v2\/media?parent=27515"}],"wp:term":[{"taxonomy":"product_brand","embeddable":true,"href":"https:\/\/www.raschvin.com\/sv\/wp-json\/wp\/v2\/product_brand?post=27515"},{"taxonomy":"product_cat","embeddable":true,"href":"https:\/\/www.raschvin.com\/sv\/wp-json\/wp\/v2\/product_cat?post=27515"},{"taxonomy":"product_tag","embeddable":true,"href":"https:\/\/www.raschvin.com\/sv\/wp-json\/wp\/v2\/product_tag?post=27515"}],"curies":[{"name":"wp","href":"https:\/\/api.w.org\/{rel}","templated":true}]}}